{"id":12027,"date":"2021-06-01T13:04:51","date_gmt":"2021-06-01T11:04:51","guid":{"rendered":"https:\/\/boring-dhawan.137-117-168-183.plesk.page\/gaurkotasuna\/eleizbarrutiko-irratiak\/"},"modified":"2022-05-04T12:45:27","modified_gmt":"2022-05-04T10:45:27","slug":"eleizbarrutiko-irratiak","status":"publish","type":"page","link":"https:\/\/bizkeliza.org\/eu\/gaurkotasuna\/eleizbarrutiko-irratiak\/","title":{"rendered":"Eleizbarrutiko Irratiak"},"content":{"rendered":"<p>[et_pb_section fb_built=&#8221;1&#8243; _builder_version=&#8221;4.6.1&#8243; _module_preset=&#8221;default&#8221; custom_padding=&#8221;||40px||false|false&#8221; global_colors_info=&#8221;{}&#8221;][et_pb_row column_structure=&#8221;1_3,2_3&#8243; _builder_version=&#8221;4.6.1&#8243; _module_preset=&#8221;default&#8221; global_colors_info=&#8221;{}&#8221;][et_pb_column type=&#8221;1_3&#8243; _builder_version=&#8221;4.6.1&#8243; _module_preset=&#8221;default&#8221; global_colors_info=&#8221;{}&#8221;][et_pb_text admin_label=&#8221;Text&#8221; _builder_version=&#8221;4.6.1&#8243; _module_preset=&#8221;default&#8221; header_font_size=&#8221;44px&#8221; header_line_height=&#8221;1.2em&#8221; header_4_font=&#8221;|700|||||||&#8221; custom_margin=&#8221;||||false|false&#8221; custom_padding=&#8221;||||false|false&#8221; header_font_size_tablet=&#8221;&#8221; header_font_size_phone=&#8221;34px&#8221; header_font_size_last_edited=&#8221;on|phone&#8221; header_3_font_size_tablet=&#8221;&#8221; header_3_font_size_phone=&#8221;22px&#8221; header_3_font_size_last_edited=&#8221;on|phone&#8221; header_4_font_size_tablet=&#8221;&#8221; header_4_font_size_phone=&#8221;18px&#8221; header_4_font_size_last_edited=&#8221;on|desktop&#8221; global_colors_info=&#8221;{}&#8221;]<\/p>\n<h1>Eleizbarrutiko Irratiak<\/h1>\n<p>[\/et_pb_text][\/et_pb_column][et_pb_column type=&#8221;2_3&#8243; _builder_version=&#8221;4.6.1&#8243; _module_preset=&#8221;default&#8221; global_colors_info=&#8221;{}&#8221;][et_pb_text _builder_version=&#8221;4.6.1&#8243; _module_preset=&#8221;default&#8221; custom_padding_tablet=&#8221;&#8221; custom_padding_phone=&#8221;||||false|false&#8221; custom_padding_last_edited=&#8221;on|desktop&#8221; global_colors_info=&#8221;{}&#8221;]<\/p>\n<p><span style=\"font-weight: 400;\">Bilboko Eleizbarrutian irrati bi dagoz: Radio Popular-Herri Irratia, gaztelaniaz emititzen dauana, eta Bizkaia Irratia, euskeraz emititzen dauana.<\/span><\/p>\n<p>[\/et_pb_text][\/et_pb_column][\/et_pb_row][\/et_pb_section][et_pb_section fb_built=&#8221;1&#8243; _builder_version=&#8221;4.6.1&#8243; _module_preset=&#8221;default&#8221; background_color=&#8221;#f5f7fa&#8221; global_colors_info=&#8221;{}&#8221;][et_pb_row column_structure=&#8221;1_2,1_2&#8243; _builder_version=&#8221;4.6.1&#8243; _module_preset=&#8221;default&#8221; global_colors_info=&#8221;{}&#8221;][et_pb_column type=&#8221;1_2&#8243; _builder_version=&#8221;4.6.1&#8243; _module_preset=&#8221;default&#8221; global_colors_info=&#8221;{}&#8221;][et_pb_blurb title=&#8221;Herri Irratia &#8211; Radio Popular&#8221; image=&#8221;https:\/\/bizkeliza.org\/wp-content\/uploads\/Radio-Popular-Herri-Irratia.png&#8221; _builder_version=&#8221;4.6.1&#8243; _module_preset=&#8221;default&#8221; header_level=&#8221;h2&#8243; header_font=&#8221;|600|||||||&#8221; background_color=&#8221;#ffffff&#8221; custom_padding=&#8221;|30px|50px|30px||&#8221; border_radii=&#8221;on|8px|8px|8px|8px&#8221; global_colors_info=&#8221;{}&#8221;]<\/p>\n<p><span style=\"font-weight: 400;\">Radio Popular De Bilbao &#8211; Bilbo Herri Irratia es una emisora de radio fundada en el a\u00f1o 1960 y propiedad del obispado de Bilbao. Actualmente emite en las bandas de Frecuencia Modulada (100.4\u00a0 Mhz) y Onda Media (900 Khz.) las veinticuatro horas del d\u00eda y su programaci\u00f3n, de car\u00e1cter generalista, va dirigida a todo el territorio hist\u00f3rico de Bizkaia (2.200 km\u00b2 de la Comunidad Aut\u00f3noma Vasca).<\/span><\/p>\n<h4><b>Podcast \u201cEs Posible\u201d<\/b><\/h4>\n<p><span style=\"font-weight: 400;\">Es posible pretende crear un canal de comunicaci\u00f3n entre las personas, organizaciones, empresas e instituciones que quieren hacer posible un mundo diferente en lo social, en lo econ\u00f3mico, en lo ambiental\u2026 la actualidad de la Iglesia Diocesana, en Iglesia Hoy, y la tertulia social, donde numerosos invitados y colaboradores ofrecen la visi\u00f3n m\u00e1s social de la actualidad.<\/span><\/p>\n<p><span style=\"font-weight: 400;\">De lunes a viernes, de 16:00 a 18:00 h.<\/span><\/p>\n<p><a href=\"https:\/\/radiopopular.com\/chart\/es-posible-i\/\" target=\"_blank\" rel=\"noopener noreferrer\"><span style=\"font-weight: 400;\">ir a la web\u00a0<img decoding=\"async\" src=\"https:\/\/bizkeliza.org\/wp-content\/uploads\/2021\/05\/follow-icon-verdeoscuro-2.png\" width=\"21\" height=\"11\" alt=\"\" class=\"wp-image-982 alignnone size-full\" \/><\/span><\/a><\/p>\n<p><iframe loading=\"lazy\" src=\"https:\/\/www.ivoox.com\/player_es_podcast_1055742_1.html\" width=\"100%\" style=\"border: 1px solid #D7D7D7;\" height=\"440\" frameborder=\"0\" allowfullscreen=\"0\" scrolling=\"no\"><\/iframe><\/p>\n<p>[\/et_pb_blurb][et_pb_social_media_follow admin_label=&#8221;Seguir en medios sociales&#8221; _builder_version=&#8221;4.11.1&#8243; _module_preset=&#8221;default&#8221; background_color=&#8221;#ffffff&#8221; z_index=&#8221;10&#8243; text_orientation=&#8221;center&#8221; width=&#8221;30%&#8221; module_alignment=&#8221;center&#8221; custom_margin=&#8221;-42px||0px||false|false&#8221; custom_padding=&#8221;8px||0px||false|false&#8221; hover_enabled=&#8221;0&#8243; custom_css_main_element=&#8221;border-radius: 50px;||box-shadow: 0px 0px 12px 0px rgba(0,0,0,0.2);&#8221; border_radii=&#8221;on|50px|50px|50px|50px&#8221; box_shadow_style=&#8221;preset1&#8243; box_shadow_color=&#8221;rgba(0,0,0,0)&#8221; locked=&#8221;off&#8221; global_colors_info=&#8221;{}&#8221; sticky_enabled=&#8221;0&#8243;][et_pb_social_media_follow_network social_network=&#8221;facebook&#8221; url=&#8221;https:\/\/www.facebook.com\/herriirratia\/&#8221; use_icon_font_size=&#8221;on&#8221; icon_font_size=&#8221;14px&#8221; _builder_version=&#8221;4.6.1&#8243; _module_preset=&#8221;default&#8221; background_color=&#8221;#000000&#8243; background_enable_color=&#8221;on&#8221; custom_margin=&#8221;||5px||false|false&#8221; custom_padding=&#8221;||||false|false&#8221; custom_css_social_icon=&#8221;border-radius: 50px;&#8221; global_colors_info=&#8221;{}&#8221; transform_styles__hover_enabled=&#8221;on|hover&#8221; transform_scale__hover=&#8221;110%|110%&#8221; transform_scale__hover_enabled=&#8221;on|hover&#8221; transform_translate__hover_enabled=&#8221;on|desktop&#8221; transform_rotate__hover_enabled=&#8221;on|desktop&#8221; transform_skew__hover_enabled=&#8221;on|desktop&#8221; transform_origin__hover_enabled=&#8221;on|desktop&#8221; follow_button=&#8221;off&#8221; url_new_window=&#8221;on&#8221;]facebook[\/et_pb_social_media_follow_network][et_pb_social_media_follow_network social_network=&#8221;twitter&#8221; url=&#8221;https:\/\/twitter.com\/herri_irratia?lang=es&#8221; use_icon_font_size=&#8221;on&#8221; icon_font_size=&#8221;14px&#8221; _builder_version=&#8221;4.6.1&#8243; _module_preset=&#8221;default&#8221; background_color=&#8221;#000000&#8243; background_enable_color=&#8221;on&#8221; custom_margin=&#8221;||5px||false|false&#8221; custom_padding=&#8221;||||false|false&#8221; custom_css_social_icon=&#8221;border-radius: 50px;&#8221; global_colors_info=&#8221;{}&#8221; transform_styles__hover_enabled=&#8221;on|hover&#8221; transform_scale__hover=&#8221;110%|110%&#8221; transform_scale__hover_enabled=&#8221;on|hover&#8221; transform_translate__hover_enabled=&#8221;on|desktop&#8221; transform_rotate__hover_enabled=&#8221;on|desktop&#8221; transform_skew__hover_enabled=&#8221;on|desktop&#8221; transform_origin__hover_enabled=&#8221;on|desktop&#8221; follow_button=&#8221;off&#8221; url_new_window=&#8221;on&#8221;]twitter[\/et_pb_social_media_follow_network][et_pb_social_media_follow_network social_network=&#8221;instagram&#8221; url=&#8221;https:\/\/www.instagram.com\/herriirratia\/?hl=es&#8221; _builder_version=&#8221;4.6.1&#8243; _module_preset=&#8221;default&#8221; background_color=&#8221;#000000&#8243; background_enable_color=&#8221;on&#8221; global_colors_info=&#8221;{}&#8221; follow_button=&#8221;off&#8221; url_new_window=&#8221;on&#8221;]instagram[\/et_pb_social_media_follow_network][\/et_pb_social_media_follow][\/et_pb_column][et_pb_column type=&#8221;1_2&#8243; _builder_version=&#8221;4.6.1&#8243; _module_preset=&#8221;default&#8221; global_colors_info=&#8221;{}&#8221;][et_pb_blurb title=&#8221;Bizkaia Irratia &#8221; image=&#8221;https:\/\/bizkeliza.org\/wp-content\/uploads\/logo-color-transparente.png&#8221; _builder_version=&#8221;4.6.1&#8243; _module_preset=&#8221;default&#8221; header_level=&#8221;h2&#8243; header_font=&#8221;|600|||||||&#8221; background_color=&#8221;#ffffff&#8221; custom_margin=&#8221;||41px||false|false&#8221; custom_padding=&#8221;37px|28px|57px|30px|false|false&#8221; custom_css_blurb_image=&#8221;max-width:65%;||padding-bottom:55px;&#8221; border_radii=&#8221;on|8px|8px|8px|8px&#8221; global_colors_info=&#8221;{}&#8221;]<\/p>\n<p><span style=\"font-weight: 400;\">Bizkaia Irratia es un servicio de radio dedicado a los vascos. Toda la programaci\u00f3n es en euskera y emite en vizca\u00edno. El desarrollo y normalizaci\u00f3n del euskera son los objetivos de algunos programas especiales de radio.\u00a0<\/span><\/p>\n<p><span style=\"font-weight: 400;\">Hay sesiones regulares y musicales, principalmente de m\u00fasica vasca. Bizkaia Irratia es la \u00fanica que emite toda la programaci\u00f3n de Bizkaia a toda Bizkaia en euskera. Adem\u00e1s, es el \u00fanico programa que se desarrolla \u00edntegramente en Bizkaia.<\/span><\/p>\n<h4><b>Misa<\/b><\/h4>\n<p><span style=\"font-weight: 400;\">De lunes a viernes a las 9h.<\/span><\/p>\n<p><span style=\"font-weight: 400;\">Desde la radio, se emite la Santa Misa todas las ma\u00f1anas. De lunes a domingo (excepto s\u00e1bados) se celebran misas en la Bas\u00edlica de Bego\u00f1a (lunes, mi\u00e9rcoles, viernes), el Episcopado (martes y domingos) y San Felicisimo en Deusto (domingos).<\/span><\/p>\n<h4><b>Espacio Iglesia Bizkaia\u00a0<\/b><\/h4>\n<p><span style=\"font-weight: 400;\">A las 12:15h\u00a0<\/span><\/p>\n<h4><b>Cristiano hoy y aqu\u00ed.<\/b><\/h4>\n<p><span style=\"font-weight: 400;\">El domingo a las 8:30h, el padre Martzel Andrinua ofrece una lectura sobre el d\u00eda de &#8220;Los cristianos hoy y aqu\u00ed&#8221;<\/span><\/p>\n<p><span style=\"font-weight: 400;\"><\/span><\/p>\n<p><a href=\"http:\/\/www.bizkaiairratia.eus\/\" target=\"_blank\" rel=\"noopener noreferrer\"><span style=\"font-weight: 400;\">Ir a la web\u00a0<img decoding=\"async\" src=\"https:\/\/bizkeliza.org\/wp-content\/uploads\/2021\/05\/follow-icon-verdeoscuro-2.png\" width=\"21\" height=\"11\" alt=\"\" class=\"wp-image-982 alignnone size-full\" \/><\/span><\/a><\/p>\n<p>[\/et_pb_blurb][et_pb_social_media_follow _builder_version=&#8221;4.11.1&#8243; _module_preset=&#8221;default&#8221; background_color=&#8221;#ffffff&#8221; z_index=&#8221;10&#8243; text_orientation=&#8221;center&#8221; width=&#8221;24%&#8221; module_alignment=&#8221;center&#8221; custom_margin=&#8221;-60px||0px||false|false&#8221; custom_padding=&#8221;8px||0px||false|false&#8221; hover_enabled=&#8221;0&#8243; custom_css_main_element=&#8221;border-radius: 50px;||box-shadow: 0px 0px 12px 0px rgba(0,0,0,0.2);&#8221; border_radii=&#8221;on|50px|50px|50px|50px&#8221; box_shadow_style=&#8221;preset1&#8243; box_shadow_color=&#8221;rgba(0,0,0,0)&#8221; locked=&#8221;off&#8221; global_colors_info=&#8221;{}&#8221; sticky_enabled=&#8221;0&#8243; admin_label=&#8221;Seguir en medios sociales&#8221;][et_pb_social_media_follow_network social_network=&#8221;facebook&#8221; url=&#8221;https:\/\/www.facebook.com\/BizkaiaIrratia&#8221; use_icon_font_size=&#8221;on&#8221; icon_font_size=&#8221;14px&#8221; _builder_version=&#8221;4.6.1&#8243; _module_preset=&#8221;default&#8221; background_color=&#8221;#000000&#8243; background_enable_color=&#8221;on&#8221; custom_margin=&#8221;||5px||false|false&#8221; custom_padding=&#8221;||||false|false&#8221; custom_css_social_icon=&#8221;border-radius: 50px;&#8221; global_colors_info=&#8221;{}&#8221; transform_styles__hover_enabled=&#8221;on|hover&#8221; transform_scale__hover=&#8221;110%|110%&#8221; transform_scale__hover_enabled=&#8221;on|hover&#8221; transform_translate__hover_enabled=&#8221;on|desktop&#8221; transform_rotate__hover_enabled=&#8221;on|desktop&#8221; transform_skew__hover_enabled=&#8221;on|desktop&#8221; transform_origin__hover_enabled=&#8221;on|desktop&#8221; follow_button=&#8221;off&#8221; url_new_window=&#8221;on&#8221;]facebook[\/et_pb_social_media_follow_network][et_pb_social_media_follow_network social_network=&#8221;twitter&#8221; url=&#8221;https:\/\/twitter.com\/Bizkaiairratia&#8221; use_icon_font_size=&#8221;on&#8221; icon_font_size=&#8221;14px&#8221; _builder_version=&#8221;4.6.1&#8243; _module_preset=&#8221;default&#8221; background_color=&#8221;#000000&#8243; background_enable_color=&#8221;on&#8221; custom_margin=&#8221;||5px||false|false&#8221; custom_padding=&#8221;||||false|false&#8221; custom_css_social_icon=&#8221;border-radius: 50px;&#8221; global_colors_info=&#8221;{}&#8221; transform_styles__hover_enabled=&#8221;on|hover&#8221; transform_scale__hover=&#8221;110%|110%&#8221; transform_scale__hover_enabled=&#8221;on|hover&#8221; transform_translate__hover_enabled=&#8221;on|desktop&#8221; transform_rotate__hover_enabled=&#8221;on|desktop&#8221; transform_skew__hover_enabled=&#8221;on|desktop&#8221; transform_origin__hover_enabled=&#8221;on|desktop&#8221; follow_button=&#8221;off&#8221; url_new_window=&#8221;on&#8221;]twitter[\/et_pb_social_media_follow_network][\/et_pb_social_media_follow][\/et_pb_column][\/et_pb_row][\/et_pb_section]<\/p>\n","protected":false},"excerpt":{"rendered":"<p>Eleizbarrutiko IrratiakBilboko Eleizbarrutian irrati bi dagoz: Radio Popular-Herri Irratia, gaztelaniaz emititzen dauana, eta Bizkaia Irratia, euskeraz emititzen dauana.Radio Popular De Bilbao &#8211; Bilbo Herri Irratia es una emisora de radio fundada en el a\u00f1o 1960 y propiedad del obispado de Bilbao. Actualmente emite en las bandas de Frecuencia Modulada (100.4\u00a0 Mhz) y Onda Media (900 [&hellip;]<\/p>\n","protected":false},"author":2,"featured_media":5585,"parent":12006,"menu_order":0,"comment_status":"closed","ping_status":"closed","template":"","meta":{"_acf_changed":false,"_et_pb_use_builder":"on","_et_pb_old_content":"","_et_gb_content_width":"","footnotes":""},"class_list":["post-12027","page","type-page","status-publish","has-post-thumbnail","hentry"],"acf":[],"yoast_head":"<!-- This site is optimized with the Yoast SEO Premium plugin v27.5 (Yoast SEO v27.5) - https:\/\/yoast.com\/product\/yoast-seo-premium-wordpress\/ -->\n<title>Eleizbarrutiko Irratiak - Bilboko Elizbarrutia - Di\u00f3cesis de Bilbao<\/title>\n<meta name=\"robots\" content=\"index, follow, max-snippet:-1, max-image-preview:large, max-video-preview:-1\" \/>\n<link rel=\"canonical\" href=\"https:\/\/bizkeliza.org\/eu\/gaurkotasuna\/eleizbarrutiko-irratiak\/\" \/>\n<meta property=\"og:locale\" content=\"eu_ES\" \/>\n<meta property=\"og:type\" content=\"article\" \/>\n<meta property=\"og:title\" content=\"Eleizbarrutiko Irratiak\" \/>\n<meta property=\"og:description\" content=\"Eleizbarrutiko IrratiakBilboko Eleizbarrutian irrati bi dagoz: Radio Popular-Herri Irratia, gaztelaniaz emititzen dauana, eta Bizkaia Irratia, euskeraz emititzen dauana.Radio Popular De Bilbao - Bilbo Herri Irratia es una emisora de radio fundada en el a\u00f1o 1960 y propiedad del obispado de Bilbao. Actualmente emite en las bandas de Frecuencia Modulada (100.4\u00a0 Mhz) y Onda Media (900 [&hellip;]\" \/>\n<meta property=\"og:url\" content=\"https:\/\/bizkeliza.org\/eu\/gaurkotasuna\/eleizbarrutiko-irratiak\/\" \/>\n<meta property=\"og:site_name\" content=\"Bilboko Elizbarrutia - Di\u00f3cesis de Bilbao\" \/>\n<meta property=\"article:publisher\" content=\"https:\/\/www.facebook.com\/DiocesisBilbao\/\" \/>\n<meta property=\"article:modified_time\" content=\"2022-05-04T10:45:27+00:00\" \/>\n<meta property=\"og:image\" content=\"https:\/\/bizkeliza.org\/wp-content\/uploads\/2021\/05\/follow-icon-verdeoscuro-2.png\" \/>\n<meta name=\"twitter:card\" content=\"summary_large_image\" \/>\n<meta name=\"twitter:site\" content=\"@DiocesisBilbao\" \/>\n<script type=\"application\/ld+json\" class=\"yoast-schema-graph\">{\"@context\":\"https:\\\/\\\/schema.org\",\"@graph\":[{\"@type\":\"WebPage\",\"@id\":\"https:\\\/\\\/bizkeliza.org\\\/eu\\\/gaurkotasuna\\\/eleizbarrutiko-irratiak\\\/\",\"url\":\"https:\\\/\\\/bizkeliza.org\\\/eu\\\/gaurkotasuna\\\/eleizbarrutiko-irratiak\\\/\",\"name\":\"Eleizbarrutiko Irratiak - Bilboko Elizbarrutia - Di\u00f3cesis de Bilbao\",\"isPartOf\":{\"@id\":\"https:\\\/\\\/bizkeliza.org\\\/eu\\\/#website\"},\"primaryImageOfPage\":{\"@id\":\"https:\\\/\\\/bizkeliza.org\\\/eu\\\/gaurkotasuna\\\/eleizbarrutiko-irratiak\\\/#primaryimage\"},\"image\":{\"@id\":\"https:\\\/\\\/bizkeliza.org\\\/eu\\\/gaurkotasuna\\\/eleizbarrutiko-irratiak\\\/#primaryimage\"},\"thumbnailUrl\":\"https:\\\/\\\/bizkeliza.org\\\/wp-content\\\/uploads\\\/Radio-Popular-Herri-Irratia.png\",\"datePublished\":\"2021-06-01T11:04:51+00:00\",\"dateModified\":\"2022-05-04T10:45:27+00:00\",\"breadcrumb\":{\"@id\":\"https:\\\/\\\/bizkeliza.org\\\/eu\\\/gaurkotasuna\\\/eleizbarrutiko-irratiak\\\/#breadcrumb\"},\"inLanguage\":\"eu-ES\",\"potentialAction\":[{\"@type\":\"ReadAction\",\"target\":[\"https:\\\/\\\/bizkeliza.org\\\/eu\\\/gaurkotasuna\\\/eleizbarrutiko-irratiak\\\/\"]}]},{\"@type\":\"ImageObject\",\"inLanguage\":\"eu-ES\",\"@id\":\"https:\\\/\\\/bizkeliza.org\\\/eu\\\/gaurkotasuna\\\/eleizbarrutiko-irratiak\\\/#primaryimage\",\"url\":\"https:\\\/\\\/bizkeliza.org\\\/wp-content\\\/uploads\\\/Radio-Popular-Herri-Irratia.png\",\"contentUrl\":\"https:\\\/\\\/bizkeliza.org\\\/wp-content\\\/uploads\\\/Radio-Popular-Herri-Irratia.png\",\"width\":1921,\"height\":1080},{\"@type\":\"BreadcrumbList\",\"@id\":\"https:\\\/\\\/bizkeliza.org\\\/eu\\\/gaurkotasuna\\\/eleizbarrutiko-irratiak\\\/#breadcrumb\",\"itemListElement\":[{\"@type\":\"ListItem\",\"position\":1,\"name\":\"Portada\",\"item\":\"https:\\\/\\\/bizkeliza.org\\\/eu\\\/\"},{\"@type\":\"ListItem\",\"position\":2,\"name\":\"Gaurkotasuna\",\"item\":\"https:\\\/\\\/bizkeliza.org\\\/eu\\\/actualidad\\\/\"},{\"@type\":\"ListItem\",\"position\":3,\"name\":\"Eleizbarrutiko Irratiak\"}]},{\"@type\":\"WebSite\",\"@id\":\"https:\\\/\\\/bizkeliza.org\\\/eu\\\/#website\",\"url\":\"https:\\\/\\\/bizkeliza.org\\\/eu\\\/\",\"name\":\"Bilboko Elizbarrutia - Di\u00f3cesis de Bilbao\",\"description\":\"Di\u00f3cesis de Bilbao\",\"publisher\":{\"@id\":\"https:\\\/\\\/bizkeliza.org\\\/eu\\\/#organization\"},\"alternateName\":\"Di\u00f3cesis de Bilbao\",\"potentialAction\":[{\"@type\":\"SearchAction\",\"target\":{\"@type\":\"EntryPoint\",\"urlTemplate\":\"https:\\\/\\\/bizkeliza.org\\\/eu\\\/?s={search_term_string}\"},\"query-input\":{\"@type\":\"PropertyValueSpecification\",\"valueRequired\":true,\"valueName\":\"search_term_string\"}}],\"inLanguage\":\"eu-ES\"},{\"@type\":\"Organization\",\"@id\":\"https:\\\/\\\/bizkeliza.org\\\/eu\\\/#organization\",\"name\":\"Di\u00f3cesis de Bilbao\",\"alternateName\":\"Di\u00f3cesis de Bilbao\",\"url\":\"https:\\\/\\\/bizkeliza.org\\\/eu\\\/\",\"logo\":{\"@type\":\"ImageObject\",\"inLanguage\":\"eu-ES\",\"@id\":\"https:\\\/\\\/bizkeliza.org\\\/eu\\\/#\\\/schema\\\/logo\\\/image\\\/\",\"url\":\"https:\\\/\\\/bizkeliza.org\\\/wp-content\\\/uploads\\\/2022\\\/06\\\/Logo-nuevo_2024-1-scaled.jpg\",\"contentUrl\":\"https:\\\/\\\/bizkeliza.org\\\/wp-content\\\/uploads\\\/2022\\\/06\\\/Logo-nuevo_2024-1-scaled.jpg\",\"width\":2560,\"height\":1024,\"caption\":\"Di\u00f3cesis de Bilbao\"},\"image\":{\"@id\":\"https:\\\/\\\/bizkeliza.org\\\/eu\\\/#\\\/schema\\\/logo\\\/image\\\/\"},\"sameAs\":[\"https:\\\/\\\/www.facebook.com\\\/DiocesisBilbao\\\/\",\"https:\\\/\\\/x.com\\\/DiocesisBilbao\",\"https:\\\/\\\/www.instagram.com\\\/obispadobilbao\\\/\",\"https:\\\/\\\/www.youtube.com\\\/user\\\/bilbokoelizbarrutia\"],\"description\":\"Iglesia local de Bilbao perteneciente a la Iglesia Cat\u00f3lica\"}]}<\/script>\n<!-- \/ Yoast SEO Premium plugin. -->","yoast_head_json":{"title":"Eleizbarrutiko Irratiak - Bilboko Elizbarrutia - Di\u00f3cesis de Bilbao","robots":{"index":"index","follow":"follow","max-snippet":"max-snippet:-1","max-image-preview":"max-image-preview:large","max-video-preview":"max-video-preview:-1"},"canonical":"https:\/\/bizkeliza.org\/eu\/gaurkotasuna\/eleizbarrutiko-irratiak\/","og_locale":"eu_ES","og_type":"article","og_title":"Eleizbarrutiko Irratiak","og_description":"Eleizbarrutiko IrratiakBilboko Eleizbarrutian irrati bi dagoz: Radio Popular-Herri Irratia, gaztelaniaz emititzen dauana, eta Bizkaia Irratia, euskeraz emititzen dauana.Radio Popular De Bilbao - Bilbo Herri Irratia es una emisora de radio fundada en el a\u00f1o 1960 y propiedad del obispado de Bilbao. Actualmente emite en las bandas de Frecuencia Modulada (100.4\u00a0 Mhz) y Onda Media (900 [&hellip;]","og_url":"https:\/\/bizkeliza.org\/eu\/gaurkotasuna\/eleizbarrutiko-irratiak\/","og_site_name":"Bilboko Elizbarrutia - Di\u00f3cesis de Bilbao","article_publisher":"https:\/\/www.facebook.com\/DiocesisBilbao\/","article_modified_time":"2022-05-04T10:45:27+00:00","og_image":[{"url":"https:\/\/bizkeliza.org\/wp-content\/uploads\/2021\/05\/follow-icon-verdeoscuro-2.png","type":"","width":"","height":""}],"twitter_card":"summary_large_image","twitter_site":"@DiocesisBilbao","schema":{"@context":"https:\/\/schema.org","@graph":[{"@type":"WebPage","@id":"https:\/\/bizkeliza.org\/eu\/gaurkotasuna\/eleizbarrutiko-irratiak\/","url":"https:\/\/bizkeliza.org\/eu\/gaurkotasuna\/eleizbarrutiko-irratiak\/","name":"Eleizbarrutiko Irratiak - Bilboko Elizbarrutia - Di\u00f3cesis de Bilbao","isPartOf":{"@id":"https:\/\/bizkeliza.org\/eu\/#website"},"primaryImageOfPage":{"@id":"https:\/\/bizkeliza.org\/eu\/gaurkotasuna\/eleizbarrutiko-irratiak\/#primaryimage"},"image":{"@id":"https:\/\/bizkeliza.org\/eu\/gaurkotasuna\/eleizbarrutiko-irratiak\/#primaryimage"},"thumbnailUrl":"https:\/\/bizkeliza.org\/wp-content\/uploads\/Radio-Popular-Herri-Irratia.png","datePublished":"2021-06-01T11:04:51+00:00","dateModified":"2022-05-04T10:45:27+00:00","breadcrumb":{"@id":"https:\/\/bizkeliza.org\/eu\/gaurkotasuna\/eleizbarrutiko-irratiak\/#breadcrumb"},"inLanguage":"eu-ES","potentialAction":[{"@type":"ReadAction","target":["https:\/\/bizkeliza.org\/eu\/gaurkotasuna\/eleizbarrutiko-irratiak\/"]}]},{"@type":"ImageObject","inLanguage":"eu-ES","@id":"https:\/\/bizkeliza.org\/eu\/gaurkotasuna\/eleizbarrutiko-irratiak\/#primaryimage","url":"https:\/\/bizkeliza.org\/wp-content\/uploads\/Radio-Popular-Herri-Irratia.png","contentUrl":"https:\/\/bizkeliza.org\/wp-content\/uploads\/Radio-Popular-Herri-Irratia.png","width":1921,"height":1080},{"@type":"BreadcrumbList","@id":"https:\/\/bizkeliza.org\/eu\/gaurkotasuna\/eleizbarrutiko-irratiak\/#breadcrumb","itemListElement":[{"@type":"ListItem","position":1,"name":"Portada","item":"https:\/\/bizkeliza.org\/eu\/"},{"@type":"ListItem","position":2,"name":"Gaurkotasuna","item":"https:\/\/bizkeliza.org\/eu\/actualidad\/"},{"@type":"ListItem","position":3,"name":"Eleizbarrutiko Irratiak"}]},{"@type":"WebSite","@id":"https:\/\/bizkeliza.org\/eu\/#website","url":"https:\/\/bizkeliza.org\/eu\/","name":"Bilboko Elizbarrutia - Di\u00f3cesis de Bilbao","description":"Di\u00f3cesis de Bilbao","publisher":{"@id":"https:\/\/bizkeliza.org\/eu\/#organization"},"alternateName":"Di\u00f3cesis de Bilbao","potentialAction":[{"@type":"SearchAction","target":{"@type":"EntryPoint","urlTemplate":"https:\/\/bizkeliza.org\/eu\/?s={search_term_string}"},"query-input":{"@type":"PropertyValueSpecification","valueRequired":true,"valueName":"search_term_string"}}],"inLanguage":"eu-ES"},{"@type":"Organization","@id":"https:\/\/bizkeliza.org\/eu\/#organization","name":"Di\u00f3cesis de Bilbao","alternateName":"Di\u00f3cesis de Bilbao","url":"https:\/\/bizkeliza.org\/eu\/","logo":{"@type":"ImageObject","inLanguage":"eu-ES","@id":"https:\/\/bizkeliza.org\/eu\/#\/schema\/logo\/image\/","url":"https:\/\/bizkeliza.org\/wp-content\/uploads\/2022\/06\/Logo-nuevo_2024-1-scaled.jpg","contentUrl":"https:\/\/bizkeliza.org\/wp-content\/uploads\/2022\/06\/Logo-nuevo_2024-1-scaled.jpg","width":2560,"height":1024,"caption":"Di\u00f3cesis de Bilbao"},"image":{"@id":"https:\/\/bizkeliza.org\/eu\/#\/schema\/logo\/image\/"},"sameAs":["https:\/\/www.facebook.com\/DiocesisBilbao\/","https:\/\/x.com\/DiocesisBilbao","https:\/\/www.instagram.com\/obispadobilbao\/","https:\/\/www.youtube.com\/user\/bilbokoelizbarrutia"],"description":"Iglesia local de Bilbao perteneciente a la Iglesia Cat\u00f3lica"}]}},"_links":{"self":[{"href":"https:\/\/bizkeliza.org\/eu\/wp-json\/wp\/v2\/pages\/12027","targetHints":{"allow":["GET"]}}],"collection":[{"href":"https:\/\/bizkeliza.org\/eu\/wp-json\/wp\/v2\/pages"}],"about":[{"href":"https:\/\/bizkeliza.org\/eu\/wp-json\/wp\/v2\/types\/page"}],"author":[{"embeddable":true,"href":"https:\/\/bizkeliza.org\/eu\/wp-json\/wp\/v2\/users\/2"}],"replies":[{"embeddable":true,"href":"https:\/\/bizkeliza.org\/eu\/wp-json\/wp\/v2\/comments?post=12027"}],"version-history":[{"count":0,"href":"https:\/\/bizkeliza.org\/eu\/wp-json\/wp\/v2\/pages\/12027\/revisions"}],"up":[{"embeddable":true,"href":"https:\/\/bizkeliza.org\/eu\/wp-json\/wp\/v2\/pages\/12006"}],"wp:featuredmedia":[{"embeddable":true,"href":"https:\/\/bizkeliza.org\/eu\/wp-json\/wp\/v2\/media\/5585"}],"wp:attachment":[{"href":"https:\/\/bizkeliza.org\/eu\/wp-json\/wp\/v2\/media?parent=12027"}],"curies":[{"name":"wp","href":"https:\/\/api.w.org\/{rel}","templated":true}]}}