{"id":12095,"date":"2021-10-21T17:02:20","date_gmt":"2021-10-21T15:02:20","guid":{"rendered":"https:\/\/boring-dhawan.137-117-168-183.plesk.page\/elizbarrutia\/zaindariak-eta-santuak\/"},"modified":"2021-10-21T17:37:16","modified_gmt":"2021-10-21T15:37:16","slug":"zaindariak-eta-santuak","status":"publish","type":"page","link":"https:\/\/bizkeliza.org\/eu\/elizbarrutia\/zaindariak-eta-santuak\/","title":{"rendered":"Zaindariak eta Santuak"},"content":{"rendered":"<p>[et_pb_section fb_built=&#8221;1&#8243; admin_label=&#8221;Secci\u00f3n&#8221; _builder_version=&#8221;4.6.1&#8243; _module_preset=&#8221;default&#8221; custom_padding=&#8221;||40px||false|false&#8221; global_colors_info=&#8221;{}&#8221;][et_pb_row column_structure=&#8221;1_3,2_3&#8243; _builder_version=&#8221;4.6.1&#8243; _module_preset=&#8221;default&#8221; global_colors_info=&#8221;{}&#8221;][et_pb_column type=&#8221;1_3&#8243; admin_label=&#8221;Columna&#8221; _builder_version=&#8221;4.6.1&#8243; _module_preset=&#8221;default&#8221; global_colors_info=&#8221;{}&#8221;][et_pb_text admin_label=&#8221;Text&#8221; _builder_version=&#8221;4.6.1&#8243; _module_preset=&#8221;default&#8221; header_font_size=&#8221;44px&#8221; header_line_height=&#8221;1.2em&#8221; header_4_font=&#8221;|700|||||||&#8221; header_font_size_tablet=&#8221;&#8221; header_font_size_phone=&#8221;34px&#8221; header_font_size_last_edited=&#8221;on|phone&#8221; header_3_font_size_tablet=&#8221;&#8221; header_3_font_size_phone=&#8221;22px&#8221; header_3_font_size_last_edited=&#8221;on|phone&#8221; header_4_font_size_tablet=&#8221;&#8221; header_4_font_size_phone=&#8221;18px&#8221; header_4_font_size_last_edited=&#8221;on|desktop&#8221; global_colors_info=&#8221;{}&#8221;]<\/p>\n<h1>Zaindariak eta Santuak<\/h1>\n<p>[\/et_pb_text][\/et_pb_column][et_pb_column type=&#8221;2_3&#8243; _builder_version=&#8221;4.6.1&#8243; _module_preset=&#8221;default&#8221; global_colors_info=&#8221;{}&#8221;][et_pb_text _builder_version=&#8221;4.6.1&#8243; _module_preset=&#8221;default&#8221; custom_padding=&#8221;20px||||false|false&#8221; custom_padding_phone=&#8221;||||false|true&#8221; custom_padding_last_edited=&#8221;off|desktop&#8221; global_colors_info=&#8221;{}&#8221;]<\/p>\n<p><strong>Loiolako San Inazio<\/strong> eta <strong>Berrio-Otxoako San Balendin<\/strong> dira Bizkaiko zaindariak.<\/p>\n<p>[\/et_pb_text][\/et_pb_column][\/et_pb_row][et_pb_row column_structure=&#8221;1_3,1_3,1_3&#8243; _builder_version=&#8221;4.6.1&#8243; _module_preset=&#8221;default&#8221; global_colors_info=&#8221;{}&#8221;][et_pb_column type=&#8221;1_3&#8243; _builder_version=&#8221;4.6.1&#8243; _module_preset=&#8221;default&#8221; custom_padding=&#8221;10px||10px||true|false&#8221; global_colors_info=&#8221;{}&#8221;][et_pb_image src=&#8221;https:\/\/bizkeliza.org\/wp-content\/uploads\/2021\/05\/san-ignacio-225&#215;300.jpg&#8221; title_text=&#8221;san-ignacio&#8221; align=&#8221;center&#8221; force_fullwidth=&#8221;on&#8221; _builder_version=&#8221;4.6.1&#8243; _module_preset=&#8221;default&#8221; module_alignment=&#8221;center&#8221; custom_margin=&#8221;0px|0px|38px|0px|false|false&#8221; custom_padding=&#8221;0px|0px|0px|0px|false|false&#8221; global_colors_info=&#8221;{}&#8221;][\/et_pb_image][et_pb_text _builder_version=&#8221;4.6.1&#8243; _module_preset=&#8221;default&#8221; global_colors_info=&#8221;{}&#8221;]<\/p>\n<p><strong>San Inaziok<\/strong>, amaren aldetik, ondarrutar jatorria eban. Pio XII.ak izendatu eban Bilboko Elizbarrutiko Zaindari 1949.eko azaroaren 2ko \u201cQuo commodius\u201d Eraketa Buldan. Ordurako Bizkaiko Jaurerriko Zaindaria zan, Gernikako Batzar Nagusiek 1680. urtean hautatu eta 1682. urtean Inozentzio XI.ak berretsi ondoren.<\/p>\n<p>[\/et_pb_text][\/et_pb_column][et_pb_column type=&#8221;1_3&#8243; _builder_version=&#8221;4.6.1&#8243; _module_preset=&#8221;default&#8221; custom_padding=&#8221;10px||10px||true|false&#8221; global_colors_info=&#8221;{}&#8221;][et_pb_image src=&#8221;https:\/\/bizkeliza.org\/wp-content\/uploads\/2021\/05\/san-valentin-225&#215;300.jpg&#8221; title_text=&#8221;san-valentin&#8221; align=&#8221;center&#8221; force_fullwidth=&#8221;on&#8221; _builder_version=&#8221;4.6.1&#8243; _module_preset=&#8221;default&#8221; module_alignment=&#8221;center&#8221; global_colors_info=&#8221;{}&#8221;][\/et_pb_image][et_pb_text _builder_version=&#8221;4.6.1&#8243; _module_preset=&#8221;default&#8221; global_colors_info=&#8221;{}&#8221;]<\/p>\n<p><strong>Berrio-Otxoako San Balendin<\/strong>, 1827. urtean Elorrioan jaioa, erlijioso domingotarra, misiolaria eta Indotxinako gotzaina izan zan. Martiri hil zan Tonkinen 1861. urtean. 1988.eko ekainaren 19an kanonizatua izan zan eta 1989.eko abuztuaren 18an Bilboko Elizbarrutiko bigarren zaindari izendatua izan zan.<\/p>\n<p>[\/et_pb_text][\/et_pb_column][et_pb_column type=&#8221;1_3&#8243; _builder_version=&#8221;4.6.1&#8243; _module_preset=&#8221;default&#8221; custom_padding=&#8221;10px||10px||true|false&#8221; global_colors_info=&#8221;{}&#8221;][et_pb_image src=&#8221;https:\/\/bizkeliza.org\/wp-content\/uploads\/2021\/05\/virgen-begona-225&#215;300.jpg&#8221; title_text=&#8221;virgen-begona&#8221; align=&#8221;center&#8221; force_fullwidth=&#8221;on&#8221; _builder_version=&#8221;4.6.1&#8243; _module_preset=&#8221;default&#8221; module_alignment=&#8221;center&#8221; global_colors_info=&#8221;{}&#8221;][\/et_pb_image][et_pb_text _builder_version=&#8221;4.6.1&#8243; _module_preset=&#8221;default&#8221; global_colors_info=&#8221;{}&#8221;]<\/p>\n<p><strong>Bego\u00f1ako Andra Mari<\/strong> ez da Elizbarrutiko zaindaria, baina bai Bizkaiko Jaurerrikoa. 1738.eko ekainaren 18an, Batzar Nagusiek Jaurerriko Zaindari nagusi aldarrikatu eben Bego\u00f1ako Andra Mari. 1903. urtean, L\u00e9on XIII.ak aldarrikapen hau berretsi eban.<\/p>\n<p>[\/et_pb_text][\/et_pb_column][\/et_pb_row][\/et_pb_section][et_pb_section fb_built=&#8221;1&#8243; _builder_version=&#8221;4.6.1&#8243; _module_preset=&#8221;default&#8221; background_color=&#8221;#f5f7fa&#8221; custom_padding=&#8221;||70px|||&#8221; global_colors_info=&#8221;{}&#8221;][et_pb_row column_structure=&#8221;1_3,2_3&#8243; _builder_version=&#8221;4.6.1&#8243; _module_preset=&#8221;default&#8221; global_colors_info=&#8221;{}&#8221;][et_pb_column type=&#8221;1_3&#8243; _builder_version=&#8221;4.6.1&#8243; _module_preset=&#8221;default&#8221; global_colors_info=&#8221;{}&#8221;][et_pb_text _builder_version=&#8221;4.6.1&#8243; _module_preset=&#8221;default&#8221; header_font_size=&#8221;32px&#8221; header_line_height=&#8221;1.2em&#8221; header_4_font=&#8221;|700|||||||&#8221; header_3_font_size_tablet=&#8221;&#8221; header_3_font_size_phone=&#8221;22px&#8221; header_3_font_size_last_edited=&#8221;on|phone&#8221; header_4_font_size_tablet=&#8221;&#8221; header_4_font_size_phone=&#8221;18px&#8221; header_4_font_size_last_edited=&#8221;on|desktop&#8221; global_colors_info=&#8221;{}&#8221;]<\/p>\n<h2>Elizbarrutiko Santuak<\/h2>\n<p>[\/et_pb_text][\/et_pb_column][et_pb_column type=&#8221;2_3&#8243; _builder_version=&#8221;4.6.1&#8243; _module_preset=&#8221;default&#8221; global_colors_info=&#8221;{}&#8221;][et_pb_text _builder_version=&#8221;4.6.1&#8243; _module_preset=&#8221;default&#8221; custom_padding_phone=&#8221;||||false|true&#8221; custom_padding_last_edited=&#8221;off|desktop&#8221; global_colors_info=&#8221;{}&#8221;]<\/p>\n<p>Esan barri dogunez, Elizbarrutiko bigarren zaindari dan Berrio-Otxoako San Balendinez gain, honeek dira Elizbarrutiko beste santu eta dohatsu batzuk: <\/p>\n<p><strong>Santa Mar\u00eda Josefa Sancho de Guerra<\/strong> (1842-1912), Gasteizkoa, Karitateko Jesusen Mirabeen Institutua sortu eban Bilbon. 1992.eko irailaren 27an beatifikatua izan zan eta 2000.eko urriaren 1ean kanonizatua. <\/p>\n<p><strong>Domingo Iturrate Dohatsua<\/strong> (1901-1929), Dimakoa, abade hirukoiztarra izan zan; 1983.eko urriaren 30ean beatifikatua. <\/p>\n<p><strong>Rafaela de Ybarra Dohatsua<\/strong> (1843-1900), Bilbokoa, laikoa eta familia ugariaren ama, Aingeru Begiraleen Institutua sortu eban. 1984.eko irailaren 30ean beatifikatua izan zan. <\/p>\n<p><strong>Frantzisko Garate<\/strong> (1857-1929). Jesusen Lagundiko anai hau 1985.eko urriaren 6an beatifikatua izan zan. Loiolan (Gipuzkoa) jaioa, bere erlijioso bizitza luzea Deustuko Unibertsitatean emon eban, atezain lanak eginez. <\/p>\n<p>Azkenaldian, Ajangizen (Bizkaia) jaio eta, erlijioso bizitzan 56 urte emon ondoren, 1937.eko uztailaren 25ean Motrilen (Granada) hil zan Leon Intxausti Mintegia (1859-1937) abade agustindar errekoletoa beatifikatu dabe. <\/p>\n<p>Martxoaren 11n, Aita Santuak Bizkaian jaiotako Vedrunako Karitateko Karmeldarren Institutu Erlijiosoko hiru erlijiosa beatifikatu ebazan. Honeek dira: <strong>Sor Francisca de Amezua Ibaibarriaga<\/strong> (1881-1936), Abadi\u00f1oko Tra\u00f1a-Goti baserrian jaio eta El Salerren (Valentzia) hil zan 1936ko abuztuaren 19an, bizitza erlijiosoan 36 urte emon ondoren; <strong>Sor Mar\u00eda Consuelo Cu\u00f1ado Gonz\u00e1lez<\/strong> (1884-1936), Bilbon jaio eta Valentzian hil zan 1936ko abuztuaren 24ean, bizitza erlijiosoan 35 urte eroazala; eta <strong>Sor Feliciana de Uribe Orbe<\/strong> (1893-1936), Muxikako Zubieta baserrian jaio eta Paternako Zaldi-eskolan (Valentzia) hil zan 1936ko azaroaren 24ean, bizitza erlijiosoan 23 urte igaro ondoren. <\/p>\n<p><strong>2013.eko urriaren 13an dohatsu autortutako martiri dohatsuak:<\/strong> Antonio Sola, Bilbokoa; Buenaventura Gabika-Etxebarria, Ajangizekoa; Emilio Serrano, Bilbokoa; Esteban Ciriaco Barrenechea, Elorriokoa; Francisco Euba eta Gorro\u00f1o, Zornotzakoa; Hermenegildo Iza eta Aregita, Mendata-Albizekoa; Joaquina Rey, Bego\u00f1akoa; Jose Recalde, Galdakokoa; Juan Antonio Salutregui, Gernika-Lumokoa; Juan Antonio Bengoa eta Larr\u00ednaga, Dimakoa; Luis Aguirre, Mungiakoa eta Victoria Arregui, Bilbokoa.<\/p>\n<p>[\/et_pb_text][\/et_pb_column][\/et_pb_row][\/et_pb_section]<\/p>\n","protected":false},"excerpt":{"rendered":"<p>Zaindariak eta SantuakLoiolako San Inazio eta Berrio-Otxoako San Balendin dira Bizkaiko zaindariak.San Inaziok, amaren aldetik, ondarrutar jatorria eban. Pio XII.ak izendatu eban Bilboko Elizbarrutiko Zaindari 1949.eko azaroaren 2ko \u201cQuo commodius\u201d Eraketa Buldan. Ordurako Bizkaiko Jaurerriko Zaindaria zan, Gernikako Batzar Nagusiek 1680. urtean hautatu eta 1682. urtean Inozentzio XI.ak berretsi ondoren.Berrio-Otxoako San Balendin, 1827. urtean Elorrioan [&hellip;]<\/p>\n","protected":false},"author":1,"featured_media":0,"parent":11623,"menu_order":0,"comment_status":"closed","ping_status":"closed","template":"","meta":{"_acf_changed":false,"_et_pb_use_builder":"on","_et_pb_old_content":"","_et_gb_content_width":"","_mc_calendar":[],"footnotes":""},"class_list":["post-12095","page","type-page","status-publish","hentry"],"acf":[],"yoast_head":"<!-- This site is optimized with the Yoast SEO Premium plugin v27.2 (Yoast SEO v27.2) - https:\/\/yoast.com\/product\/yoast-seo-premium-wordpress\/ -->\n<title>Zaindariak eta Santuak - Bilboko Elizbarrutia - Di\u00f3cesis de Bilbao<\/title>\n<meta name=\"robots\" content=\"index, follow, max-snippet:-1, max-image-preview:large, max-video-preview:-1\" \/>\n<link rel=\"canonical\" href=\"https:\/\/bizkeliza.org\/eu\/elizbarrutia\/zaindariak-eta-santuak\/\" \/>\n<meta property=\"og:locale\" content=\"eu_ES\" \/>\n<meta property=\"og:type\" content=\"article\" \/>\n<meta property=\"og:title\" content=\"Zaindariak eta Santuak\" \/>\n<meta property=\"og:description\" content=\"Zaindariak eta SantuakLoiolako San Inazio eta Berrio-Otxoako San Balendin dira Bizkaiko zaindariak.San Inaziok, amaren aldetik, ondarrutar jatorria eban. Pio XII.ak izendatu eban Bilboko Elizbarrutiko Zaindari 1949.eko azaroaren 2ko \u201cQuo commodius\u201d Eraketa Buldan. Ordurako Bizkaiko Jaurerriko Zaindaria zan, Gernikako Batzar Nagusiek 1680. urtean hautatu eta 1682. urtean Inozentzio XI.ak berretsi ondoren.Berrio-Otxoako San Balendin, 1827. urtean Elorrioan [&hellip;]\" \/>\n<meta property=\"og:url\" content=\"https:\/\/bizkeliza.org\/eu\/elizbarrutia\/zaindariak-eta-santuak\/\" \/>\n<meta property=\"og:site_name\" content=\"Bilboko Elizbarrutia - Di\u00f3cesis de Bilbao\" \/>\n<meta property=\"article:publisher\" content=\"https:\/\/www.facebook.com\/DiocesisBilbao\/\" \/>\n<meta property=\"article:modified_time\" content=\"2021-10-21T15:37:16+00:00\" \/>\n<meta property=\"og:image\" content=\"https:\/\/bizkeliza.org\/wp-content\/uploads\/2024\/01\/logoobispado2025.jpg\" \/>\n\t<meta property=\"og:image:width\" content=\"1399\" \/>\n\t<meta property=\"og:image:height\" content=\"495\" \/>\n\t<meta property=\"og:image:type\" content=\"image\/jpeg\" \/>\n<meta name=\"twitter:card\" content=\"summary_large_image\" \/>\n<meta name=\"twitter:site\" content=\"@DiocesisBilbao\" \/>\n<script type=\"application\/ld+json\" class=\"yoast-schema-graph\">{\"@context\":\"https:\/\/schema.org\",\"@graph\":[{\"@type\":\"WebPage\",\"@id\":\"https:\/\/bizkeliza.org\/eu\/elizbarrutia\/zaindariak-eta-santuak\/\",\"url\":\"https:\/\/bizkeliza.org\/eu\/elizbarrutia\/zaindariak-eta-santuak\/\",\"name\":\"Zaindariak eta Santuak - Bilboko Elizbarrutia - Di\u00f3cesis de Bilbao\",\"isPartOf\":{\"@id\":\"https:\/\/bizkeliza.org\/eu\/#website\"},\"datePublished\":\"2021-10-21T15:02:20+00:00\",\"dateModified\":\"2021-10-21T15:37:16+00:00\",\"breadcrumb\":{\"@id\":\"https:\/\/bizkeliza.org\/eu\/elizbarrutia\/zaindariak-eta-santuak\/#breadcrumb\"},\"inLanguage\":\"eu-ES\",\"potentialAction\":[{\"@type\":\"ReadAction\",\"target\":[\"https:\/\/bizkeliza.org\/eu\/elizbarrutia\/zaindariak-eta-santuak\/\"]}]},{\"@type\":\"BreadcrumbList\",\"@id\":\"https:\/\/bizkeliza.org\/eu\/elizbarrutia\/zaindariak-eta-santuak\/#breadcrumb\",\"itemListElement\":[{\"@type\":\"ListItem\",\"position\":1,\"name\":\"Portada\",\"item\":\"https:\/\/bizkeliza.org\/eu\/\"},{\"@type\":\"ListItem\",\"position\":2,\"name\":\"Eleizbarrutia\",\"item\":\"https:\/\/bizkeliza.org\/eu\/diocesis\/\"},{\"@type\":\"ListItem\",\"position\":3,\"name\":\"Zaindariak eta Santuak\"}]},{\"@type\":\"WebSite\",\"@id\":\"https:\/\/bizkeliza.org\/eu\/#website\",\"url\":\"https:\/\/bizkeliza.org\/eu\/\",\"name\":\"Bilboko Elizbarrutia - Di\u00f3cesis de Bilbao\",\"description\":\"Di\u00f3cesis de Bilbao\",\"publisher\":{\"@id\":\"https:\/\/bizkeliza.org\/eu\/#organization\"},\"alternateName\":\"Di\u00f3cesis de Bilbao\",\"potentialAction\":[{\"@type\":\"SearchAction\",\"target\":{\"@type\":\"EntryPoint\",\"urlTemplate\":\"https:\/\/bizkeliza.org\/eu\/?s={search_term_string}\"},\"query-input\":{\"@type\":\"PropertyValueSpecification\",\"valueRequired\":true,\"valueName\":\"search_term_string\"}}],\"inLanguage\":\"eu-ES\"},{\"@type\":\"Organization\",\"@id\":\"https:\/\/bizkeliza.org\/eu\/#organization\",\"name\":\"Di\u00f3cesis de Bilbao\",\"alternateName\":\"Di\u00f3cesis de Bilbao\",\"url\":\"https:\/\/bizkeliza.org\/eu\/\",\"logo\":{\"@type\":\"ImageObject\",\"inLanguage\":\"eu-ES\",\"@id\":\"https:\/\/bizkeliza.org\/eu\/#\/schema\/logo\/image\/\",\"url\":\"https:\/\/bizkeliza.org\/wp-content\/uploads\/2022\/06\/Logo-nuevo_2024-1-scaled.jpg\",\"contentUrl\":\"https:\/\/bizkeliza.org\/wp-content\/uploads\/2022\/06\/Logo-nuevo_2024-1-scaled.jpg\",\"width\":2560,\"height\":1024,\"caption\":\"Di\u00f3cesis de Bilbao\"},\"image\":{\"@id\":\"https:\/\/bizkeliza.org\/eu\/#\/schema\/logo\/image\/\"},\"sameAs\":[\"https:\/\/www.facebook.com\/DiocesisBilbao\/\",\"https:\/\/x.com\/DiocesisBilbao\",\"https:\/\/www.instagram.com\/obispadobilbao\/\",\"https:\/\/www.youtube.com\/user\/bilbokoelizbarrutia\"],\"description\":\"Iglesia local de Bilbao perteneciente a la Iglesia Cat\u00f3lica\"}]}<\/script>\n<!-- \/ Yoast SEO Premium plugin. -->","yoast_head_json":{"title":"Zaindariak eta Santuak - Bilboko Elizbarrutia - Di\u00f3cesis de Bilbao","robots":{"index":"index","follow":"follow","max-snippet":"max-snippet:-1","max-image-preview":"max-image-preview:large","max-video-preview":"max-video-preview:-1"},"canonical":"https:\/\/bizkeliza.org\/eu\/elizbarrutia\/zaindariak-eta-santuak\/","og_locale":"eu_ES","og_type":"article","og_title":"Zaindariak eta Santuak","og_description":"Zaindariak eta SantuakLoiolako San Inazio eta Berrio-Otxoako San Balendin dira Bizkaiko zaindariak.San Inaziok, amaren aldetik, ondarrutar jatorria eban. Pio XII.ak izendatu eban Bilboko Elizbarrutiko Zaindari 1949.eko azaroaren 2ko \u201cQuo commodius\u201d Eraketa Buldan. Ordurako Bizkaiko Jaurerriko Zaindaria zan, Gernikako Batzar Nagusiek 1680. urtean hautatu eta 1682. urtean Inozentzio XI.ak berretsi ondoren.Berrio-Otxoako San Balendin, 1827. urtean Elorrioan [&hellip;]","og_url":"https:\/\/bizkeliza.org\/eu\/elizbarrutia\/zaindariak-eta-santuak\/","og_site_name":"Bilboko Elizbarrutia - Di\u00f3cesis de Bilbao","article_publisher":"https:\/\/www.facebook.com\/DiocesisBilbao\/","article_modified_time":"2021-10-21T15:37:16+00:00","og_image":[{"width":1399,"height":495,"url":"https:\/\/bizkeliza.org\/wp-content\/uploads\/2024\/01\/logoobispado2025.jpg","type":"image\/jpeg"}],"twitter_card":"summary_large_image","twitter_site":"@DiocesisBilbao","schema":{"@context":"https:\/\/schema.org","@graph":[{"@type":"WebPage","@id":"https:\/\/bizkeliza.org\/eu\/elizbarrutia\/zaindariak-eta-santuak\/","url":"https:\/\/bizkeliza.org\/eu\/elizbarrutia\/zaindariak-eta-santuak\/","name":"Zaindariak eta Santuak - Bilboko Elizbarrutia - Di\u00f3cesis de Bilbao","isPartOf":{"@id":"https:\/\/bizkeliza.org\/eu\/#website"},"datePublished":"2021-10-21T15:02:20+00:00","dateModified":"2021-10-21T15:37:16+00:00","breadcrumb":{"@id":"https:\/\/bizkeliza.org\/eu\/elizbarrutia\/zaindariak-eta-santuak\/#breadcrumb"},"inLanguage":"eu-ES","potentialAction":[{"@type":"ReadAction","target":["https:\/\/bizkeliza.org\/eu\/elizbarrutia\/zaindariak-eta-santuak\/"]}]},{"@type":"BreadcrumbList","@id":"https:\/\/bizkeliza.org\/eu\/elizbarrutia\/zaindariak-eta-santuak\/#breadcrumb","itemListElement":[{"@type":"ListItem","position":1,"name":"Portada","item":"https:\/\/bizkeliza.org\/eu\/"},{"@type":"ListItem","position":2,"name":"Eleizbarrutia","item":"https:\/\/bizkeliza.org\/eu\/diocesis\/"},{"@type":"ListItem","position":3,"name":"Zaindariak eta Santuak"}]},{"@type":"WebSite","@id":"https:\/\/bizkeliza.org\/eu\/#website","url":"https:\/\/bizkeliza.org\/eu\/","name":"Bilboko Elizbarrutia - Di\u00f3cesis de Bilbao","description":"Di\u00f3cesis de Bilbao","publisher":{"@id":"https:\/\/bizkeliza.org\/eu\/#organization"},"alternateName":"Di\u00f3cesis de Bilbao","potentialAction":[{"@type":"SearchAction","target":{"@type":"EntryPoint","urlTemplate":"https:\/\/bizkeliza.org\/eu\/?s={search_term_string}"},"query-input":{"@type":"PropertyValueSpecification","valueRequired":true,"valueName":"search_term_string"}}],"inLanguage":"eu-ES"},{"@type":"Organization","@id":"https:\/\/bizkeliza.org\/eu\/#organization","name":"Di\u00f3cesis de Bilbao","alternateName":"Di\u00f3cesis de Bilbao","url":"https:\/\/bizkeliza.org\/eu\/","logo":{"@type":"ImageObject","inLanguage":"eu-ES","@id":"https:\/\/bizkeliza.org\/eu\/#\/schema\/logo\/image\/","url":"https:\/\/bizkeliza.org\/wp-content\/uploads\/2022\/06\/Logo-nuevo_2024-1-scaled.jpg","contentUrl":"https:\/\/bizkeliza.org\/wp-content\/uploads\/2022\/06\/Logo-nuevo_2024-1-scaled.jpg","width":2560,"height":1024,"caption":"Di\u00f3cesis de Bilbao"},"image":{"@id":"https:\/\/bizkeliza.org\/eu\/#\/schema\/logo\/image\/"},"sameAs":["https:\/\/www.facebook.com\/DiocesisBilbao\/","https:\/\/x.com\/DiocesisBilbao","https:\/\/www.instagram.com\/obispadobilbao\/","https:\/\/www.youtube.com\/user\/bilbokoelizbarrutia"],"description":"Iglesia local de Bilbao perteneciente a la Iglesia Cat\u00f3lica"}]}},"jetpack_sharing_enabled":true,"_links":{"self":[{"href":"https:\/\/bizkeliza.org\/eu\/wp-json\/wp\/v2\/pages\/12095","targetHints":{"allow":["GET"]}}],"collection":[{"href":"https:\/\/bizkeliza.org\/eu\/wp-json\/wp\/v2\/pages"}],"about":[{"href":"https:\/\/bizkeliza.org\/eu\/wp-json\/wp\/v2\/types\/page"}],"author":[{"embeddable":true,"href":"https:\/\/bizkeliza.org\/eu\/wp-json\/wp\/v2\/users\/1"}],"replies":[{"embeddable":true,"href":"https:\/\/bizkeliza.org\/eu\/wp-json\/wp\/v2\/comments?post=12095"}],"version-history":[{"count":0,"href":"https:\/\/bizkeliza.org\/eu\/wp-json\/wp\/v2\/pages\/12095\/revisions"}],"up":[{"embeddable":true,"href":"https:\/\/bizkeliza.org\/eu\/wp-json\/wp\/v2\/pages\/11623"}],"wp:attachment":[{"href":"https:\/\/bizkeliza.org\/eu\/wp-json\/wp\/v2\/media?parent=12095"}],"curies":[{"name":"wp","href":"https:\/\/api.w.org\/{rel}","templated":true}]}}