{"id":12472,"date":"2021-10-28T09:45:13","date_gmt":"2021-10-28T07:45:13","guid":{"rendered":"https:\/\/boring-dhawan.137-117-168-183.plesk.page\/ebanjelizazinoa\/ekonomia\/herentziak-eta-legaduak\/"},"modified":"2021-10-28T09:46:17","modified_gmt":"2021-10-28T07:46:17","slug":"herentziak-eta-legaduak","status":"publish","type":"page","link":"https:\/\/bizkeliza.org\/eu\/ebanjelizazinoa\/ekonomia\/herentziak-eta-legaduak\/","title":{"rendered":"Herentziak eta Legaduak"},"content":{"rendered":"<p>[et_pb_section fb_built=&#8221;1&#8243; _builder_version=&#8221;4.6.1&#8243; _module_preset=&#8221;default&#8221; custom_padding=&#8221;||40px||false|false&#8221;][et_pb_row column_structure=&#8221;1_3,2_3&#8243; use_custom_gutter=&#8221;on&#8221; gutter_width=&#8221;2&#8243; _builder_version=&#8221;4.6.1&#8243; _module_preset=&#8221;default&#8221; max_width=&#8221;1290px&#8221;][et_pb_column type=&#8221;1_3&#8243; _builder_version=&#8221;4.6.1&#8243; _module_preset=&#8221;default&#8221;][et_pb_text admin_label=&#8221;Text&#8221; _builder_version=&#8221;4.6.1&#8243; _module_preset=&#8221;default&#8221; header_font_size=&#8221;44px&#8221; header_line_height=&#8221;1.2em&#8221; header_4_font=&#8221;|700|||||||&#8221; custom_margin=&#8221;||||false|false&#8221; custom_padding=&#8221;||||false|false&#8221; header_font_size_tablet=&#8221;&#8221; header_font_size_phone=&#8221;34px&#8221; header_font_size_last_edited=&#8221;on|phone&#8221; header_3_font_size_tablet=&#8221;&#8221; header_3_font_size_phone=&#8221;22px&#8221; header_3_font_size_last_edited=&#8221;on|phone&#8221; header_4_font_size_tablet=&#8221;&#8221; header_4_font_size_phone=&#8221;18px&#8221; header_4_font_size_last_edited=&#8221;on|desktop&#8221;]<\/p>\n<h1 class=\"\">Herentziak eta Legaduak<\/h1>\n<p>[\/et_pb_text][\/et_pb_column][et_pb_column type=&#8221;2_3&#8243; _builder_version=&#8221;4.6.1&#8243; _module_preset=&#8221;default&#8221;][et_pb_text _builder_version=&#8221;4.6.1&#8243; _module_preset=&#8221;default&#8221; background_color=&#8221;#f5f7fa&#8221; custom_padding=&#8221;26px|26px|26px|26px|true|true&#8221; custom_padding_phone=&#8221;||||false|false&#8221; custom_padding_last_edited=&#8221;off|desktop&#8221; border_radii=&#8221;on|3px|3px|3px|3px&#8221; locked=&#8221;off&#8221; custom_css_main_element_last_edited=&#8221;on|desktop&#8221; custom_css_main_element_phone=&#8221;column-count:1;&#8221;]<\/p>\n<h4><b>Info &amp; Kontakto<\/b><\/h4>\n<p>Gerencia-Econom\u00eda:<br \/><strong>Jos\u00e9 Mar\u00eda Ziarrusta Abasolo<\/strong><br \/><span style=\"color: #000000;\"><b>Tel.:\u00a0<\/b><a href=\"tel:34944667962\">94 466 79 62<\/a><\/span><br \/><span style=\"font-weight: 400;\"><span style=\"color: #000000;\"><strong>E-mail:<\/strong><\/span> <a href=\"mailto:jmziarrusta@bizkeliza.org\" target=\"_blank\" rel=\"noopener noreferrer\">jmziarrusta@bizkeliza.org<\/a><\/span><br \/><span style=\"font-weight: 400;\"><span style=\"color: #000000;\"><strong>Direcci\u00f3n:<\/strong><\/span> Virgen de Bego\u00f1a 38. 48006 Bilbao<\/span><\/p>\n<p>[\/et_pb_text][\/et_pb_column][\/et_pb_row][\/et_pb_section][et_pb_section fb_built=&#8221;1&#8243; _builder_version=&#8221;4.6.1&#8243; _module_preset=&#8221;default&#8221; background_color=&#8221;#f5f7fa&#8221; custom_padding=&#8221;||70px|||&#8221;][et_pb_row column_structure=&#8221;1_3,2_3&#8243; use_custom_gutter=&#8221;on&#8221; gutter_width=&#8221;2&#8243; _builder_version=&#8221;4.6.1&#8243; _module_preset=&#8221;default&#8221; max_width=&#8221;1290px&#8221;][et_pb_column type=&#8221;1_3&#8243; _builder_version=&#8221;4.6.1&#8243; _module_preset=&#8221;default&#8221;][et_pb_text admin_label=&#8221;Text&#8221; _builder_version=&#8221;4.6.1&#8243; _module_preset=&#8221;default&#8221; header_font_size=&#8221;44px&#8221; header_line_height=&#8221;1.2em&#8221; header_4_font=&#8221;|700|||||||&#8221; custom_margin=&#8221;||||false|false&#8221; custom_padding=&#8221;||||false|false&#8221; header_font_size_tablet=&#8221;&#8221; header_font_size_phone=&#8221;34px&#8221; header_font_size_last_edited=&#8221;on|phone&#8221; header_3_font_size_tablet=&#8221;&#8221; header_3_font_size_phone=&#8221;22px&#8221; header_3_font_size_last_edited=&#8221;on|phone&#8221; header_4_font_size_tablet=&#8221;&#8221; header_4_font_size_phone=&#8221;18px&#8221; header_4_font_size_last_edited=&#8221;on|desktop&#8221;]<\/p>\n<h2>\u00bfZer dala-eta Bizkaiko Eleizaren aldeko konpromisoari eutsi herentzia edo legaduaren bidez?<\/h2>\n<p>[\/et_pb_text][\/et_pb_column][et_pb_column type=&#8221;2_3&#8243; _builder_version=&#8221;4.6.1&#8243; _module_preset=&#8221;default&#8221;][et_pb_text _builder_version=&#8221;4.6.1&#8243; _module_preset=&#8221;default&#8221; custom_margin=&#8221;-1px|||||&#8221;]<\/p>\n<p>Ni egon ez arren, nire laguntzari esker Bizkaiko Eleizak Barri Ona iragarri dagian eta behartsuentzat itxaropen argi izan daiten.<\/p>\n<p>[\/et_pb_text][\/et_pb_column][\/et_pb_row][et_pb_row column_structure=&#8221;1_3,2_3&#8243; use_custom_gutter=&#8221;on&#8221; gutter_width=&#8221;2&#8243; _builder_version=&#8221;4.6.1&#8243; _module_preset=&#8221;default&#8221; max_width=&#8221;1290px&#8221;][et_pb_column type=&#8221;1_3&#8243; _builder_version=&#8221;4.6.1&#8243; _module_preset=&#8221;default&#8221;][et_pb_text admin_label=&#8221;Text&#8221; _builder_version=&#8221;4.6.1&#8243; _module_preset=&#8221;default&#8221; header_font_size=&#8221;44px&#8221; header_line_height=&#8221;1.2em&#8221; header_4_font=&#8221;|700|||||||&#8221; custom_margin=&#8221;||||false|false&#8221; custom_padding=&#8221;||||false|false&#8221; header_font_size_tablet=&#8221;&#8221; header_font_size_phone=&#8221;34px&#8221; header_font_size_last_edited=&#8221;on|phone&#8221; header_3_font_size_tablet=&#8221;&#8221; header_3_font_size_phone=&#8221;22px&#8221; header_3_font_size_last_edited=&#8221;on|phone&#8221; header_4_font_size_tablet=&#8221;&#8221; header_4_font_size_phone=&#8221;18px&#8221; header_4_font_size_last_edited=&#8221;on|desktop&#8221;]<\/p>\n<h2>Zelan egin?<\/h2>\n<p>[\/et_pb_text][\/et_pb_column][et_pb_column type=&#8221;2_3&#8243; _builder_version=&#8221;4.6.1&#8243; _module_preset=&#8221;default&#8221;][et_pb_text _builder_version=&#8221;4.6.1&#8243; _module_preset=&#8221;default&#8221; custom_margin=&#8221;-1px|||||&#8221;]<\/p>\n<ul>\n<li>Nire ondasunen zati bat Bizkaiko Eleizeari zuzendu nire testamentuan.<\/li>\n<li>Nire ondasunen zati bat Bizkaiko Eleizeari zuzendu legadua eginez.<\/li>\n<li>Bizkaiko Eleiza oinordeko bakar edo oinordekide izendatuz.<\/li>\n<\/ul>\n<p>Herentzia edo legadua Bizkaiko Eleizaren alde izteko erabagia kontu pertsonal eta isilpekoa da. Bilboko Eleizbarrutiak erabateko zuhurtasunez jardungo dau.<\/p>\n<p>[\/et_pb_text][\/et_pb_column][\/et_pb_row][et_pb_row column_structure=&#8221;1_3,2_3&#8243; use_custom_gutter=&#8221;on&#8221; gutter_width=&#8221;2&#8243; _builder_version=&#8221;4.6.1&#8243; _module_preset=&#8221;default&#8221; max_width=&#8221;1290px&#8221;][et_pb_column type=&#8221;1_3&#8243; _builder_version=&#8221;4.6.1&#8243; _module_preset=&#8221;default&#8221;][\/et_pb_column][et_pb_column type=&#8221;2_3&#8243; _builder_version=&#8221;4.6.1&#8243; _module_preset=&#8221;default&#8221;][et_pb_text _builder_version=&#8221;4.6.1&#8243; _module_preset=&#8221;default&#8221; header_font_size=&#8221;44px&#8221; header_line_height=&#8221;1.2em&#8221; header_4_font=&#8221;|700|||||||&#8221; background_color=&#8221;#ffffff&#8221; custom_margin=&#8221;||||false|false&#8221; custom_padding=&#8221;26px|26px|26px|26px|true|true&#8221; header_3_font_size_tablet=&#8221;&#8221; header_3_font_size_phone=&#8221;22px&#8221; header_3_font_size_last_edited=&#8221;on|phone&#8221; header_4_font_size_tablet=&#8221;&#8221; header_4_font_size_phone=&#8221;18px&#8221; header_4_font_size_last_edited=&#8221;on|desktop&#8221; border_radii=&#8221;on|4px|4px|4px|4px&#8221; box_shadow_style=&#8221;preset1&#8243; locked=&#8221;off&#8221;]<\/p>\n<h4>Gehiago jakin gura izan ezkero:<\/h4>\n<p><span style=\"color: #000000;\"><strong>Tel.:<\/strong> <\/span><a href=\"tel.:+34944667979\">94 466 79 79<\/a><br \/><span style=\"color: #000000;\"><strong>email:<\/strong><\/span>\u00a0<a href=\"mailto:idazkaria@bizkeliza.org\" target=\"_blank\" rel=\"noopener noreferrer\">idazkaria@bizkeliza.org. \u00a0<\/a><\/p>\n<p><a href=\"https:\/\/diocesisdebilbao-my.sharepoint.com\/:b:\/g\/personal\/webbizkeliza_bizkeliza_org\/EQmkXVG0XkZEqMNF9H7bj2EB6nTVMTqRX9AgZPRmXS9VSw\" target=\"_blank\" rel=\"noopener noreferrer\">Txosten deskargatu <img decoding=\"async\" class=\"wp-image-5535 alignnone size-full\" src=\"https:\/\/bizkeliza.org\/wp-content\/uploads\/2021\/05\/follow-icon-verdeoscuro-2.png\" alt=\"\" width=\"21\" height=\"11\" \/><\/a><\/p>\n<p>[\/et_pb_text][\/et_pb_column][\/et_pb_row][\/et_pb_section]<\/p>\n","protected":false},"excerpt":{"rendered":"<p>Herentziak eta LegaduakInfo &amp; Kontakto Gerencia-Econom\u00eda:Jos\u00e9 Mar\u00eda Ziarrusta AbasoloTel.:\u00a094 466 79 62E-mail: jmziarrusta@bizkeliza.orgDirecci\u00f3n: Virgen de Bego\u00f1a 38. 48006 Bilbao\u00bfZer dala-eta Bizkaiko Eleizaren aldeko konpromisoari eutsi herentzia edo legaduaren bidez?Ni egon ez arren, nire laguntzari esker Bizkaiko Eleizak Barri Ona iragarri dagian eta behartsuentzat itxaropen argi izan daiten.Zelan egin? Nire ondasunen zati bat Bizkaiko Eleizeari zuzendu [&hellip;]<\/p>\n","protected":false},"author":2,"featured_media":0,"parent":12446,"menu_order":0,"comment_status":"closed","ping_status":"closed","template":"","meta":{"_acf_changed":false,"_et_pb_use_builder":"on","_et_pb_old_content":"","_et_gb_content_width":"","footnotes":""},"class_list":["post-12472","page","type-page","status-publish","hentry"],"acf":[],"yoast_head":"<!-- This site is optimized with the Yoast SEO Premium plugin v27.5 (Yoast SEO v27.5) - https:\/\/yoast.com\/product\/yoast-seo-premium-wordpress\/ -->\n<title>Herentziak eta Legaduak - Bilboko Elizbarrutia - Di\u00f3cesis de Bilbao<\/title>\n<meta name=\"robots\" content=\"index, follow, max-snippet:-1, max-image-preview:large, max-video-preview:-1\" \/>\n<link rel=\"canonical\" href=\"https:\/\/bizkeliza.org\/eu\/ebanjelizazinoa\/ekonomia\/herentziak-eta-legaduak\/\" \/>\n<meta property=\"og:locale\" content=\"eu_ES\" \/>\n<meta property=\"og:type\" content=\"article\" \/>\n<meta property=\"og:title\" content=\"Herentziak eta Legaduak\" \/>\n<meta property=\"og:description\" content=\"Herentziak eta LegaduakInfo &amp; Kontakto Gerencia-Econom\u00eda:Jos\u00e9 Mar\u00eda Ziarrusta AbasoloTel.:\u00a094 466 79 62E-mail: jmziarrusta@bizkeliza.orgDirecci\u00f3n: Virgen de Bego\u00f1a 38. 48006 Bilbao\u00bfZer dala-eta Bizkaiko Eleizaren aldeko konpromisoari eutsi herentzia edo legaduaren bidez?Ni egon ez arren, nire laguntzari esker Bizkaiko Eleizak Barri Ona iragarri dagian eta behartsuentzat itxaropen argi izan daiten.Zelan egin? Nire ondasunen zati bat Bizkaiko Eleizeari zuzendu [&hellip;]\" \/>\n<meta property=\"og:url\" content=\"https:\/\/bizkeliza.org\/eu\/ebanjelizazinoa\/ekonomia\/herentziak-eta-legaduak\/\" \/>\n<meta property=\"og:site_name\" content=\"Bilboko Elizbarrutia - Di\u00f3cesis de Bilbao\" \/>\n<meta property=\"article:publisher\" content=\"https:\/\/www.facebook.com\/DiocesisBilbao\/\" \/>\n<meta property=\"article:modified_time\" content=\"2021-10-28T07:46:17+00:00\" \/>\n<meta property=\"og:image\" content=\"https:\/\/bizkeliza.org\/wp-content\/uploads\/2021\/05\/follow-icon-verdeoscuro-2.png\" \/>\n<meta name=\"twitter:card\" content=\"summary_large_image\" \/>\n<meta name=\"twitter:site\" content=\"@DiocesisBilbao\" \/>\n<script type=\"application\/ld+json\" class=\"yoast-schema-graph\">{\"@context\":\"https:\\\/\\\/schema.org\",\"@graph\":[{\"@type\":\"WebPage\",\"@id\":\"https:\\\/\\\/bizkeliza.org\\\/eu\\\/ebanjelizazinoa\\\/ekonomia\\\/herentziak-eta-legaduak\\\/\",\"url\":\"https:\\\/\\\/bizkeliza.org\\\/eu\\\/ebanjelizazinoa\\\/ekonomia\\\/herentziak-eta-legaduak\\\/\",\"name\":\"Herentziak eta Legaduak - Bilboko Elizbarrutia - Di\u00f3cesis de Bilbao\",\"isPartOf\":{\"@id\":\"https:\\\/\\\/bizkeliza.org\\\/eu\\\/#website\"},\"primaryImageOfPage\":{\"@id\":\"https:\\\/\\\/bizkeliza.org\\\/eu\\\/ebanjelizazinoa\\\/ekonomia\\\/herentziak-eta-legaduak\\\/#primaryimage\"},\"image\":{\"@id\":\"https:\\\/\\\/bizkeliza.org\\\/eu\\\/ebanjelizazinoa\\\/ekonomia\\\/herentziak-eta-legaduak\\\/#primaryimage\"},\"thumbnailUrl\":\"https:\\\/\\\/bizkeliza.org\\\/wp-content\\\/uploads\\\/2021\\\/05\\\/follow-icon-verdeoscuro-2.png\",\"datePublished\":\"2021-10-28T07:45:13+00:00\",\"dateModified\":\"2021-10-28T07:46:17+00:00\",\"breadcrumb\":{\"@id\":\"https:\\\/\\\/bizkeliza.org\\\/eu\\\/ebanjelizazinoa\\\/ekonomia\\\/herentziak-eta-legaduak\\\/#breadcrumb\"},\"inLanguage\":\"eu-ES\",\"potentialAction\":[{\"@type\":\"ReadAction\",\"target\":[\"https:\\\/\\\/bizkeliza.org\\\/eu\\\/ebanjelizazinoa\\\/ekonomia\\\/herentziak-eta-legaduak\\\/\"]}]},{\"@type\":\"ImageObject\",\"inLanguage\":\"eu-ES\",\"@id\":\"https:\\\/\\\/bizkeliza.org\\\/eu\\\/ebanjelizazinoa\\\/ekonomia\\\/herentziak-eta-legaduak\\\/#primaryimage\",\"url\":\"https:\\\/\\\/bizkeliza.org\\\/wp-content\\\/uploads\\\/2021\\\/05\\\/follow-icon-verdeoscuro-2.png\",\"contentUrl\":\"https:\\\/\\\/bizkeliza.org\\\/wp-content\\\/uploads\\\/2021\\\/05\\\/follow-icon-verdeoscuro-2.png\"},{\"@type\":\"BreadcrumbList\",\"@id\":\"https:\\\/\\\/bizkeliza.org\\\/eu\\\/ebanjelizazinoa\\\/ekonomia\\\/herentziak-eta-legaduak\\\/#breadcrumb\",\"itemListElement\":[{\"@type\":\"ListItem\",\"position\":1,\"name\":\"Portada\",\"item\":\"https:\\\/\\\/bizkeliza.org\\\/eu\\\/\"},{\"@type\":\"ListItem\",\"position\":2,\"name\":\"Ebanjelizazinoa\",\"item\":\"https:\\\/\\\/bizkeliza.org\\\/eu\\\/evangelizacion\\\/\"},{\"@type\":\"ListItem\",\"position\":3,\"name\":\"Ekonomia\",\"item\":\"https:\\\/\\\/bizkeliza.org\\\/eu\\\/evangelizacion\\\/economia\\\/\"},{\"@type\":\"ListItem\",\"position\":4,\"name\":\"Herentziak eta Legaduak\"}]},{\"@type\":\"WebSite\",\"@id\":\"https:\\\/\\\/bizkeliza.org\\\/eu\\\/#website\",\"url\":\"https:\\\/\\\/bizkeliza.org\\\/eu\\\/\",\"name\":\"Bilboko Elizbarrutia - Di\u00f3cesis de Bilbao\",\"description\":\"Di\u00f3cesis de Bilbao\",\"publisher\":{\"@id\":\"https:\\\/\\\/bizkeliza.org\\\/eu\\\/#organization\"},\"alternateName\":\"Di\u00f3cesis de Bilbao\",\"potentialAction\":[{\"@type\":\"SearchAction\",\"target\":{\"@type\":\"EntryPoint\",\"urlTemplate\":\"https:\\\/\\\/bizkeliza.org\\\/eu\\\/?s={search_term_string}\"},\"query-input\":{\"@type\":\"PropertyValueSpecification\",\"valueRequired\":true,\"valueName\":\"search_term_string\"}}],\"inLanguage\":\"eu-ES\"},{\"@type\":\"Organization\",\"@id\":\"https:\\\/\\\/bizkeliza.org\\\/eu\\\/#organization\",\"name\":\"Di\u00f3cesis de Bilbao\",\"alternateName\":\"Di\u00f3cesis de Bilbao\",\"url\":\"https:\\\/\\\/bizkeliza.org\\\/eu\\\/\",\"logo\":{\"@type\":\"ImageObject\",\"inLanguage\":\"eu-ES\",\"@id\":\"https:\\\/\\\/bizkeliza.org\\\/eu\\\/#\\\/schema\\\/logo\\\/image\\\/\",\"url\":\"https:\\\/\\\/bizkeliza.org\\\/wp-content\\\/uploads\\\/2022\\\/06\\\/Logo-nuevo_2024-1-scaled.jpg\",\"contentUrl\":\"https:\\\/\\\/bizkeliza.org\\\/wp-content\\\/uploads\\\/2022\\\/06\\\/Logo-nuevo_2024-1-scaled.jpg\",\"width\":2560,\"height\":1024,\"caption\":\"Di\u00f3cesis de Bilbao\"},\"image\":{\"@id\":\"https:\\\/\\\/bizkeliza.org\\\/eu\\\/#\\\/schema\\\/logo\\\/image\\\/\"},\"sameAs\":[\"https:\\\/\\\/www.facebook.com\\\/DiocesisBilbao\\\/\",\"https:\\\/\\\/x.com\\\/DiocesisBilbao\",\"https:\\\/\\\/www.instagram.com\\\/obispadobilbao\\\/\",\"https:\\\/\\\/www.youtube.com\\\/user\\\/bilbokoelizbarrutia\"],\"description\":\"Iglesia local de Bilbao perteneciente a la Iglesia Cat\u00f3lica\"}]}<\/script>\n<!-- \/ Yoast SEO Premium plugin. -->","yoast_head_json":{"title":"Herentziak eta Legaduak - Bilboko Elizbarrutia - Di\u00f3cesis de Bilbao","robots":{"index":"index","follow":"follow","max-snippet":"max-snippet:-1","max-image-preview":"max-image-preview:large","max-video-preview":"max-video-preview:-1"},"canonical":"https:\/\/bizkeliza.org\/eu\/ebanjelizazinoa\/ekonomia\/herentziak-eta-legaduak\/","og_locale":"eu_ES","og_type":"article","og_title":"Herentziak eta Legaduak","og_description":"Herentziak eta LegaduakInfo &amp; Kontakto Gerencia-Econom\u00eda:Jos\u00e9 Mar\u00eda Ziarrusta AbasoloTel.:\u00a094 466 79 62E-mail: jmziarrusta@bizkeliza.orgDirecci\u00f3n: Virgen de Bego\u00f1a 38. 48006 Bilbao\u00bfZer dala-eta Bizkaiko Eleizaren aldeko konpromisoari eutsi herentzia edo legaduaren bidez?Ni egon ez arren, nire laguntzari esker Bizkaiko Eleizak Barri Ona iragarri dagian eta behartsuentzat itxaropen argi izan daiten.Zelan egin? Nire ondasunen zati bat Bizkaiko Eleizeari zuzendu [&hellip;]","og_url":"https:\/\/bizkeliza.org\/eu\/ebanjelizazinoa\/ekonomia\/herentziak-eta-legaduak\/","og_site_name":"Bilboko Elizbarrutia - Di\u00f3cesis de Bilbao","article_publisher":"https:\/\/www.facebook.com\/DiocesisBilbao\/","article_modified_time":"2021-10-28T07:46:17+00:00","og_image":[{"url":"https:\/\/bizkeliza.org\/wp-content\/uploads\/2021\/05\/follow-icon-verdeoscuro-2.png","type":"","width":"","height":""}],"twitter_card":"summary_large_image","twitter_site":"@DiocesisBilbao","schema":{"@context":"https:\/\/schema.org","@graph":[{"@type":"WebPage","@id":"https:\/\/bizkeliza.org\/eu\/ebanjelizazinoa\/ekonomia\/herentziak-eta-legaduak\/","url":"https:\/\/bizkeliza.org\/eu\/ebanjelizazinoa\/ekonomia\/herentziak-eta-legaduak\/","name":"Herentziak eta Legaduak - Bilboko Elizbarrutia - Di\u00f3cesis de Bilbao","isPartOf":{"@id":"https:\/\/bizkeliza.org\/eu\/#website"},"primaryImageOfPage":{"@id":"https:\/\/bizkeliza.org\/eu\/ebanjelizazinoa\/ekonomia\/herentziak-eta-legaduak\/#primaryimage"},"image":{"@id":"https:\/\/bizkeliza.org\/eu\/ebanjelizazinoa\/ekonomia\/herentziak-eta-legaduak\/#primaryimage"},"thumbnailUrl":"https:\/\/bizkeliza.org\/wp-content\/uploads\/2021\/05\/follow-icon-verdeoscuro-2.png","datePublished":"2021-10-28T07:45:13+00:00","dateModified":"2021-10-28T07:46:17+00:00","breadcrumb":{"@id":"https:\/\/bizkeliza.org\/eu\/ebanjelizazinoa\/ekonomia\/herentziak-eta-legaduak\/#breadcrumb"},"inLanguage":"eu-ES","potentialAction":[{"@type":"ReadAction","target":["https:\/\/bizkeliza.org\/eu\/ebanjelizazinoa\/ekonomia\/herentziak-eta-legaduak\/"]}]},{"@type":"ImageObject","inLanguage":"eu-ES","@id":"https:\/\/bizkeliza.org\/eu\/ebanjelizazinoa\/ekonomia\/herentziak-eta-legaduak\/#primaryimage","url":"https:\/\/bizkeliza.org\/wp-content\/uploads\/2021\/05\/follow-icon-verdeoscuro-2.png","contentUrl":"https:\/\/bizkeliza.org\/wp-content\/uploads\/2021\/05\/follow-icon-verdeoscuro-2.png"},{"@type":"BreadcrumbList","@id":"https:\/\/bizkeliza.org\/eu\/ebanjelizazinoa\/ekonomia\/herentziak-eta-legaduak\/#breadcrumb","itemListElement":[{"@type":"ListItem","position":1,"name":"Portada","item":"https:\/\/bizkeliza.org\/eu\/"},{"@type":"ListItem","position":2,"name":"Ebanjelizazinoa","item":"https:\/\/bizkeliza.org\/eu\/evangelizacion\/"},{"@type":"ListItem","position":3,"name":"Ekonomia","item":"https:\/\/bizkeliza.org\/eu\/evangelizacion\/economia\/"},{"@type":"ListItem","position":4,"name":"Herentziak eta Legaduak"}]},{"@type":"WebSite","@id":"https:\/\/bizkeliza.org\/eu\/#website","url":"https:\/\/bizkeliza.org\/eu\/","name":"Bilboko Elizbarrutia - Di\u00f3cesis de Bilbao","description":"Di\u00f3cesis de Bilbao","publisher":{"@id":"https:\/\/bizkeliza.org\/eu\/#organization"},"alternateName":"Di\u00f3cesis de Bilbao","potentialAction":[{"@type":"SearchAction","target":{"@type":"EntryPoint","urlTemplate":"https:\/\/bizkeliza.org\/eu\/?s={search_term_string}"},"query-input":{"@type":"PropertyValueSpecification","valueRequired":true,"valueName":"search_term_string"}}],"inLanguage":"eu-ES"},{"@type":"Organization","@id":"https:\/\/bizkeliza.org\/eu\/#organization","name":"Di\u00f3cesis de Bilbao","alternateName":"Di\u00f3cesis de Bilbao","url":"https:\/\/bizkeliza.org\/eu\/","logo":{"@type":"ImageObject","inLanguage":"eu-ES","@id":"https:\/\/bizkeliza.org\/eu\/#\/schema\/logo\/image\/","url":"https:\/\/bizkeliza.org\/wp-content\/uploads\/2022\/06\/Logo-nuevo_2024-1-scaled.jpg","contentUrl":"https:\/\/bizkeliza.org\/wp-content\/uploads\/2022\/06\/Logo-nuevo_2024-1-scaled.jpg","width":2560,"height":1024,"caption":"Di\u00f3cesis de Bilbao"},"image":{"@id":"https:\/\/bizkeliza.org\/eu\/#\/schema\/logo\/image\/"},"sameAs":["https:\/\/www.facebook.com\/DiocesisBilbao\/","https:\/\/x.com\/DiocesisBilbao","https:\/\/www.instagram.com\/obispadobilbao\/","https:\/\/www.youtube.com\/user\/bilbokoelizbarrutia"],"description":"Iglesia local de Bilbao perteneciente a la Iglesia Cat\u00f3lica"}]}},"_links":{"self":[{"href":"https:\/\/bizkeliza.org\/eu\/wp-json\/wp\/v2\/pages\/12472","targetHints":{"allow":["GET"]}}],"collection":[{"href":"https:\/\/bizkeliza.org\/eu\/wp-json\/wp\/v2\/pages"}],"about":[{"href":"https:\/\/bizkeliza.org\/eu\/wp-json\/wp\/v2\/types\/page"}],"author":[{"embeddable":true,"href":"https:\/\/bizkeliza.org\/eu\/wp-json\/wp\/v2\/users\/2"}],"replies":[{"embeddable":true,"href":"https:\/\/bizkeliza.org\/eu\/wp-json\/wp\/v2\/comments?post=12472"}],"version-history":[{"count":0,"href":"https:\/\/bizkeliza.org\/eu\/wp-json\/wp\/v2\/pages\/12472\/revisions"}],"up":[{"embeddable":true,"href":"https:\/\/bizkeliza.org\/eu\/wp-json\/wp\/v2\/pages\/12446"}],"wp:attachment":[{"href":"https:\/\/bizkeliza.org\/eu\/wp-json\/wp\/v2\/media?parent=12472"}],"curies":[{"name":"wp","href":"https:\/\/api.w.org\/{rel}","templated":true}]}}