{"id":12637,"date":"2021-05-27T12:35:49","date_gmt":"2021-05-27T10:35:49","guid":{"rendered":"https:\/\/boring-dhawan.137-117-168-183.plesk.page\/elizbarrutiko-gida\/elizbarrutiko-kontseiluak\/abade-kontseilua\/"},"modified":"2026-04-07T12:33:28","modified_gmt":"2026-04-07T10:33:28","slug":"abade-kontseilua","status":"publish","type":"page","link":"https:\/\/bizkeliza.org\/eu\/elizbarrutia\/elizbarrutiko-gida\/elizbarrutiko-kontseiluak\/abade-kontseilua\/","title":{"rendered":"Abade kontseilua"},"content":{"rendered":"<p>[et_pb_section fb_built=&#8221;1&#8243; _builder_version=&#8221;4.16&#8243; _module_preset=&#8221;default&#8221; custom_padding=&#8221;||40px||false|false&#8221; global_colors_info=&#8221;{}&#8221;][et_pb_row column_structure=&#8221;1_3,2_3&#8243; _builder_version=&#8221;4.17.3&#8243; _module_preset=&#8221;default&#8221; global_colors_info=&#8221;{}&#8221;][et_pb_column type=&#8221;1_3&#8243; _builder_version=&#8221;4.27.4&#8243; _module_preset=&#8221;default&#8221; global_colors_info=&#8221;{}&#8221;][et_pb_text admin_label=&#8221;Text&#8221; _builder_version=&#8221;4.18.1&#8243; _module_preset=&#8221;default&#8221; header_font_size=&#8221;44px&#8221; header_line_height=&#8221;1.2em&#8221; header_4_font=&#8221;|700|||||||&#8221; custom_margin=&#8221;||||false|false&#8221; custom_padding=&#8221;||||false|false&#8221; header_font_size_tablet=&#8221;&#8221; header_font_size_phone=&#8221;34px&#8221; header_font_size_last_edited=&#8221;on|phone&#8221; header_3_font_size_tablet=&#8221;&#8221; header_3_font_size_phone=&#8221;22px&#8221; header_3_font_size_last_edited=&#8221;on|phone&#8221; header_4_font_size_tablet=&#8221;&#8221; header_4_font_size_phone=&#8221;18px&#8221; header_4_font_size_last_edited=&#8221;on|desktop&#8221; global_colors_info=&#8221;{}&#8221;]<\/p>\n<h1>Abade kontseilua<\/h1>\n<p>[\/et_pb_text][\/et_pb_column][et_pb_column type=&#8221;2_3&#8243; _builder_version=&#8221;4.16&#8243; _module_preset=&#8221;default&#8221; global_colors_info=&#8221;{}&#8221;][et_pb_text _builder_version=&#8221;4.27.4&#8243; _module_preset=&#8221;default&#8221; custom_padding_tablet=&#8221;&#8221; custom_padding_phone=&#8221;||||false|false&#8221; custom_padding_last_edited=&#8221;on|desktop&#8221; hover_enabled=&#8221;0&#8243; global_colors_info=&#8221;{}&#8221; sticky_enabled=&#8221;0&#8243;]<\/p>\n<p class=\"p1\"><span class=\"s1\">Eleizbarrutiko Gotzainari jagoko Presidenteatza Eleizbarrutiko Kontseilu guztietan.<\/span><\/p>\n<p><\/p>\n<p class=\"p1\"><span class=\"s1\">Eleizbarruti bakotxean Abade Kontseilua eratu behar da, eleizbarrutiko abadeak ordezkatuz, Gotzainari Eleizbarrutiaren gobernuan lagundu deion (495 k.).<\/span><\/p>\n<p><\/p>\n<ul>\n<li class=\"p4\"><span class=\"s1\"><strong>Joseba Segura Etxezarraga<\/strong><br \/>Gotzaina<\/span><\/li>\n<\/ul>\n<p><\/p>\n<h4 class=\"p4\"><span class=\"s1\">Berezko kideak<\/span><\/h4>\n<p><\/p>\n<ul>\n<li class=\"p5\">\n<p><strong>Kerman L\u00f3pez Campo<\/strong><br \/>Bikario Nagusia<\/p>\n<\/li>\n<li class=\"p5\">\n<p><strong>Sergio Buiza Alcorta<\/strong><br \/>Lurraldeko Bikarioa (I. Bikaritza)<\/p>\n<\/li>\n<li class=\"p5\">\n<p><strong>Miguel Vera Art\u00e1zcoz<\/strong><br \/>Lurraldeko Bikarioa (II. Bikaritza)<\/p>\n<\/li>\n<li class=\"p5\">\n<p><strong>Fernando Marcos Ayj\u00f3n<\/strong><br \/>Lurraldeko Bikarioa (III-VII. Bikaritzak)<\/p>\n<\/li>\n<li class=\"p5\">\n<p><strong>Alex Alonso Gilsanz<\/strong><br \/>Lurraldeko Bikarioa (IV. Bikaritza)<\/p>\n<\/li>\n<li class=\"p5\">\n<p>&nbsp;<\/p>\n<p><strong>Jos\u00e9 Mari Cortazar Uriarte<\/strong><br \/>Lurraldeko Bikarioa (V. Bikaritza)<\/p>\n<\/li>\n<li class=\"p5\">\n<p><strong>Ignacio Fern\u00e1ndez M\u00e9ndez<\/strong><br \/>Lurraldeko Bikarioa (VI. Bikaritza)<\/p>\n<\/li>\n<li class=\"p5\">\n<p><strong>F\u00e9lix Alonso Alonso<\/strong><br \/>Auzi bikarioa<\/p>\n<\/li>\n<li class=\"p5\">\n<p><strong>Luis Alberto Loyo Mart\u00edn<\/strong><br \/>Katedraleko Kapituluko Presidentea<\/p>\n<\/li>\n<li class=\"p5\">\n<p><strong>Agust\u00edn Ortiz Calzada, CMF<\/strong><br \/>Presidentea Kontsakraturako Kontseilua<\/p>\n<\/li>\n<li class=\"p5\">\n<p><strong>Aitor Uribelarrea Gamero<\/strong><br \/>Seminario Nagusiko Errektorea<\/p>\n<\/li>\n<li class=\"p5\">\n<p><strong>Rafael S\u00e1ez Gil<\/strong><br \/>Ministerio Ordenaturako Idazkaritza<\/p>\n<\/li>\n<\/ul>\n<p><\/p>\n<h4 class=\"p4\"><span class=\"s1\">Kide hautatuak<\/span><\/h4>\n<p><\/p>\n<ul>\n<li class=\"p5\">\n<p><strong>Alex Andreu Luz\u00e1rraga<br \/><\/strong>I. Bikaritza<\/p>\n<\/li>\n<li class=\"p5\">\n<p><strong>Jose Alberto G\u00fcemes Muruzabal<br \/><\/strong>I. Bikaritza<\/p>\n<\/li>\n<li class=\"p5\">\n<p><strong>Miguel Vera Artazcoz<br \/><\/strong>II. Bikaritza<\/p>\n<\/li>\n<li class=\"p5\">\n<p><strong>Jovaisa Herr\u00e1n Garc\u00e9s<br \/><\/strong>III. Bikaritza<\/p>\n<\/li>\n<li class=\"p5\">\n<p><strong>Agust\u00edn Garc\u00eda Moreno<br \/>III. Bikaritza<\/strong><\/p>\n<\/li>\n<li class=\"p5\">\n<p><strong>Imanol Atxalandabaso Gondra<br \/><\/strong>IV. Bikaritza<\/p>\n<\/li>\n<li class=\"p5\">\n<p><strong>Xabier Ezkauriatza Bilbao<br \/><\/strong>IV. Bikaritza<\/p>\n<\/li>\n<li class=\"p5\">\n<p><strong>Jose Luis Iza Iraurgi.<br \/><\/strong>V. Bikaritza<\/p>\n<\/li>\n<li class=\"p5\">\n<p><strong>Fernando Marcos Gonz\u00e1lez<br \/><\/strong>VI. Bikaritza<\/p>\n<\/li>\n<li class=\"p5\">\n<p><strong>Borja Uriarte Corral<br \/><\/strong>VI. Bikaritza<\/p>\n<\/li>\n<li class=\"p5\">\n<p><strong>Ernesto Bilbao Solozabal<br \/><\/strong>VII. Bikaritza<\/p>\n<\/li>\n<li class=\"p5\">\n<p><strong>Jose Gabriel Gonz\u00e1lez Castro<br \/><\/strong>Vicar\u00eda VII<\/p>\n<\/li>\n<li class=\"p5\">\n<p><strong>Nestor Aras Grence<br \/><\/strong>Presb\u00edteros Curia<\/p>\n<\/li>\n<li class=\"p5\">\n<p><strong>Juan Mari lechosa Gonz\u00e1lez<br \/><\/strong>Preb\u00edteros Jubilados<\/p>\n<\/li>\n<li class=\"p5\">\n<p><strong>Francisco Javier Go\u00f1i Soroa<br \/><\/strong>Presb\u00edteros Jubilados<\/p>\n<\/li>\n<li class=\"p5\">\n<p><strong>F\u00e9lix Oronoz (Capuchino)<br \/><\/strong>Presb\u00edtero Religioso no parroquial<\/p>\n<\/li>\n<li class=\"p5\">\n<p><strong>Roberto Jauregibeitia Sainz<br \/><\/strong>Acci\u00f3n Cat\u00f3lica<\/p>\n<\/li>\n<\/ul>\n<p><\/p>\n<p class=\"p7\">\u00a0<\/p>\n<p><\/p>\n<h4 class=\"p8\"><span class=\"s1\">Miembros designados por el Obispo<\/span><\/h4>\n<p><\/p>\n<ul>\n<li class=\"p1\">\n<p>Carlos Olabarri Echevarria<\/p>\n<\/li>\n<li class=\"p1\">\n<p>Francisco Jos\u00e9 Ru\u00edz,S.J.<\/p>\n<\/li>\n<li class=\"p1\">\n<p>Jorge Chapa Imaz. (Opus Dei)<\/p>\n<\/li>\n<\/ul>\n<p>[\/et_pb_text][\/et_pb_column][\/et_pb_row][\/et_pb_section]<\/p>\n","protected":false},"excerpt":{"rendered":"<p>Abade kontseiluaEleizbarrutiko Gotzainari jagoko Presidenteatza Eleizbarrutiko Kontseilu guztietan.Eleizbarruti bakotxean Abade Kontseilua eratu behar da, eleizbarrutiko abadeak ordezkatuz, Gotzainari Eleizbarrutiaren gobernuan lagundu deion (495 k.). Joseba Segura EtxezarragaGotzaina Berezko kideak Kerman L\u00f3pez CampoBikario Nagusia Sergio Buiza AlcortaLurraldeko Bikarioa (I. Bikaritza) Miguel Vera Art\u00e1zcozLurraldeko Bikarioa (II. Bikaritza) Fernando Marcos Ayj\u00f3nLurraldeko Bikarioa (III-VII. Bikaritzak) Alex Alonso GilsanzLurraldeko Bikarioa [&hellip;]<\/p>\n","protected":false},"author":1,"featured_media":0,"parent":12622,"menu_order":0,"comment_status":"closed","ping_status":"closed","template":"","meta":{"_acf_changed":false,"_et_pb_use_builder":"on","_et_pb_old_content":"","_et_gb_content_width":"","_mc_calendar":[],"footnotes":""},"class_list":["post-12637","page","type-page","status-publish","hentry"],"acf":[],"yoast_head":"<!-- This site is optimized with the Yoast SEO Premium plugin v27.2 (Yoast SEO v27.2) - https:\/\/yoast.com\/product\/yoast-seo-premium-wordpress\/ -->\n<title>Abade kontseilua - Bilboko Elizbarrutia - Di\u00f3cesis de Bilbao<\/title>\n<meta name=\"robots\" content=\"index, follow, max-snippet:-1, max-image-preview:large, max-video-preview:-1\" \/>\n<link rel=\"canonical\" href=\"https:\/\/bizkeliza.org\/eu\/elizbarrutia\/elizbarrutiko-gida\/elizbarrutiko-kontseiluak\/abade-kontseilua\/\" \/>\n<meta property=\"og:locale\" content=\"eu_ES\" \/>\n<meta property=\"og:type\" content=\"article\" \/>\n<meta property=\"og:title\" content=\"Abade kontseilua\" \/>\n<meta property=\"og:description\" content=\"Abade kontseiluaEleizbarrutiko Gotzainari jagoko Presidenteatza Eleizbarrutiko Kontseilu guztietan.Eleizbarruti bakotxean Abade Kontseilua eratu behar da, eleizbarrutiko abadeak ordezkatuz, Gotzainari Eleizbarrutiaren gobernuan lagundu deion (495 k.). Joseba Segura EtxezarragaGotzaina Berezko kideak Kerman L\u00f3pez CampoBikario Nagusia Sergio Buiza AlcortaLurraldeko Bikarioa (I. Bikaritza) Miguel Vera Art\u00e1zcozLurraldeko Bikarioa (II. Bikaritza) Fernando Marcos Ayj\u00f3nLurraldeko Bikarioa (III-VII. Bikaritzak) Alex Alonso GilsanzLurraldeko Bikarioa [&hellip;]\" \/>\n<meta property=\"og:url\" content=\"https:\/\/bizkeliza.org\/eu\/elizbarrutia\/elizbarrutiko-gida\/elizbarrutiko-kontseiluak\/abade-kontseilua\/\" \/>\n<meta property=\"og:site_name\" content=\"Bilboko Elizbarrutia - Di\u00f3cesis de Bilbao\" \/>\n<meta property=\"article:publisher\" content=\"https:\/\/www.facebook.com\/DiocesisBilbao\/\" \/>\n<meta property=\"article:modified_time\" content=\"2026-04-07T10:33:28+00:00\" \/>\n<meta property=\"og:image\" content=\"https:\/\/bizkeliza.org\/wp-content\/uploads\/2024\/01\/logoobispado2025.jpg\" \/>\n\t<meta property=\"og:image:width\" content=\"1399\" \/>\n\t<meta property=\"og:image:height\" content=\"495\" \/>\n\t<meta property=\"og:image:type\" content=\"image\/jpeg\" \/>\n<meta name=\"twitter:card\" content=\"summary_large_image\" \/>\n<meta name=\"twitter:site\" content=\"@DiocesisBilbao\" \/>\n<script type=\"application\/ld+json\" class=\"yoast-schema-graph\">{\"@context\":\"https:\/\/schema.org\",\"@graph\":[{\"@type\":\"WebPage\",\"@id\":\"https:\/\/bizkeliza.org\/eu\/elizbarrutia\/elizbarrutiko-gida\/elizbarrutiko-kontseiluak\/abade-kontseilua\/\",\"url\":\"https:\/\/bizkeliza.org\/eu\/elizbarrutia\/elizbarrutiko-gida\/elizbarrutiko-kontseiluak\/abade-kontseilua\/\",\"name\":\"Abade kontseilua - Bilboko Elizbarrutia - Di\u00f3cesis de Bilbao\",\"isPartOf\":{\"@id\":\"https:\/\/bizkeliza.org\/eu\/#website\"},\"datePublished\":\"2021-05-27T10:35:49+00:00\",\"dateModified\":\"2026-04-07T10:33:28+00:00\",\"breadcrumb\":{\"@id\":\"https:\/\/bizkeliza.org\/eu\/elizbarrutia\/elizbarrutiko-gida\/elizbarrutiko-kontseiluak\/abade-kontseilua\/#breadcrumb\"},\"inLanguage\":\"eu-ES\",\"potentialAction\":[{\"@type\":\"ReadAction\",\"target\":[\"https:\/\/bizkeliza.org\/eu\/elizbarrutia\/elizbarrutiko-gida\/elizbarrutiko-kontseiluak\/abade-kontseilua\/\"]}]},{\"@type\":\"BreadcrumbList\",\"@id\":\"https:\/\/bizkeliza.org\/eu\/elizbarrutia\/elizbarrutiko-gida\/elizbarrutiko-kontseiluak\/abade-kontseilua\/#breadcrumb\",\"itemListElement\":[{\"@type\":\"ListItem\",\"position\":1,\"name\":\"Portada\",\"item\":\"https:\/\/bizkeliza.org\/eu\/\"},{\"@type\":\"ListItem\",\"position\":2,\"name\":\"Eleizbarrutia\",\"item\":\"https:\/\/bizkeliza.org\/eu\/diocesis\/\"},{\"@type\":\"ListItem\",\"position\":3,\"name\":\"Eleizbarrutiko Gida\",\"item\":\"https:\/\/bizkeliza.org\/eu\/diocesis\/guia-diocesana\/\"},{\"@type\":\"ListItem\",\"position\":4,\"name\":\"Eleizbarrutiko Kontseiluak\",\"item\":\"https:\/\/bizkeliza.org\/eu\/diocesis\/guia-diocesana\/consejos-diocesanos\/\"},{\"@type\":\"ListItem\",\"position\":5,\"name\":\"Abade kontseilua\"}]},{\"@type\":\"WebSite\",\"@id\":\"https:\/\/bizkeliza.org\/eu\/#website\",\"url\":\"https:\/\/bizkeliza.org\/eu\/\",\"name\":\"Bilboko Elizbarrutia - Di\u00f3cesis de Bilbao\",\"description\":\"Di\u00f3cesis de Bilbao\",\"publisher\":{\"@id\":\"https:\/\/bizkeliza.org\/eu\/#organization\"},\"alternateName\":\"Di\u00f3cesis de Bilbao\",\"potentialAction\":[{\"@type\":\"SearchAction\",\"target\":{\"@type\":\"EntryPoint\",\"urlTemplate\":\"https:\/\/bizkeliza.org\/eu\/?s={search_term_string}\"},\"query-input\":{\"@type\":\"PropertyValueSpecification\",\"valueRequired\":true,\"valueName\":\"search_term_string\"}}],\"inLanguage\":\"eu-ES\"},{\"@type\":\"Organization\",\"@id\":\"https:\/\/bizkeliza.org\/eu\/#organization\",\"name\":\"Di\u00f3cesis de Bilbao\",\"alternateName\":\"Di\u00f3cesis de Bilbao\",\"url\":\"https:\/\/bizkeliza.org\/eu\/\",\"logo\":{\"@type\":\"ImageObject\",\"inLanguage\":\"eu-ES\",\"@id\":\"https:\/\/bizkeliza.org\/eu\/#\/schema\/logo\/image\/\",\"url\":\"https:\/\/bizkeliza.org\/wp-content\/uploads\/2022\/06\/Logo-nuevo_2024-1-scaled.jpg\",\"contentUrl\":\"https:\/\/bizkeliza.org\/wp-content\/uploads\/2022\/06\/Logo-nuevo_2024-1-scaled.jpg\",\"width\":2560,\"height\":1024,\"caption\":\"Di\u00f3cesis de Bilbao\"},\"image\":{\"@id\":\"https:\/\/bizkeliza.org\/eu\/#\/schema\/logo\/image\/\"},\"sameAs\":[\"https:\/\/www.facebook.com\/DiocesisBilbao\/\",\"https:\/\/x.com\/DiocesisBilbao\",\"https:\/\/www.instagram.com\/obispadobilbao\/\",\"https:\/\/www.youtube.com\/user\/bilbokoelizbarrutia\"],\"description\":\"Iglesia local de Bilbao perteneciente a la Iglesia Cat\u00f3lica\"}]}<\/script>\n<!-- \/ Yoast SEO Premium plugin. -->","yoast_head_json":{"title":"Abade kontseilua - Bilboko Elizbarrutia - Di\u00f3cesis de Bilbao","robots":{"index":"index","follow":"follow","max-snippet":"max-snippet:-1","max-image-preview":"max-image-preview:large","max-video-preview":"max-video-preview:-1"},"canonical":"https:\/\/bizkeliza.org\/eu\/elizbarrutia\/elizbarrutiko-gida\/elizbarrutiko-kontseiluak\/abade-kontseilua\/","og_locale":"eu_ES","og_type":"article","og_title":"Abade kontseilua","og_description":"Abade kontseiluaEleizbarrutiko Gotzainari jagoko Presidenteatza Eleizbarrutiko Kontseilu guztietan.Eleizbarruti bakotxean Abade Kontseilua eratu behar da, eleizbarrutiko abadeak ordezkatuz, Gotzainari Eleizbarrutiaren gobernuan lagundu deion (495 k.). Joseba Segura EtxezarragaGotzaina Berezko kideak Kerman L\u00f3pez CampoBikario Nagusia Sergio Buiza AlcortaLurraldeko Bikarioa (I. Bikaritza) Miguel Vera Art\u00e1zcozLurraldeko Bikarioa (II. Bikaritza) Fernando Marcos Ayj\u00f3nLurraldeko Bikarioa (III-VII. Bikaritzak) Alex Alonso GilsanzLurraldeko Bikarioa [&hellip;]","og_url":"https:\/\/bizkeliza.org\/eu\/elizbarrutia\/elizbarrutiko-gida\/elizbarrutiko-kontseiluak\/abade-kontseilua\/","og_site_name":"Bilboko Elizbarrutia - Di\u00f3cesis de Bilbao","article_publisher":"https:\/\/www.facebook.com\/DiocesisBilbao\/","article_modified_time":"2026-04-07T10:33:28+00:00","og_image":[{"width":1399,"height":495,"url":"https:\/\/bizkeliza.org\/wp-content\/uploads\/2024\/01\/logoobispado2025.jpg","type":"image\/jpeg"}],"twitter_card":"summary_large_image","twitter_site":"@DiocesisBilbao","schema":{"@context":"https:\/\/schema.org","@graph":[{"@type":"WebPage","@id":"https:\/\/bizkeliza.org\/eu\/elizbarrutia\/elizbarrutiko-gida\/elizbarrutiko-kontseiluak\/abade-kontseilua\/","url":"https:\/\/bizkeliza.org\/eu\/elizbarrutia\/elizbarrutiko-gida\/elizbarrutiko-kontseiluak\/abade-kontseilua\/","name":"Abade kontseilua - Bilboko Elizbarrutia - Di\u00f3cesis de Bilbao","isPartOf":{"@id":"https:\/\/bizkeliza.org\/eu\/#website"},"datePublished":"2021-05-27T10:35:49+00:00","dateModified":"2026-04-07T10:33:28+00:00","breadcrumb":{"@id":"https:\/\/bizkeliza.org\/eu\/elizbarrutia\/elizbarrutiko-gida\/elizbarrutiko-kontseiluak\/abade-kontseilua\/#breadcrumb"},"inLanguage":"eu-ES","potentialAction":[{"@type":"ReadAction","target":["https:\/\/bizkeliza.org\/eu\/elizbarrutia\/elizbarrutiko-gida\/elizbarrutiko-kontseiluak\/abade-kontseilua\/"]}]},{"@type":"BreadcrumbList","@id":"https:\/\/bizkeliza.org\/eu\/elizbarrutia\/elizbarrutiko-gida\/elizbarrutiko-kontseiluak\/abade-kontseilua\/#breadcrumb","itemListElement":[{"@type":"ListItem","position":1,"name":"Portada","item":"https:\/\/bizkeliza.org\/eu\/"},{"@type":"ListItem","position":2,"name":"Eleizbarrutia","item":"https:\/\/bizkeliza.org\/eu\/diocesis\/"},{"@type":"ListItem","position":3,"name":"Eleizbarrutiko Gida","item":"https:\/\/bizkeliza.org\/eu\/diocesis\/guia-diocesana\/"},{"@type":"ListItem","position":4,"name":"Eleizbarrutiko Kontseiluak","item":"https:\/\/bizkeliza.org\/eu\/diocesis\/guia-diocesana\/consejos-diocesanos\/"},{"@type":"ListItem","position":5,"name":"Abade kontseilua"}]},{"@type":"WebSite","@id":"https:\/\/bizkeliza.org\/eu\/#website","url":"https:\/\/bizkeliza.org\/eu\/","name":"Bilboko Elizbarrutia - Di\u00f3cesis de Bilbao","description":"Di\u00f3cesis de Bilbao","publisher":{"@id":"https:\/\/bizkeliza.org\/eu\/#organization"},"alternateName":"Di\u00f3cesis de Bilbao","potentialAction":[{"@type":"SearchAction","target":{"@type":"EntryPoint","urlTemplate":"https:\/\/bizkeliza.org\/eu\/?s={search_term_string}"},"query-input":{"@type":"PropertyValueSpecification","valueRequired":true,"valueName":"search_term_string"}}],"inLanguage":"eu-ES"},{"@type":"Organization","@id":"https:\/\/bizkeliza.org\/eu\/#organization","name":"Di\u00f3cesis de Bilbao","alternateName":"Di\u00f3cesis de Bilbao","url":"https:\/\/bizkeliza.org\/eu\/","logo":{"@type":"ImageObject","inLanguage":"eu-ES","@id":"https:\/\/bizkeliza.org\/eu\/#\/schema\/logo\/image\/","url":"https:\/\/bizkeliza.org\/wp-content\/uploads\/2022\/06\/Logo-nuevo_2024-1-scaled.jpg","contentUrl":"https:\/\/bizkeliza.org\/wp-content\/uploads\/2022\/06\/Logo-nuevo_2024-1-scaled.jpg","width":2560,"height":1024,"caption":"Di\u00f3cesis de Bilbao"},"image":{"@id":"https:\/\/bizkeliza.org\/eu\/#\/schema\/logo\/image\/"},"sameAs":["https:\/\/www.facebook.com\/DiocesisBilbao\/","https:\/\/x.com\/DiocesisBilbao","https:\/\/www.instagram.com\/obispadobilbao\/","https:\/\/www.youtube.com\/user\/bilbokoelizbarrutia"],"description":"Iglesia local de Bilbao perteneciente a la Iglesia Cat\u00f3lica"}]}},"_links":{"self":[{"href":"https:\/\/bizkeliza.org\/eu\/wp-json\/wp\/v2\/pages\/12637","targetHints":{"allow":["GET"]}}],"collection":[{"href":"https:\/\/bizkeliza.org\/eu\/wp-json\/wp\/v2\/pages"}],"about":[{"href":"https:\/\/bizkeliza.org\/eu\/wp-json\/wp\/v2\/types\/page"}],"author":[{"embeddable":true,"href":"https:\/\/bizkeliza.org\/eu\/wp-json\/wp\/v2\/users\/1"}],"replies":[{"embeddable":true,"href":"https:\/\/bizkeliza.org\/eu\/wp-json\/wp\/v2\/comments?post=12637"}],"version-history":[{"count":0,"href":"https:\/\/bizkeliza.org\/eu\/wp-json\/wp\/v2\/pages\/12637\/revisions"}],"up":[{"embeddable":true,"href":"https:\/\/bizkeliza.org\/eu\/wp-json\/wp\/v2\/pages\/12622"}],"wp:attachment":[{"href":"https:\/\/bizkeliza.org\/eu\/wp-json\/wp\/v2\/media?parent=12637"}],"curies":[{"name":"wp","href":"https:\/\/api.w.org\/{rel}","templated":true}]}}