{"id":12646,"date":"2021-05-27T13:06:57","date_gmt":"2021-05-27T11:06:57","guid":{"rendered":"https:\/\/boring-dhawan.137-117-168-183.plesk.page\/elizbarrutiko-gida\/elizbarrutiko-kontseiluak\/ekonomia-gaietarako-batzordea\/"},"modified":"2024-05-06T11:43:57","modified_gmt":"2024-05-06T09:43:57","slug":"ekonomia-gaietarako-batzordea","status":"publish","type":"page","link":"https:\/\/bizkeliza.org\/eu\/elizbarrutia\/elizbarrutiko-gida\/elizbarrutiko-kontseiluak\/ekonomia-gaietarako-batzordea\/","title":{"rendered":"Ekonomia Gaietarako Batzordea"},"content":{"rendered":"<p>[et_pb_section fb_built=&#8221;1&#8243; _builder_version=&#8221;4.16&#8243; _module_preset=&#8221;default&#8221; custom_padding=&#8221;||40px||false|false&#8221; global_colors_info=&#8221;{}&#8221;][et_pb_row column_structure=&#8221;1_3,2_3&#8243; _builder_version=&#8221;4.16&#8243; _module_preset=&#8221;default&#8221; global_colors_info=&#8221;{}&#8221;][et_pb_column type=&#8221;1_3&#8243; _builder_version=&#8221;4.16&#8243; _module_preset=&#8221;default&#8221; global_colors_info=&#8221;{}&#8221;][et_pb_text admin_label=&#8221;Text&#8221; _builder_version=&#8221;4.20.2&#8243; _module_preset=&#8221;default&#8221; header_font_size=&#8221;44px&#8221; header_line_height=&#8221;1.2em&#8221; header_4_font=&#8221;|700|||||||&#8221; custom_margin=&#8221;||||false|false&#8221; custom_padding=&#8221;||||false|false&#8221; header_font_size_tablet=&#8221;&#8221; header_font_size_phone=&#8221;34px&#8221; header_font_size_last_edited=&#8221;on|phone&#8221; header_3_font_size_tablet=&#8221;&#8221; header_3_font_size_phone=&#8221;22px&#8221; header_3_font_size_last_edited=&#8221;on|phone&#8221; header_4_font_size_tablet=&#8221;&#8221; header_4_font_size_phone=&#8221;18px&#8221; header_4_font_size_last_edited=&#8221;on|desktop&#8221; global_colors_info=&#8221;{}&#8221;]<\/p>\n<h1 class=\"p1\">Ekonomia Gaietarako Batzordea<\/h1>\n<p>[\/et_pb_text][\/et_pb_column][et_pb_column type=&#8221;2_3&#8243; _builder_version=&#8221;4.16&#8243; _module_preset=&#8221;default&#8221; global_colors_info=&#8221;{}&#8221;][et_pb_text _builder_version=&#8221;4.23.1&#8243; _module_preset=&#8221;default&#8221; custom_padding=&#8221;10px|||||&#8221; custom_padding_tablet=&#8221;&#8221; custom_padding_phone=&#8221;||||false|false&#8221; custom_padding_last_edited=&#8221;on|desktop&#8221; hover_enabled=&#8221;0&#8243; global_colors_info=&#8221;{}&#8221; sticky_enabled=&#8221;0&#8243;]<\/p>\n<p class=\"p1\"><span class=\"s1\"><strong>Oharra.<\/strong> Eleizbarrutiko Gotzainari jagoko Presidenteatza Eleizbarrutiko Kontseilu guztietan.<\/span><\/p>\n<p class=\"p1\">Gotzaina edo bere Ordezkaria buru dala, Ekonomia Gaietarako Batzordea eratu behar da ekonomia eta zuzenbide zibileko gaietan adituak diran pertsonakaz (492 k.).<\/p>\n<p class=\"p2\"><span class=\"s1\">Presidente:<\/span><\/p>\n<ul>\n<li><span class=\"s1\"><strong>Joseba Segura Etxezarraga <\/strong> Obispo<\/span><\/li>\n<\/ul>\n<h4 class=\"p1\"><strong><span class=\"s1\">Kideak:<\/span><\/strong><\/h4>\n<p>2023ko irailaren 1ean, honeek ziran kideak:<\/p>\n<ul>\n<li style=\"list-style-type: none;\">\n<ul>\n<li class=\"p1\"><span class=\"s1\"><strong>Kerman L\u00f3pez Campo<br \/><\/strong>Bikario Nagusia<br \/><\/span><\/li>\n<li class=\"p1\"><span class=\"s1\"><strong>Jos\u00e9 Joaqu\u00edn Moral Santamar\u00eda<br \/><\/strong>Eleizbarrutiko plana ekonomikoa idazkari teknikoa<br \/><\/span><\/li>\n<li class=\"p1\"><span class=\"s1\"><strong>Carlos Bargos Cuco<br \/><\/strong>Idazkari Nagusia<br \/><\/span><\/li>\n<li class=\"p1\"><span class=\"s1\"><strong>Jos\u00e9 Miguel Erdozain Guti\u00e9rrez<br \/><\/strong>Eleizbarrutiko gerentea \u2013 ekonomoa<br \/><\/span><\/li>\n<li class=\"p1\"><span class=\"s1\"><strong>M\u00f3nica Gortazar Mendieta<br \/><\/strong>Eleizbarrutiko Alkar kutxa Kudeatzailea<br \/><\/span><\/li>\n<li class=\"p1\"><span class=\"s1\"><strong>Nerea Bego\u00f1a Lopategi<\/strong><br \/>\u00a0Antonio A\u00f1overos Fundazio Kanonikoko zuzendaria<br \/><\/span><\/li>\n<li class=\"p1\"><strong><span class=\"s1\">Juan Ignacio Gomeza Villa<br \/><\/span><\/strong><\/li>\n<li class=\"p1\"><strong><span class=\"s1\">Gaspar Mart\u00ednez Fern\u00e1ndez de Larrinoa<br \/><\/span><\/strong><\/li>\n<li class=\"p1\"><strong><span class=\"s1\">Jose Ram\u00f3n Gorostiza Martin\u00a0<\/span><\/strong><\/li>\n<li class=\"p1\"><strong><span class=\"s1\">Miguel Vera Art\u00e1zcoz<br \/><\/span><\/strong><\/li>\n<li class=\"p1\"><strong><span class=\"s1\">Juanma Basterra Garc\u00eda<br \/><\/span><\/strong><\/li>\n<li class=\"p1\"><strong><span class=\"s1\">Juan Manuel Sinde Oyarzabal<\/span><\/strong><\/li>\n<li class=\"p1\"><strong><span class=\"s1\">Jos\u00e9 Luis Alzola Elexpuru<br \/><\/span><\/strong><\/li>\n<li class=\"p1\"><strong><span class=\"s1\">Leire Bilbao Elegezabal<\/span><\/strong><\/li>\n<li class=\"p1\"><strong><span class=\"s1\">Eneko Caballero Lasquibar<\/span><\/strong><\/li>\n<li class=\"p1\"><strong><span class=\"s1\">I\u00f1aki Garcinu\u00f1o Zabala<\/span><\/strong><\/li>\n<\/ul>\n<\/li>\n<\/ul>\n<p>[\/et_pb_text][\/et_pb_column][\/et_pb_row][\/et_pb_section]<\/p>\n","protected":false},"excerpt":{"rendered":"<p>Ekonomia Gaietarako BatzordeaOharra. Eleizbarrutiko Gotzainari jagoko Presidenteatza Eleizbarrutiko Kontseilu guztietan. Gotzaina edo bere Ordezkaria buru dala, Ekonomia Gaietarako Batzordea eratu behar da ekonomia eta zuzenbide zibileko gaietan adituak diran pertsonakaz (492 k.). Presidente: Joseba Segura Etxezarraga Obispo Kideak: 2023ko irailaren 1ean, honeek ziran kideak: Kerman L\u00f3pez CampoBikario Nagusia Jos\u00e9 Joaqu\u00edn Moral Santamar\u00edaEleizbarrutiko plana ekonomikoa idazkari [&hellip;]<\/p>\n","protected":false},"author":1,"featured_media":0,"parent":12622,"menu_order":0,"comment_status":"closed","ping_status":"closed","template":"","meta":{"_acf_changed":false,"_et_pb_use_builder":"on","_et_pb_old_content":"","_et_gb_content_width":"","_mc_calendar":[],"footnotes":""},"class_list":["post-12646","page","type-page","status-publish","hentry"],"acf":[],"yoast_head":"<!-- This site is optimized with the Yoast SEO Premium plugin v27.2 (Yoast SEO v27.2) - https:\/\/yoast.com\/product\/yoast-seo-premium-wordpress\/ -->\n<title>Ekonomia Gaietarako Batzordea - Bilboko Elizbarrutia - Di\u00f3cesis de Bilbao<\/title>\n<meta name=\"robots\" content=\"index, follow, max-snippet:-1, max-image-preview:large, max-video-preview:-1\" \/>\n<link rel=\"canonical\" href=\"https:\/\/bizkeliza.org\/eu\/elizbarrutia\/elizbarrutiko-gida\/elizbarrutiko-kontseiluak\/ekonomia-gaietarako-batzordea\/\" \/>\n<meta property=\"og:locale\" content=\"eu_ES\" \/>\n<meta property=\"og:type\" content=\"article\" \/>\n<meta property=\"og:title\" content=\"Ekonomia Gaietarako Batzordea\" \/>\n<meta property=\"og:description\" content=\"Ekonomia Gaietarako BatzordeaOharra. Eleizbarrutiko Gotzainari jagoko Presidenteatza Eleizbarrutiko Kontseilu guztietan. Gotzaina edo bere Ordezkaria buru dala, Ekonomia Gaietarako Batzordea eratu behar da ekonomia eta zuzenbide zibileko gaietan adituak diran pertsonakaz (492 k.). Presidente: Joseba Segura Etxezarraga Obispo Kideak: 2023ko irailaren 1ean, honeek ziran kideak: Kerman L\u00f3pez CampoBikario Nagusia Jos\u00e9 Joaqu\u00edn Moral Santamar\u00edaEleizbarrutiko plana ekonomikoa idazkari [&hellip;]\" \/>\n<meta property=\"og:url\" content=\"https:\/\/bizkeliza.org\/eu\/elizbarrutia\/elizbarrutiko-gida\/elizbarrutiko-kontseiluak\/ekonomia-gaietarako-batzordea\/\" \/>\n<meta property=\"og:site_name\" content=\"Bilboko Elizbarrutia - Di\u00f3cesis de Bilbao\" \/>\n<meta property=\"article:publisher\" content=\"https:\/\/www.facebook.com\/DiocesisBilbao\/\" \/>\n<meta property=\"article:modified_time\" content=\"2024-05-06T09:43:57+00:00\" \/>\n<meta property=\"og:image\" content=\"https:\/\/bizkeliza.org\/wp-content\/uploads\/2024\/01\/logoobispado2025.jpg\" \/>\n\t<meta property=\"og:image:width\" content=\"1399\" \/>\n\t<meta property=\"og:image:height\" content=\"495\" \/>\n\t<meta property=\"og:image:type\" content=\"image\/jpeg\" \/>\n<meta name=\"twitter:card\" content=\"summary_large_image\" \/>\n<meta name=\"twitter:site\" content=\"@DiocesisBilbao\" \/>\n<script type=\"application\/ld+json\" class=\"yoast-schema-graph\">{\"@context\":\"https:\/\/schema.org\",\"@graph\":[{\"@type\":\"WebPage\",\"@id\":\"https:\/\/bizkeliza.org\/eu\/elizbarrutia\/elizbarrutiko-gida\/elizbarrutiko-kontseiluak\/ekonomia-gaietarako-batzordea\/\",\"url\":\"https:\/\/bizkeliza.org\/eu\/elizbarrutia\/elizbarrutiko-gida\/elizbarrutiko-kontseiluak\/ekonomia-gaietarako-batzordea\/\",\"name\":\"Ekonomia Gaietarako Batzordea - Bilboko Elizbarrutia - Di\u00f3cesis de Bilbao\",\"isPartOf\":{\"@id\":\"https:\/\/bizkeliza.org\/eu\/#website\"},\"datePublished\":\"2021-05-27T11:06:57+00:00\",\"dateModified\":\"2024-05-06T09:43:57+00:00\",\"breadcrumb\":{\"@id\":\"https:\/\/bizkeliza.org\/eu\/elizbarrutia\/elizbarrutiko-gida\/elizbarrutiko-kontseiluak\/ekonomia-gaietarako-batzordea\/#breadcrumb\"},\"inLanguage\":\"eu-ES\",\"potentialAction\":[{\"@type\":\"ReadAction\",\"target\":[\"https:\/\/bizkeliza.org\/eu\/elizbarrutia\/elizbarrutiko-gida\/elizbarrutiko-kontseiluak\/ekonomia-gaietarako-batzordea\/\"]}]},{\"@type\":\"BreadcrumbList\",\"@id\":\"https:\/\/bizkeliza.org\/eu\/elizbarrutia\/elizbarrutiko-gida\/elizbarrutiko-kontseiluak\/ekonomia-gaietarako-batzordea\/#breadcrumb\",\"itemListElement\":[{\"@type\":\"ListItem\",\"position\":1,\"name\":\"Portada\",\"item\":\"https:\/\/bizkeliza.org\/eu\/\"},{\"@type\":\"ListItem\",\"position\":2,\"name\":\"Eleizbarrutia\",\"item\":\"https:\/\/bizkeliza.org\/eu\/diocesis\/\"},{\"@type\":\"ListItem\",\"position\":3,\"name\":\"Eleizbarrutiko Gida\",\"item\":\"https:\/\/bizkeliza.org\/eu\/diocesis\/guia-diocesana\/\"},{\"@type\":\"ListItem\",\"position\":4,\"name\":\"Eleizbarrutiko Kontseiluak\",\"item\":\"https:\/\/bizkeliza.org\/eu\/diocesis\/guia-diocesana\/consejos-diocesanos\/\"},{\"@type\":\"ListItem\",\"position\":5,\"name\":\"Ekonomia Gaietarako Batzordea\"}]},{\"@type\":\"WebSite\",\"@id\":\"https:\/\/bizkeliza.org\/eu\/#website\",\"url\":\"https:\/\/bizkeliza.org\/eu\/\",\"name\":\"Bilboko Elizbarrutia - Di\u00f3cesis de Bilbao\",\"description\":\"Di\u00f3cesis de Bilbao\",\"publisher\":{\"@id\":\"https:\/\/bizkeliza.org\/eu\/#organization\"},\"alternateName\":\"Di\u00f3cesis de Bilbao\",\"potentialAction\":[{\"@type\":\"SearchAction\",\"target\":{\"@type\":\"EntryPoint\",\"urlTemplate\":\"https:\/\/bizkeliza.org\/eu\/?s={search_term_string}\"},\"query-input\":{\"@type\":\"PropertyValueSpecification\",\"valueRequired\":true,\"valueName\":\"search_term_string\"}}],\"inLanguage\":\"eu-ES\"},{\"@type\":\"Organization\",\"@id\":\"https:\/\/bizkeliza.org\/eu\/#organization\",\"name\":\"Di\u00f3cesis de Bilbao\",\"alternateName\":\"Di\u00f3cesis de Bilbao\",\"url\":\"https:\/\/bizkeliza.org\/eu\/\",\"logo\":{\"@type\":\"ImageObject\",\"inLanguage\":\"eu-ES\",\"@id\":\"https:\/\/bizkeliza.org\/eu\/#\/schema\/logo\/image\/\",\"url\":\"https:\/\/bizkeliza.org\/wp-content\/uploads\/2022\/06\/Logo-nuevo_2024-1-scaled.jpg\",\"contentUrl\":\"https:\/\/bizkeliza.org\/wp-content\/uploads\/2022\/06\/Logo-nuevo_2024-1-scaled.jpg\",\"width\":2560,\"height\":1024,\"caption\":\"Di\u00f3cesis de Bilbao\"},\"image\":{\"@id\":\"https:\/\/bizkeliza.org\/eu\/#\/schema\/logo\/image\/\"},\"sameAs\":[\"https:\/\/www.facebook.com\/DiocesisBilbao\/\",\"https:\/\/x.com\/DiocesisBilbao\",\"https:\/\/www.instagram.com\/obispadobilbao\/\",\"https:\/\/www.youtube.com\/user\/bilbokoelizbarrutia\"],\"description\":\"Iglesia local de Bilbao perteneciente a la Iglesia Cat\u00f3lica\"}]}<\/script>\n<!-- \/ Yoast SEO Premium plugin. -->","yoast_head_json":{"title":"Ekonomia Gaietarako Batzordea - Bilboko Elizbarrutia - Di\u00f3cesis de Bilbao","robots":{"index":"index","follow":"follow","max-snippet":"max-snippet:-1","max-image-preview":"max-image-preview:large","max-video-preview":"max-video-preview:-1"},"canonical":"https:\/\/bizkeliza.org\/eu\/elizbarrutia\/elizbarrutiko-gida\/elizbarrutiko-kontseiluak\/ekonomia-gaietarako-batzordea\/","og_locale":"eu_ES","og_type":"article","og_title":"Ekonomia Gaietarako Batzordea","og_description":"Ekonomia Gaietarako BatzordeaOharra. Eleizbarrutiko Gotzainari jagoko Presidenteatza Eleizbarrutiko Kontseilu guztietan. Gotzaina edo bere Ordezkaria buru dala, Ekonomia Gaietarako Batzordea eratu behar da ekonomia eta zuzenbide zibileko gaietan adituak diran pertsonakaz (492 k.). Presidente: Joseba Segura Etxezarraga Obispo Kideak: 2023ko irailaren 1ean, honeek ziran kideak: Kerman L\u00f3pez CampoBikario Nagusia Jos\u00e9 Joaqu\u00edn Moral Santamar\u00edaEleizbarrutiko plana ekonomikoa idazkari [&hellip;]","og_url":"https:\/\/bizkeliza.org\/eu\/elizbarrutia\/elizbarrutiko-gida\/elizbarrutiko-kontseiluak\/ekonomia-gaietarako-batzordea\/","og_site_name":"Bilboko Elizbarrutia - Di\u00f3cesis de Bilbao","article_publisher":"https:\/\/www.facebook.com\/DiocesisBilbao\/","article_modified_time":"2024-05-06T09:43:57+00:00","og_image":[{"width":1399,"height":495,"url":"https:\/\/bizkeliza.org\/wp-content\/uploads\/2024\/01\/logoobispado2025.jpg","type":"image\/jpeg"}],"twitter_card":"summary_large_image","twitter_site":"@DiocesisBilbao","schema":{"@context":"https:\/\/schema.org","@graph":[{"@type":"WebPage","@id":"https:\/\/bizkeliza.org\/eu\/elizbarrutia\/elizbarrutiko-gida\/elizbarrutiko-kontseiluak\/ekonomia-gaietarako-batzordea\/","url":"https:\/\/bizkeliza.org\/eu\/elizbarrutia\/elizbarrutiko-gida\/elizbarrutiko-kontseiluak\/ekonomia-gaietarako-batzordea\/","name":"Ekonomia Gaietarako Batzordea - Bilboko Elizbarrutia - Di\u00f3cesis de Bilbao","isPartOf":{"@id":"https:\/\/bizkeliza.org\/eu\/#website"},"datePublished":"2021-05-27T11:06:57+00:00","dateModified":"2024-05-06T09:43:57+00:00","breadcrumb":{"@id":"https:\/\/bizkeliza.org\/eu\/elizbarrutia\/elizbarrutiko-gida\/elizbarrutiko-kontseiluak\/ekonomia-gaietarako-batzordea\/#breadcrumb"},"inLanguage":"eu-ES","potentialAction":[{"@type":"ReadAction","target":["https:\/\/bizkeliza.org\/eu\/elizbarrutia\/elizbarrutiko-gida\/elizbarrutiko-kontseiluak\/ekonomia-gaietarako-batzordea\/"]}]},{"@type":"BreadcrumbList","@id":"https:\/\/bizkeliza.org\/eu\/elizbarrutia\/elizbarrutiko-gida\/elizbarrutiko-kontseiluak\/ekonomia-gaietarako-batzordea\/#breadcrumb","itemListElement":[{"@type":"ListItem","position":1,"name":"Portada","item":"https:\/\/bizkeliza.org\/eu\/"},{"@type":"ListItem","position":2,"name":"Eleizbarrutia","item":"https:\/\/bizkeliza.org\/eu\/diocesis\/"},{"@type":"ListItem","position":3,"name":"Eleizbarrutiko Gida","item":"https:\/\/bizkeliza.org\/eu\/diocesis\/guia-diocesana\/"},{"@type":"ListItem","position":4,"name":"Eleizbarrutiko Kontseiluak","item":"https:\/\/bizkeliza.org\/eu\/diocesis\/guia-diocesana\/consejos-diocesanos\/"},{"@type":"ListItem","position":5,"name":"Ekonomia Gaietarako Batzordea"}]},{"@type":"WebSite","@id":"https:\/\/bizkeliza.org\/eu\/#website","url":"https:\/\/bizkeliza.org\/eu\/","name":"Bilboko Elizbarrutia - Di\u00f3cesis de Bilbao","description":"Di\u00f3cesis de Bilbao","publisher":{"@id":"https:\/\/bizkeliza.org\/eu\/#organization"},"alternateName":"Di\u00f3cesis de Bilbao","potentialAction":[{"@type":"SearchAction","target":{"@type":"EntryPoint","urlTemplate":"https:\/\/bizkeliza.org\/eu\/?s={search_term_string}"},"query-input":{"@type":"PropertyValueSpecification","valueRequired":true,"valueName":"search_term_string"}}],"inLanguage":"eu-ES"},{"@type":"Organization","@id":"https:\/\/bizkeliza.org\/eu\/#organization","name":"Di\u00f3cesis de Bilbao","alternateName":"Di\u00f3cesis de Bilbao","url":"https:\/\/bizkeliza.org\/eu\/","logo":{"@type":"ImageObject","inLanguage":"eu-ES","@id":"https:\/\/bizkeliza.org\/eu\/#\/schema\/logo\/image\/","url":"https:\/\/bizkeliza.org\/wp-content\/uploads\/2022\/06\/Logo-nuevo_2024-1-scaled.jpg","contentUrl":"https:\/\/bizkeliza.org\/wp-content\/uploads\/2022\/06\/Logo-nuevo_2024-1-scaled.jpg","width":2560,"height":1024,"caption":"Di\u00f3cesis de Bilbao"},"image":{"@id":"https:\/\/bizkeliza.org\/eu\/#\/schema\/logo\/image\/"},"sameAs":["https:\/\/www.facebook.com\/DiocesisBilbao\/","https:\/\/x.com\/DiocesisBilbao","https:\/\/www.instagram.com\/obispadobilbao\/","https:\/\/www.youtube.com\/user\/bilbokoelizbarrutia"],"description":"Iglesia local de Bilbao perteneciente a la Iglesia Cat\u00f3lica"}]}},"jetpack_sharing_enabled":true,"_links":{"self":[{"href":"https:\/\/bizkeliza.org\/eu\/wp-json\/wp\/v2\/pages\/12646","targetHints":{"allow":["GET"]}}],"collection":[{"href":"https:\/\/bizkeliza.org\/eu\/wp-json\/wp\/v2\/pages"}],"about":[{"href":"https:\/\/bizkeliza.org\/eu\/wp-json\/wp\/v2\/types\/page"}],"author":[{"embeddable":true,"href":"https:\/\/bizkeliza.org\/eu\/wp-json\/wp\/v2\/users\/1"}],"replies":[{"embeddable":true,"href":"https:\/\/bizkeliza.org\/eu\/wp-json\/wp\/v2\/comments?post=12646"}],"version-history":[{"count":0,"href":"https:\/\/bizkeliza.org\/eu\/wp-json\/wp\/v2\/pages\/12646\/revisions"}],"up":[{"embeddable":true,"href":"https:\/\/bizkeliza.org\/eu\/wp-json\/wp\/v2\/pages\/12622"}],"wp:attachment":[{"href":"https:\/\/bizkeliza.org\/eu\/wp-json\/wp\/v2\/media?parent=12646"}],"curies":[{"name":"wp","href":"https:\/\/api.w.org\/{rel}","templated":true}]}}