{"id":12661,"date":"2021-06-02T08:44:20","date_gmt":"2021-06-02T06:44:20","guid":{"rendered":"https:\/\/boring-dhawan.137-117-168-183.plesk.page\/elizbarrutiko-gida\/elizbarrutiko-erakundeak\/zuzenbide-kanonikokoak\/"},"modified":"2026-04-07T12:38:35","modified_gmt":"2026-04-07T10:38:35","slug":"zuzenbide-kanonikokoak","status":"publish","type":"page","link":"https:\/\/bizkeliza.org\/eu\/elizbarrutia\/elizbarrutiko-gida\/elizbarrutiko-erakundeak\/zuzenbide-kanonikokoak\/","title":{"rendered":"Zuzenbide Kanonikokoak"},"content":{"rendered":"<p>[et_pb_section fb_built=&#8221;1&#8243; _builder_version=&#8221;4.16&#8243; _module_preset=&#8221;default&#8221; custom_padding=&#8221;||40px||false|false&#8221; global_colors_info=&#8221;{}&#8221;][et_pb_row column_structure=&#8221;1_3,2_3&#8243; _builder_version=&#8221;4.16&#8243; _module_preset=&#8221;default&#8221; global_colors_info=&#8221;{}&#8221;][et_pb_column type=&#8221;1_3&#8243; _builder_version=&#8221;4.16&#8243; _module_preset=&#8221;default&#8221; global_colors_info=&#8221;{}&#8221;][et_pb_text admin_label=&#8221;Text&#8221; _builder_version=&#8221;4.16&#8243; _module_preset=&#8221;default&#8221; header_font_size=&#8221;44px&#8221; header_line_height=&#8221;1.2em&#8221; header_4_font=&#8221;|700|||||||&#8221; header_font_size_tablet=&#8221;&#8221; header_font_size_phone=&#8221;34px&#8221; header_font_size_last_edited=&#8221;on|phone&#8221; header_3_font_size_tablet=&#8221;&#8221; header_3_font_size_phone=&#8221;22px&#8221; header_3_font_size_last_edited=&#8221;on|phone&#8221; header_4_font_size_tablet=&#8221;&#8221; header_4_font_size_phone=&#8221;18px&#8221; header_4_font_size_last_edited=&#8221;on|desktop&#8221; global_colors_info=&#8221;{}&#8221;]<\/p>\n<h1 class=\"p1\"><span class=\"s1\">Instituciones Diocesanas de Derecho Can\u00f3nico<\/span><\/h1>\n<p>[\/et_pb_text][\/et_pb_column][et_pb_column type=&#8221;2_3&#8243; _builder_version=&#8221;4.16&#8243; _module_preset=&#8221;default&#8221; global_colors_info=&#8221;{}&#8221;][et_pb_text _builder_version=&#8221;4.16&#8243; _module_preset=&#8221;default&#8221; custom_padding=&#8221;||0px|||&#8221; custom_padding_tablet=&#8221;&#8221; custom_padding_phone=&#8221;||||false|true&#8221; custom_padding_last_edited=&#8221;on|desktop&#8221; global_colors_info=&#8221;{}&#8221;]<\/p>\n<h2 class=\"p1\"><span class=\"s1\">Katedraleko Kapitulua:<\/span><\/h2>\n<p><\/p>\n<p class=\"p2\"><span class=\"s1\">Es una de las instituciones eclesi\u00e1sticas de mayor raigambre en las di\u00f3cesis. En la actualidad corresponde al cabildo catedralicio celebrar y acompa\u00f1ar al Obispo en las funciones lit\u00fargicas de la iglesia catedral (c.503). Aunque en el nuevo C\u00f3digo ya no tenga su antigua relevancia, los Obispos pueden encomendarle diversas tareas en las di\u00f3cesis.<\/span><\/p>\n<p>[\/et_pb_text][et_pb_text disabled_on=&#8221;off|off|off&#8221; _builder_version=&#8221;4.16&#8243; _module_preset=&#8221;default&#8221; background_color=&#8221;#f5f7fa&#8221; custom_margin=&#8221;||0px||false|false&#8221; custom_padding=&#8221;20px|15px|20px|15px|true|true&#8221; border_radii=&#8221;on|4px|4px|4px|4px&#8221; locked=&#8221;off&#8221; global_colors_info=&#8221;{}&#8221;]<\/p>\n<p><strong><span class=\"s1\"style=\"color: #000000;\">Eleiza-katedrala:<\/span><\/strong><\/p>\n<p><\/p>\n<p><span class=\"s1\"><span style=\"color: #000000;\"><strong>Helbidea:<\/strong> <\/span>Plazuela de Santiago, 1 48005 BILBAO<br \/><span style=\"color: #000000;\"><strong>Tel.:<\/strong><\/span> <a href=\"tel:34944153627\" target=\"_blank\" rel=\"noopener noreferrer\">944 153 627<\/a><\/span><\/p>\n<p>[\/et_pb_text][et_pb_divider color=&#8221;#000000&#8243; divider_position=&#8221;center&#8221; _builder_version=&#8221;4.16&#8243; _module_preset=&#8221;default&#8221; global_colors_info=&#8221;{}&#8221;][\/et_pb_divider][et_pb_text _builder_version=&#8221;4.27.6&#8243; _module_preset=&#8221;default&#8221; custom_padding_tablet=&#8221;&#8221; custom_padding_phone=&#8221;||||false|true&#8221; custom_padding_last_edited=&#8221;on|desktop&#8221; global_colors_info=&#8221;{}&#8221;]<\/p>\n<p>&nbsp;<\/p>\n<p><\/p>\n<h3><span class=\"s1\">Can\u00f3nigos:<\/span><\/h3>\n<p><\/p>\n<ul>\n<li class=\"p2\">\n<p>D. Luis Alberto Loyo Mart\u00edn &#8211; De\u00e1n-Presidente (Prefecto de Liturgia)<\/p>\n<\/li>\n<li class=\"p2\">\n<p>D. F\u00e9lix Mar\u00eda Alonso Alonso<\/p>\n<\/li>\n<li class=\"p2\">\n<p>D. Ignacio Fern\u00e1ndez M\u00e9ndez &#8211; Secretario<\/p>\n<\/li>\n<li class=\"p2\">\n<p>D. Aitor Uribelarrea Gamero<\/p>\n<\/li>\n<li class=\"p2\">\n<p>D. Ernesto Bilbao Solozabal &#8211; Archivero<\/p>\n<\/li>\n<li class=\"p2\">\n<p>D. Ant\u00f3n Rey Su\u00e1rez<\/p>\n<\/li>\n<li class=\"p2\">\n<p>D. Jes\u00fas Llarena M\u00e1rmol<\/p>\n<\/li>\n<li class=\"p2\">\n<p>D. Carlos Olabarri Etxebarria &#8211; Penitenciario<\/p>\n<\/li>\n<\/ul>\n<p><\/p>\n<h3 class=\"p1\"><span class=\"s1\">Can\u00f3nigos em\u00e9ritos:<\/span><\/h3>\n<p><\/p>\n<ul>\n<li class=\"p2\"><span class=\"s1\">M.I. Sr. D. Nicol\u00e1s Gonz\u00e1lez-Pinto L\u00f3pez<\/span><\/li>\n<li class=\"p2\"><span class=\"s1\">M.I. Sr. D. Jos\u00e9 Mar\u00eda Angoitia Lizarralde<\/span><\/li>\n<li class=\"p3\"><span class=\"s1\">M.I. Sr D. Francisco Garc\u00eda L\u00f3pez<\/span><\/li>\n<\/ul>\n<p>[\/et_pb_text][et_pb_divider color=&#8221;#000000&#8243; divider_position=&#8221;center&#8221; _builder_version=&#8221;4.16&#8243; _module_preset=&#8221;default&#8221; global_colors_info=&#8221;{}&#8221;][\/et_pb_divider][et_pb_text _builder_version=&#8221;4.27.6&#8243; _module_preset=&#8221;default&#8221; custom_padding_tablet=&#8221;&#8221; custom_padding_phone=&#8221;||||false|true&#8221; custom_padding_last_edited=&#8221;on|desktop&#8221; global_colors_info=&#8221;{}&#8221;]<\/p>\n<h2>Seminarioa<\/h2>\n<p><\/p>\n<p>Eleizbarruti bakotxean, ahal eta komeni danean, seminario nagusia izango da eta, berariazko zuzenbidez, nortasun juridikoa izango dau Eleizan (237 eta 238 k.). Bertan abadetzara iritsi gura daben hautagaiak prestatu eta heziketa egokia jasoten dabe.<\/p>\n<p><\/p>\n<p><span style=\"color: #000000;\"><b>Errektorea:<\/b>Inazio Fern\u00e1ndez M\u00e9ndez.<\/span><\/p>\n<p><\/p>\n<p><span style=\"color: #000000;\"><b>Seminarioko Hezitzailea,<\/b>Carlos Olabarri Echevarria<\/span><\/p>\n<p><\/p>\n<p><strong>Directores espirituales: <\/strong>Borja Uriarte Corral y N\u00e9stor Aras Grence<\/p>\n<p>[\/et_pb_text][et_pb_text disabled_on=&#8221;off|off|off&#8221; _builder_version=&#8221;4.16&#8243; _module_preset=&#8221;default&#8221; background_color=&#8221;#f5f7fa&#8221; custom_margin=&#8221;||0px||false|false&#8221; custom_padding=&#8221;20px|15px|20px|15px|true|true&#8221; border_radii=&#8221;on|4px|4px|4px|4px&#8221; locked=&#8221;off&#8221; global_colors_info=&#8221;{}&#8221;]<\/p>\n<p><span class=\"s1\"><span style=\"color: #000000;\"><b>Helbidea: <\/b><\/span>Zabalbide, 92, 48006\u00a0 BILBAO<br \/><\/span><span class=\"s1\"><span style=\"color: #000000;\"><strong>Tel.:<\/strong> <\/span><a href=\"tel:34944243897\" target=\"_blank\" rel=\"noopener noreferrer\">944 243 897<\/a>, <a href=\"tel:34944235520\" target=\"_blank\" rel=\"noopener noreferrer\">944 235 520<\/a> (Rectoral)<br \/><span style=\"color: #000000;\"><strong>Faxa:<\/strong> <\/span><a href=\"tel:34944235520\" target=\"_blank\" rel=\"noopener noreferrer\">944 235 520<\/a><br \/><\/span><span class=\"s2\"><span style=\"color: #000000;\"><strong>E-maila:<\/strong><\/span> <a href=\"mailto:rector@bilboseminarioa.org\" target=\"_blank\" rel=\"noopener noreferrer\">rector@bilboseminarioa.org<\/a><\/span><\/p>\n<p>[\/et_pb_text][et_pb_text _builder_version=&#8221;4.27.6&#8243; _module_preset=&#8221;default&#8221; custom_padding_tablet=&#8221;&#8221; custom_padding_phone=&#8221;||||false|true&#8221; custom_padding_last_edited=&#8221;on|desktop&#8221; hover_enabled=&#8221;0&#8243; global_colors_info=&#8221;{}&#8221; sticky_enabled=&#8221;0&#8243;]<\/p>\n<p class=\"p2\">\u00a0<\/p>\n<p><\/p>\n<p>&nbsp;<\/p>\n<p><\/p>\n<h4>\u00a0<\/h4>\n<p><\/p>\n<p>&nbsp;<\/p>\n<p><\/p>\n<h4>\u00a0<\/h4>\n<p><\/p>\n<p>&nbsp;<\/p>\n<p><\/p>\n<h4>Eleizbarrutiko Abadetzarako Bokazino Pastoraltza (Bokazino Orientazinorako Zerbitzua)<\/h4>\n<p><\/p>\n<p>&nbsp;<\/p>\n<p><\/p>\n<p class=\"p2\" style=\"padding-left: 30px;\"><span class=\"s1\"><span style=\"color: #000000;\"><b>Ordezkaria: <\/b><\/span>Uribelarrea Gamero, Aitor.<\/span><\/p>\n<p><\/p>\n<p>&nbsp;<\/p>\n<p><\/p>\n<p class=\"p2\" style=\"padding-left: 30px;\"><span class=\"s1\"><span style=\"color: #000000;\"><strong>Tel.:\u00a0<\/strong><\/span><a href=\"tel:34944243897\" target=\"_blank\" rel=\"noopener noreferrer\">944 243 897<\/a><br \/><span style=\"color: #000000;\"><strong>Faxa:<\/strong><\/span> <a href=\"tel:34944243897\" target=\"_blank\" rel=\"noopener noreferrer\">944 243 897<\/a><br \/><\/span><span class=\"s1\"><span style=\"color: #000000;\"><strong>E-maila:<\/strong><\/span> <a href=\"mailto:vocacion@bilboseminarioa.org\" target=\"_blank\" rel=\"noopener noreferrer\">vocacion@bilboseminarioa.org<\/a><\/span><\/p>\n<p><\/p>\n<p>&nbsp;<\/p>\n<p><\/p>\n<p class=\"p2\" style=\"padding-left: 30px;\"><span class=\"s1\"><b><span style=\"color: #000000;\">Laguntzaileak:<\/span><br \/><\/b><\/span>Buiza Alcorta, Sergio.<br \/>Alonso Alonso, F\u00e9lix M\u00aa.<\/p>\n<p><\/p>\n<p>&nbsp;<\/p>\n<p><\/p>\n<h4>\u00a0<\/h4>\n<p><\/p>\n<p>&nbsp;<\/p>\n<p><\/p>\n<h4>\u00a0<\/h4>\n<p><\/p>\n<p>&nbsp;<\/p>\n<p><\/p>\n<h4>Heziketa Intelektualerako Batzorde Aholkularia<\/h4>\n<p><\/p>\n<p>&nbsp;<\/p>\n<p><\/p>\n<p class=\"p2\" style=\"padding-left: 30px;\"><span class=\"s1\"><span style=\"color: #000000;\"><b>Presidentea:<\/b><\/span> Uribelarrea Gamero, Aitor.<\/span><\/p>\n<p><\/p>\n<p>&nbsp;<\/p>\n<p><\/p>\n<p class=\"p2\" style=\"padding-left: 30px;\"><span class=\"s1\"><span style=\"color: #000000;\"><b>Liburuzaina:<\/b><\/span> Manterola Aldecoa, Ander.<\/span><\/p>\n<p><\/p>\n<p>&nbsp;<\/p>\n<p><\/p>\n<p class=\"p2\" style=\"padding-left: 30px;\"><span class=\"s1\"><span style=\"color: #000000;\"><b>Zuzendaritza:<\/b><\/span> Edificio Antiguo Seminario. 48160 Derio <span style=\"color: #000000;\"><strong>Tel.:<\/strong><\/span> <a href=\"tel:34944541012\" target=\"_blank\" rel=\"noopener noreferrer\">944 541 012<\/a><\/span><\/p>\n<p>[\/et_pb_text][\/et_pb_column][\/et_pb_row][\/et_pb_section]<\/p>\n","protected":false},"excerpt":{"rendered":"<p>Instituciones Diocesanas de Derecho Can\u00f3nicoKatedraleko Kapitulua:Es una de las instituciones eclesi\u00e1sticas de mayor raigambre en las di\u00f3cesis. En la actualidad corresponde al cabildo catedralicio celebrar y acompa\u00f1ar al Obispo en las funciones lit\u00fargicas de la iglesia catedral (c.503). Aunque en el nuevo C\u00f3digo ya no tenga su antigua relevancia, los Obispos pueden encomendarle diversas tareas [&hellip;]<\/p>\n","protected":false},"author":1,"featured_media":0,"parent":12657,"menu_order":0,"comment_status":"closed","ping_status":"closed","template":"","meta":{"_acf_changed":false,"_et_pb_use_builder":"on","_et_pb_old_content":"","_et_gb_content_width":"","_mc_calendar":[],"footnotes":""},"class_list":["post-12661","page","type-page","status-publish","hentry"],"acf":[],"yoast_head":"<!-- This site is optimized with the Yoast SEO Premium plugin v27.2 (Yoast SEO v27.2) - https:\/\/yoast.com\/product\/yoast-seo-premium-wordpress\/ -->\n<title>Zuzenbide Kanonikokoak - Bilboko Elizbarrutia - Di\u00f3cesis de Bilbao<\/title>\n<meta name=\"robots\" content=\"index, follow, max-snippet:-1, max-image-preview:large, max-video-preview:-1\" \/>\n<link rel=\"canonical\" href=\"https:\/\/bizkeliza.org\/eu\/elizbarrutia\/elizbarrutiko-gida\/elizbarrutiko-erakundeak\/zuzenbide-kanonikokoak\/\" \/>\n<meta property=\"og:locale\" content=\"eu_ES\" \/>\n<meta property=\"og:type\" content=\"article\" \/>\n<meta property=\"og:title\" content=\"Zuzenbide Kanonikokoak\" \/>\n<meta property=\"og:description\" content=\"Instituciones Diocesanas de Derecho Can\u00f3nicoKatedraleko Kapitulua:Es una de las instituciones eclesi\u00e1sticas de mayor raigambre en las di\u00f3cesis. En la actualidad corresponde al cabildo catedralicio celebrar y acompa\u00f1ar al Obispo en las funciones lit\u00fargicas de la iglesia catedral (c.503). Aunque en el nuevo C\u00f3digo ya no tenga su antigua relevancia, los Obispos pueden encomendarle diversas tareas [&hellip;]\" \/>\n<meta property=\"og:url\" content=\"https:\/\/bizkeliza.org\/eu\/elizbarrutia\/elizbarrutiko-gida\/elizbarrutiko-erakundeak\/zuzenbide-kanonikokoak\/\" \/>\n<meta property=\"og:site_name\" content=\"Bilboko Elizbarrutia - Di\u00f3cesis de Bilbao\" \/>\n<meta property=\"article:publisher\" content=\"https:\/\/www.facebook.com\/DiocesisBilbao\/\" \/>\n<meta property=\"article:modified_time\" content=\"2026-04-07T10:38:35+00:00\" \/>\n<meta property=\"og:image\" content=\"https:\/\/bizkeliza.org\/wp-content\/uploads\/2024\/01\/logoobispado2025.jpg\" \/>\n\t<meta property=\"og:image:width\" content=\"1399\" \/>\n\t<meta property=\"og:image:height\" content=\"495\" \/>\n\t<meta property=\"og:image:type\" content=\"image\/jpeg\" \/>\n<meta name=\"twitter:card\" content=\"summary_large_image\" \/>\n<meta name=\"twitter:site\" content=\"@DiocesisBilbao\" \/>\n<script type=\"application\/ld+json\" class=\"yoast-schema-graph\">{\"@context\":\"https:\/\/schema.org\",\"@graph\":[{\"@type\":\"WebPage\",\"@id\":\"https:\/\/bizkeliza.org\/eu\/elizbarrutia\/elizbarrutiko-gida\/elizbarrutiko-erakundeak\/zuzenbide-kanonikokoak\/\",\"url\":\"https:\/\/bizkeliza.org\/eu\/elizbarrutia\/elizbarrutiko-gida\/elizbarrutiko-erakundeak\/zuzenbide-kanonikokoak\/\",\"name\":\"Zuzenbide Kanonikokoak - Bilboko Elizbarrutia - Di\u00f3cesis de Bilbao\",\"isPartOf\":{\"@id\":\"https:\/\/bizkeliza.org\/eu\/#website\"},\"datePublished\":\"2021-06-02T06:44:20+00:00\",\"dateModified\":\"2026-04-07T10:38:35+00:00\",\"breadcrumb\":{\"@id\":\"https:\/\/bizkeliza.org\/eu\/elizbarrutia\/elizbarrutiko-gida\/elizbarrutiko-erakundeak\/zuzenbide-kanonikokoak\/#breadcrumb\"},\"inLanguage\":\"eu-ES\",\"potentialAction\":[{\"@type\":\"ReadAction\",\"target\":[\"https:\/\/bizkeliza.org\/eu\/elizbarrutia\/elizbarrutiko-gida\/elizbarrutiko-erakundeak\/zuzenbide-kanonikokoak\/\"]}]},{\"@type\":\"BreadcrumbList\",\"@id\":\"https:\/\/bizkeliza.org\/eu\/elizbarrutia\/elizbarrutiko-gida\/elizbarrutiko-erakundeak\/zuzenbide-kanonikokoak\/#breadcrumb\",\"itemListElement\":[{\"@type\":\"ListItem\",\"position\":1,\"name\":\"Portada\",\"item\":\"https:\/\/bizkeliza.org\/eu\/\"},{\"@type\":\"ListItem\",\"position\":2,\"name\":\"Eleizbarrutia\",\"item\":\"https:\/\/bizkeliza.org\/eu\/diocesis\/\"},{\"@type\":\"ListItem\",\"position\":3,\"name\":\"Eleizbarrutiko Gida\",\"item\":\"https:\/\/bizkeliza.org\/eu\/diocesis\/guia-diocesana\/\"},{\"@type\":\"ListItem\",\"position\":4,\"name\":\"Elizbarrutiko Erakundeak\",\"item\":\"https:\/\/bizkeliza.org\/eu\/diocesis\/guia-diocesana\/instituciones-diocesanas\/\"},{\"@type\":\"ListItem\",\"position\":5,\"name\":\"Zuzenbide Kanonikokoak\"}]},{\"@type\":\"WebSite\",\"@id\":\"https:\/\/bizkeliza.org\/eu\/#website\",\"url\":\"https:\/\/bizkeliza.org\/eu\/\",\"name\":\"Bilboko Elizbarrutia - Di\u00f3cesis de Bilbao\",\"description\":\"Di\u00f3cesis de Bilbao\",\"publisher\":{\"@id\":\"https:\/\/bizkeliza.org\/eu\/#organization\"},\"alternateName\":\"Di\u00f3cesis de Bilbao\",\"potentialAction\":[{\"@type\":\"SearchAction\",\"target\":{\"@type\":\"EntryPoint\",\"urlTemplate\":\"https:\/\/bizkeliza.org\/eu\/?s={search_term_string}\"},\"query-input\":{\"@type\":\"PropertyValueSpecification\",\"valueRequired\":true,\"valueName\":\"search_term_string\"}}],\"inLanguage\":\"eu-ES\"},{\"@type\":\"Organization\",\"@id\":\"https:\/\/bizkeliza.org\/eu\/#organization\",\"name\":\"Di\u00f3cesis de Bilbao\",\"alternateName\":\"Di\u00f3cesis de Bilbao\",\"url\":\"https:\/\/bizkeliza.org\/eu\/\",\"logo\":{\"@type\":\"ImageObject\",\"inLanguage\":\"eu-ES\",\"@id\":\"https:\/\/bizkeliza.org\/eu\/#\/schema\/logo\/image\/\",\"url\":\"https:\/\/bizkeliza.org\/wp-content\/uploads\/2022\/06\/Logo-nuevo_2024-1-scaled.jpg\",\"contentUrl\":\"https:\/\/bizkeliza.org\/wp-content\/uploads\/2022\/06\/Logo-nuevo_2024-1-scaled.jpg\",\"width\":2560,\"height\":1024,\"caption\":\"Di\u00f3cesis de Bilbao\"},\"image\":{\"@id\":\"https:\/\/bizkeliza.org\/eu\/#\/schema\/logo\/image\/\"},\"sameAs\":[\"https:\/\/www.facebook.com\/DiocesisBilbao\/\",\"https:\/\/x.com\/DiocesisBilbao\",\"https:\/\/www.instagram.com\/obispadobilbao\/\",\"https:\/\/www.youtube.com\/user\/bilbokoelizbarrutia\"],\"description\":\"Iglesia local de Bilbao perteneciente a la Iglesia Cat\u00f3lica\"}]}<\/script>\n<!-- \/ Yoast SEO Premium plugin. -->","yoast_head_json":{"title":"Zuzenbide Kanonikokoak - Bilboko Elizbarrutia - Di\u00f3cesis de Bilbao","robots":{"index":"index","follow":"follow","max-snippet":"max-snippet:-1","max-image-preview":"max-image-preview:large","max-video-preview":"max-video-preview:-1"},"canonical":"https:\/\/bizkeliza.org\/eu\/elizbarrutia\/elizbarrutiko-gida\/elizbarrutiko-erakundeak\/zuzenbide-kanonikokoak\/","og_locale":"eu_ES","og_type":"article","og_title":"Zuzenbide Kanonikokoak","og_description":"Instituciones Diocesanas de Derecho Can\u00f3nicoKatedraleko Kapitulua:Es una de las instituciones eclesi\u00e1sticas de mayor raigambre en las di\u00f3cesis. En la actualidad corresponde al cabildo catedralicio celebrar y acompa\u00f1ar al Obispo en las funciones lit\u00fargicas de la iglesia catedral (c.503). Aunque en el nuevo C\u00f3digo ya no tenga su antigua relevancia, los Obispos pueden encomendarle diversas tareas [&hellip;]","og_url":"https:\/\/bizkeliza.org\/eu\/elizbarrutia\/elizbarrutiko-gida\/elizbarrutiko-erakundeak\/zuzenbide-kanonikokoak\/","og_site_name":"Bilboko Elizbarrutia - Di\u00f3cesis de Bilbao","article_publisher":"https:\/\/www.facebook.com\/DiocesisBilbao\/","article_modified_time":"2026-04-07T10:38:35+00:00","og_image":[{"width":1399,"height":495,"url":"https:\/\/bizkeliza.org\/wp-content\/uploads\/2024\/01\/logoobispado2025.jpg","type":"image\/jpeg"}],"twitter_card":"summary_large_image","twitter_site":"@DiocesisBilbao","schema":{"@context":"https:\/\/schema.org","@graph":[{"@type":"WebPage","@id":"https:\/\/bizkeliza.org\/eu\/elizbarrutia\/elizbarrutiko-gida\/elizbarrutiko-erakundeak\/zuzenbide-kanonikokoak\/","url":"https:\/\/bizkeliza.org\/eu\/elizbarrutia\/elizbarrutiko-gida\/elizbarrutiko-erakundeak\/zuzenbide-kanonikokoak\/","name":"Zuzenbide Kanonikokoak - Bilboko Elizbarrutia - Di\u00f3cesis de Bilbao","isPartOf":{"@id":"https:\/\/bizkeliza.org\/eu\/#website"},"datePublished":"2021-06-02T06:44:20+00:00","dateModified":"2026-04-07T10:38:35+00:00","breadcrumb":{"@id":"https:\/\/bizkeliza.org\/eu\/elizbarrutia\/elizbarrutiko-gida\/elizbarrutiko-erakundeak\/zuzenbide-kanonikokoak\/#breadcrumb"},"inLanguage":"eu-ES","potentialAction":[{"@type":"ReadAction","target":["https:\/\/bizkeliza.org\/eu\/elizbarrutia\/elizbarrutiko-gida\/elizbarrutiko-erakundeak\/zuzenbide-kanonikokoak\/"]}]},{"@type":"BreadcrumbList","@id":"https:\/\/bizkeliza.org\/eu\/elizbarrutia\/elizbarrutiko-gida\/elizbarrutiko-erakundeak\/zuzenbide-kanonikokoak\/#breadcrumb","itemListElement":[{"@type":"ListItem","position":1,"name":"Portada","item":"https:\/\/bizkeliza.org\/eu\/"},{"@type":"ListItem","position":2,"name":"Eleizbarrutia","item":"https:\/\/bizkeliza.org\/eu\/diocesis\/"},{"@type":"ListItem","position":3,"name":"Eleizbarrutiko Gida","item":"https:\/\/bizkeliza.org\/eu\/diocesis\/guia-diocesana\/"},{"@type":"ListItem","position":4,"name":"Elizbarrutiko Erakundeak","item":"https:\/\/bizkeliza.org\/eu\/diocesis\/guia-diocesana\/instituciones-diocesanas\/"},{"@type":"ListItem","position":5,"name":"Zuzenbide Kanonikokoak"}]},{"@type":"WebSite","@id":"https:\/\/bizkeliza.org\/eu\/#website","url":"https:\/\/bizkeliza.org\/eu\/","name":"Bilboko Elizbarrutia - Di\u00f3cesis de Bilbao","description":"Di\u00f3cesis de Bilbao","publisher":{"@id":"https:\/\/bizkeliza.org\/eu\/#organization"},"alternateName":"Di\u00f3cesis de Bilbao","potentialAction":[{"@type":"SearchAction","target":{"@type":"EntryPoint","urlTemplate":"https:\/\/bizkeliza.org\/eu\/?s={search_term_string}"},"query-input":{"@type":"PropertyValueSpecification","valueRequired":true,"valueName":"search_term_string"}}],"inLanguage":"eu-ES"},{"@type":"Organization","@id":"https:\/\/bizkeliza.org\/eu\/#organization","name":"Di\u00f3cesis de Bilbao","alternateName":"Di\u00f3cesis de Bilbao","url":"https:\/\/bizkeliza.org\/eu\/","logo":{"@type":"ImageObject","inLanguage":"eu-ES","@id":"https:\/\/bizkeliza.org\/eu\/#\/schema\/logo\/image\/","url":"https:\/\/bizkeliza.org\/wp-content\/uploads\/2022\/06\/Logo-nuevo_2024-1-scaled.jpg","contentUrl":"https:\/\/bizkeliza.org\/wp-content\/uploads\/2022\/06\/Logo-nuevo_2024-1-scaled.jpg","width":2560,"height":1024,"caption":"Di\u00f3cesis de Bilbao"},"image":{"@id":"https:\/\/bizkeliza.org\/eu\/#\/schema\/logo\/image\/"},"sameAs":["https:\/\/www.facebook.com\/DiocesisBilbao\/","https:\/\/x.com\/DiocesisBilbao","https:\/\/www.instagram.com\/obispadobilbao\/","https:\/\/www.youtube.com\/user\/bilbokoelizbarrutia"],"description":"Iglesia local de Bilbao perteneciente a la Iglesia Cat\u00f3lica"}]}},"_links":{"self":[{"href":"https:\/\/bizkeliza.org\/eu\/wp-json\/wp\/v2\/pages\/12661","targetHints":{"allow":["GET"]}}],"collection":[{"href":"https:\/\/bizkeliza.org\/eu\/wp-json\/wp\/v2\/pages"}],"about":[{"href":"https:\/\/bizkeliza.org\/eu\/wp-json\/wp\/v2\/types\/page"}],"author":[{"embeddable":true,"href":"https:\/\/bizkeliza.org\/eu\/wp-json\/wp\/v2\/users\/1"}],"replies":[{"embeddable":true,"href":"https:\/\/bizkeliza.org\/eu\/wp-json\/wp\/v2\/comments?post=12661"}],"version-history":[{"count":0,"href":"https:\/\/bizkeliza.org\/eu\/wp-json\/wp\/v2\/pages\/12661\/revisions"}],"up":[{"embeddable":true,"href":"https:\/\/bizkeliza.org\/eu\/wp-json\/wp\/v2\/pages\/12657"}],"wp:attachment":[{"href":"https:\/\/bizkeliza.org\/eu\/wp-json\/wp\/v2\/media?parent=12661"}],"curies":[{"name":"wp","href":"https:\/\/api.w.org\/{rel}","templated":true}]}}