{"id":12850,"date":"2021-11-07T16:42:48","date_gmt":"2021-11-07T15:42:48","guid":{"rendered":"https:\/\/boring-dhawan.137-117-168-183.plesk.page\/baliabideak\/eleizbarrutiko-ebanjelizatze-egitasmoa\/documentos-v-pde\/"},"modified":"2021-11-25T17:28:57","modified_gmt":"2021-11-25T16:28:57","slug":"documentos-v-pde","status":"publish","type":"page","link":"https:\/\/bizkeliza.org\/eu\/baliabideak\/eleizbarrutiko-ebanjelizatze-egitasmoa\/documentos-v-pde\/","title":{"rendered":"Documentos V PDE"},"content":{"rendered":"<p>[et_pb_section fb_built=&#8221;1&#8243; _builder_version=&#8221;4.6.1&#8243; _module_preset=&#8221;default&#8221; custom_padding=&#8221;||100px||false|false&#8221; global_colors_info=&#8221;{}&#8221;][et_pb_row column_structure=&#8221;1_3,2_3&#8243; _builder_version=&#8221;4.6.1&#8243; _module_preset=&#8221;default&#8221; global_colors_info=&#8221;{}&#8221;][et_pb_column type=&#8221;1_3&#8243; _builder_version=&#8221;4.6.1&#8243; _module_preset=&#8221;default&#8221; global_colors_info=&#8221;{}&#8221;][et_pb_text admin_label=&#8221;Text&#8221; _builder_version=&#8221;4.6.1&#8243; _module_preset=&#8221;default&#8221; header_font_size=&#8221;44px&#8221; header_line_height=&#8221;1.2em&#8221; header_4_font=&#8221;|700|||||||&#8221; custom_margin=&#8221;||||false|false&#8221; custom_padding=&#8221;||||false|false&#8221; header_font_size_tablet=&#8221;&#8221; header_font_size_phone=&#8221;34px&#8221; header_font_size_last_edited=&#8221;on|phone&#8221; header_3_font_size_tablet=&#8221;&#8221; header_3_font_size_phone=&#8221;22px&#8221; header_3_font_size_last_edited=&#8221;on|phone&#8221; header_4_font_size_tablet=&#8221;&#8221; header_4_font_size_phone=&#8221;18px&#8221; header_4_font_size_last_edited=&#8221;on|desktop&#8221; global_colors_info=&#8221;{}&#8221;]<\/p>\n<h1><span style=\"font-weight: 400;\">Documentos V PDE<\/span><\/h1>\n<p>[\/et_pb_text][\/et_pb_column][et_pb_column type=&#8221;2_3&#8243; _builder_version=&#8221;4.6.1&#8243; _module_preset=&#8221;default&#8221; global_colors_info=&#8221;{}&#8221;][et_pb_text _builder_version=&#8221;4.11.1&#8243; _module_preset=&#8221;default&#8221; z_index=&#8221;20&#8243; custom_margin=&#8221;||32px|||&#8221; custom_padding_tablet=&#8221;&#8221; custom_padding_phone=&#8221;||||false|false&#8221; custom_padding_last_edited=&#8221;on|desktop&#8221; hover_enabled=&#8221;0&#8243; global_colors_info=&#8221;{}&#8221; text_text_color__hover_enabled=&#8221;on|hover&#8221; text_text_color__hover=&#8221;rgba(0,0,0,0)&#8221; custom_css_main_element__hover_enabled=&#8221;on|hover&#8221; sticky_enabled=&#8221;0&#8243;]<\/p>\n<ul>\n<li><a href=\"https:\/\/diocesisdebilbao-my.sharepoint.com\/:b:\/g\/personal\/webbizkeliza_bizkeliza_org\/Eb80e7tqByNJrlXS_ScO2akB3Ay_10lU66s1Td6thbS1nA\" target=\"_blank\" rel=\"noopener noreferrer\"><span style=\"font-weight: 400;\">Texto del V Plan de Evangelizaci\u00f3n (2014-2018)\u00a0 <\/span><\/a><a href=\"https:\/\/bizkeliza.org\/wp-content\/uploads\/2021\/05\/follow-icon-verdeoscuro-2.png\"><img decoding=\"async\" class=\"wp-image-5531 alignnone size-full\" src=\"https:\/\/bizkeliza.org\/wp-content\/uploads\/2021\/05\/download-icon-verdeoscuro-2.png\" alt=\"\" width=\"22\" height=\"22\" \/><\/a><\/li>\n<li><a href=\"http:\/\/issuu.com\/barriatv\/docs\/presentacion_vpde_2014?e=2913158\/9254692\" target=\"_blank\" rel=\"noopener noreferrer\"><span style=\"font-weight: 400;\">Presentaci\u00f3n explicativa del V PDE <\/span><span style=\"font-weight: 400;\">&#8211; <\/span><span style=\"font-weight: 400;\">(Descarga power-point)\u00a0<\/span><\/a><a href=\"https:\/\/diocesisdebilbao-my.sharepoint.com\/:b:\/g\/personal\/webbizkeliza_bizkeliza_org\/Eb80e7tqByNJrlXS_ScO2akB3Ay_10lU66s1Td6thbS1nA\" target=\"_blank\" rel=\"noopener noreferrer\">\u00a0\u00a0<img decoding=\"async\" class=\"wp-image-5531 alignnone size-full\" src=\"https:\/\/bizkeliza.org\/wp-content\/uploads\/2021\/05\/download-icon-verdeoscuro-2.png\" alt=\"\" width=\"22\" height=\"22\" \/><\/a><\/li>\n<li><a href=\"https:\/\/diocesisdebilbao-my.sharepoint.com\/:w:\/g\/personal\/webbizkeliza_bizkeliza_org\/EQP24iXvat1Jo03crGKr6eMBGCmmZn7ZxPogKnxpp8AAeQ\" target=\"_blank\" rel=\"noopener noreferrer\"><span style=\"font-weight: 400;\">Marco general V PDE (documento tras el proceso de discernimiento)\u00a0<\/span><\/a><a href=\"https:\/\/diocesisdebilbao-my.sharepoint.com\/:b:\/g\/personal\/webbizkeliza_bizkeliza_org\/Eb80e7tqByNJrlXS_ScO2akB3Ay_10lU66s1Td6thbS1nA\" target=\"_blank\" rel=\"noopener noreferrer\">\u00a0\u00a0<img decoding=\"async\" class=\"wp-image-5531 alignnone size-full\" src=\"https:\/\/bizkeliza.org\/wp-content\/uploads\/2021\/05\/download-icon-verdeoscuro-2.png\" alt=\"\" width=\"22\" height=\"22\" \/><\/a><\/li>\n<li><a href=\"https:\/\/diocesisdebilbao-my.sharepoint.com\/:b:\/g\/personal\/webbizkeliza_bizkeliza_org\/EZZpULPLIHdFubJQv53k6BMBli8PC15_lsS63V9SJ4zY3A\" target=\"_blank\" rel=\"noopener noreferrer\"><span style=\"font-weight: 400;\">Indicaciones para el a\u00f1o de discernimiento\u00a0<\/span><\/a><a href=\"https:\/\/diocesisdebilbao-my.sharepoint.com\/:b:\/g\/personal\/webbizkeliza_bizkeliza_org\/Eb80e7tqByNJrlXS_ScO2akB3Ay_10lU66s1Td6thbS1nA\" target=\"_blank\" rel=\"noopener noreferrer\">\u00a0\u00a0<img decoding=\"async\" class=\"wp-image-5531 alignnone size-full\" src=\"https:\/\/bizkeliza.org\/wp-content\/uploads\/2021\/05\/download-icon-verdeoscuro-2.png\" alt=\"\" width=\"22\" height=\"22\" \/><\/a><\/li>\n<li><a href=\"https:\/\/bizkeliza.org\/eu\/baliabideak\/eleizbarrutiko-ebanjelizatze-egitasmoa\/documentos-v-pde\/eleizbarrutiko-bereizketaren-helburua\/\" target=\"_blank\" rel=\"noopener noreferrer\"><span style=\"font-weight: 400;\">Guiones-fichas de trabajo a\u00f1o discernimiento\u00a0<\/span>\u00a0 <img decoding=\"async\" class=\"wp-image-5535 alignnone size-full\" src=\"https:\/\/bizkeliza.org\/wp-content\/uploads\/2021\/05\/follow-icon-verdeoscuro-2.png\" alt=\"\" width=\"21\" height=\"11\" \/><\/a><\/li>\n<\/ul>\n<p>[\/et_pb_text][et_pb_accordion open_toggle_text_color=&#8221;#000000&#8243; open_toggle_background_color=&#8221;rgba(0,0,0,0)&#8221; closed_toggle_text_color=&#8221;#000000&#8243; closed_toggle_background_color=&#8221;rgba(0,0,0,0)&#8221; icon_color=&#8221;#000000&#8243; use_icon_font_size=&#8221;on&#8221; admin_label=&#8221;Accordion&#8221; module_id=&#8221;SEC1-ancla2&#8243; module_class=&#8221;Accordion-black&#8221; _builder_version=&#8221;4.6.1&#8243; _module_preset=&#8221;addb4e85-b149-48c6-9dcd-1b63836bb534&#8243; toggle_text_color=&#8221;#00a55a&#8221; toggle_level=&#8221;h4&#8243; toggle_font=&#8221;|600|||||||&#8221; toggle_font_size=&#8221;18px&#8221; toggle_line_height=&#8221;1.2em&#8221; closed_toggle_font=&#8221;||||||||&#8221; closed_toggle_font_size=&#8221;18px&#8221; background_color=&#8221;rgba(0,0,0,0)&#8221; min_height=&#8221;200.3px&#8221; custom_margin=&#8221;0px||35px||false|false&#8221; custom_padding=&#8221;||||false|false&#8221; hover_transition_duration=&#8221;0.2ms&#8221; hover_transition_speed_curve=&#8221;ease-in-out&#8221; custom_css_main_element=&#8221;transition: 0.1s!important;&#8221; custom_css_toggle_icon=&#8221;content:\u201c4c\u201d;&#8221; custom_css_toggle_content=&#8221;padding: 1% 0% 1% 0%;||&#8221; border_width_all=&#8221;0px&#8221; border_color_all=&#8221;rgba(0,0,0,0)&#8221; border_style_bottom=&#8221;none&#8221; locked=&#8221;off&#8221; global_colors_info=&#8221;{}&#8221;][et_pb_accordion_item open=&#8221;on&#8221; open_toggle_background_color=&#8221;rgba(0,0,0,0)&#8221; icon_color=&#8221;rgba(0,0,0,0)&#8221; _builder_version=&#8221;4.6.1&#8243; _module_preset=&#8221;default&#8221; height=&#8221;0px&#8221; custom_margin=&#8221;-80px||||false|false&#8221; custom_css_toggle_icon=&#8221;content: %22%22!important;&#8221; custom_css_toggle_content=&#8221;padding: 1% 2% 1% 2%;&#8221; global_colors_info=&#8221;{}&#8221; toggle_font=&#8221;||||||||&#8221; toggle_font_size=&#8221;18px&#8221;][\/et_pb_accordion_item][et_pb_accordion_item title=&#8221;Novedad y credibilidad del Evangelio, hoy. Francesc Ramis Darder&#8221; open_toggle_background_color=&#8221;rgba(0,0,0,0)&#8221; closed_toggle_background_color=&#8221;rgba(0,0,0,0)&#8221; icon_color=&#8221;#000000&#8243; use_icon_font_size=&#8221;on&#8221; icon_font_size=&#8221;25px&#8221; _builder_version=&#8221;4.6.1&#8243; _module_preset=&#8221;dd4590c4-4c27-4d54-b17d-daa56f0f40df&#8221; custom_margin=&#8221;-10px||-25px||false|false&#8221; custom_css_toggle_title=&#8221;Padding:5px 0px 5px 0px;||border-bottom: 1px solid #737373;||||&#8221; custom_css_toggle_icon=&#8221;font-family:&#8217;ETmodules&#8217;;||content: %22%924c%22;&#8221; custom_css_toggle_content=&#8221;padding: 1% 2% 1% 2%;&#8221; border_width_bottom=&#8221;4px&#8221; border_color_bottom=&#8221;#8300e9&#8243; global_colors_info=&#8221;{}&#8221; toggle_level=&#8221;h4&#8243; toggle_font=&#8221;|600|||||||&#8221; toggle_font_size=&#8221;18px&#8221; custom_css_toggle_icon__hover_enabled=&#8221;on|hover&#8221; custom_css_toggle_icon_last_edited=&#8221;on|desktop&#8221; custom_css_toggle_icon__hover=&#8221;font-family:&#8217;ETmodules&#8217;;||content: %22%924c%22;||transform:rotate(180deg);\t&#8221; open=&#8221;off&#8221;]<\/p>\n<div class=\"anchor-toggle-text\">\n<p>Ofrecemos a continuaci\u00f3n la exposici\u00f3n de Francesc Ramis que ofreci\u00f3 en las Jornadas de Inicio de Curso Pastoral GOAZEN! el pasado 30 de septiembre de 2014 en el Sal\u00f3n de Actos de la Parroquia de El Carmen de Indautxu<\/p>\n<p>&nbsp;<\/p>\n<ul>\n<li><a href=\"https:\/\/diocesisdebilbao-my.sharepoint.com\/:b:\/g\/personal\/webbizkeliza_bizkeliza_org\/ERmabnqv6XFKh9k9LjSwUZcB-uXJLow3Tb5cNBU6kjCTbA\">Descarga en formato PDF\u00a0<\/a><a href=\"https:\/\/bizkeliza.org\/wp-content\/uploads\/2021\/05\/follow-icon-verdeoscuro-2.png\"><img decoding=\"async\" class=\"wp-image-5531 alignnone size-full\" src=\"https:\/\/bizkeliza.org\/wp-content\/uploads\/2021\/05\/download-icon-verdeoscuro-2.png\" alt=\"\" width=\"22\" height=\"22\" \/><\/a><\/li>\n<li><a href=\"https:\/\/diocesisdebilbao-my.sharepoint.com\/:u:\/g\/personal\/webbizkeliza_bizkeliza_org\/EQHv0TgdqmdKnuV3mhgMwxgBgPP6GLm3Aj4YvvZ7dB53-g\">Descarga en formato MOBI (para dispositivos Kindle)\u00a0<\/a><a href=\"https:\/\/bizkeliza.org\/wp-content\/uploads\/2021\/05\/follow-icon-verdeoscuro-2.png\"><img decoding=\"async\" class=\"wp-image-5531 alignnone size-full\" src=\"https:\/\/bizkeliza.org\/wp-content\/uploads\/2021\/05\/download-icon-verdeoscuro-2.png\" alt=\"\" width=\"22\" height=\"22\" \/><\/a><\/li>\n<li><a href=\"https:\/\/diocesisdebilbao-my.sharepoint.com\/:u:\/g\/personal\/webbizkeliza_bizkeliza_org\/EVQAuikA_zRMuD-phkUsg3kBaUVLLh99BKoteFvjbJNyqQ\">Descarga en formato EPUB (para libro electr\u00f3nico y tabletas)\u00a0<\/a><a href=\"https:\/\/bizkeliza.org\/wp-content\/uploads\/2021\/05\/follow-icon-verdeoscuro-2.png\"><img decoding=\"async\" class=\"wp-image-5531 alignnone size-full\" src=\"https:\/\/bizkeliza.org\/wp-content\/uploads\/2021\/05\/download-icon-verdeoscuro-2.png\" alt=\"\" width=\"22\" height=\"22\" \/><\/a><\/li>\n<\/ul>\n<\/div>\n<p>[\/et_pb_accordion_item][et_pb_accordion_item title=&#8221;Itxi &#8221; open_toggle_background_color=&#8221;rgba(0,0,0,0)&#8221; closed_toggle_background_color=&#8221;rgba(0,0,0,0)&#8221; icon_color=&#8221;#000000&#8243; use_icon_font_size=&#8221;on&#8221; icon_font_size=&#8221;25px&#8221; _builder_version=&#8221;4.6.1&#8243; _module_preset=&#8221;dd4590c4-4c27-4d54-b17d-daa56f0f40df&#8221; custom_margin=&#8221;0px||-25px||false|false&#8221; custom_padding=&#8221;||||false|false&#8221; custom_css_toggle_title=&#8221;Padding:5px 30px 5px 0px;||border-bottom: 0px solid;&#8221; custom_css_toggle_icon=&#8221;font-family:&#8217;ETmodules&#8217;;||content:%22%924d%22;||display:block!important;&#8221; custom_css_toggle_content=&#8221;padding: 1% 2% 1% 2%;&#8221; border_width_bottom=&#8221;0px&#8221; border_color_bottom=&#8221;rgba(0,0,0,0)&#8221; border_style_bottom=&#8221;none&#8221; global_colors_info=&#8221;{}&#8221; toggle_level=&#8221;h4&#8243; toggle_font=&#8221;|300|||||||&#8221; toggle_text_align=&#8221;right&#8221; toggle_font_size=&#8221;18px&#8221; custom_css_toggle_icon__hover_enabled=&#8221;off|desktop&#8221; custom_css_toggle_icon_last_edited=&#8221;on|desktop&#8221; custom_css_toggle_icon__hover=&#8221;font-family:&#8217;ETmodules&#8217;;||content: %22%924c%22;||transform:rotate(180deg);\t&#8221; content__hover_enabled=&#8221;off|desktop&#8221; custom_padding__hover_enabled=&#8221;off|desktop&#8221; open=&#8221;off&#8221;][\/et_pb_accordion_item][\/et_pb_accordion][et_pb_text admin_label=&#8221;Texto&#8221; _builder_version=&#8221;4.6.1&#8243; _module_preset=&#8221;default&#8221; header_line_height=&#8221;1.2em&#8221; header_4_font=&#8221;|700|||||||&#8221; custom_margin=&#8221;-2px|||||&#8221; header_3_font_size_tablet=&#8221;&#8221; header_3_font_size_phone=&#8221;22px&#8221; header_3_font_size_last_edited=&#8221;on|phone&#8221; header_4_font_size_tablet=&#8221;&#8221; header_4_font_size_phone=&#8221;18px&#8221; header_4_font_size_last_edited=&#8221;on|desktop&#8221; global_colors_info=&#8221;{}&#8221;]<\/p>\n<h2>ALKARREN ONERAKO: Aplicaciones y buenas pr\u00e1cticas del V PDE 18.07.2016<\/h2>\n<p>[\/et_pb_text][et_pb_text _builder_version=&#8221;4.6.1&#8243; _module_preset=&#8221;default&#8221; custom_padding_tablet=&#8221;&#8221; custom_padding_phone=&#8221;||||false|false&#8221; custom_padding_last_edited=&#8221;on|desktop&#8221; locked=&#8221;off&#8221; global_colors_info=&#8221;{}&#8221;]<\/p>\n<p>Bajo el t\u00edtulo ALKARREN ONERAKO se ofrecen el marco general del V Plan de Evangelizaci\u00f3n y algunas iniciativas discernidas y programadas en su l\u00ednea. La primera parte recoge la propuesta marco elaborada por el Obispo y el Consejo Episcopal a partir de las aportaciones de los grupos de discernimiento y de los Consejos Diocesanos. La segunda parte recoge una selecci\u00f3n de objetivos y acciones en l\u00ednea con el esp\u00edritu del Plan, que pretende impulsar una Iglesia en salida.<\/p>\n<p><a href=\"https:\/\/diocesisdebilbao-my.sharepoint.com\/:b:\/g\/personal\/webbizkeliza_bizkeliza_org\/EZEP12xHLLNMjb7UW8CGj4YBpzHALOBMCOwvwfZmz3bfGg\" target=\"_blank\" rel=\"noopener noreferrer\"><span style=\"font-weight: 400;\">Descarga documento: ALKARREN ONERAKO: Aplicaciones y buenas pr\u00e1cticas del V PDE\u00a0<\/span><\/a><a href=\"https:\/\/diocesisdebilbao-my.sharepoint.com\/:b:\/g\/personal\/webbizkeliza_bizkeliza_org\/Eb80e7tqByNJrlXS_ScO2akB3Ay_10lU66s1Td6thbS1nA\" target=\"_blank\" rel=\"noopener noreferrer\">\u00a0\u00a0<img decoding=\"async\" class=\"wp-image-5531 alignnone size-full\" src=\"https:\/\/bizkeliza.org\/wp-content\/uploads\/2021\/05\/download-icon-verdeoscuro-2.png\" alt=\"\" width=\"22\" height=\"22\" \/><\/a><\/p>\n<p>[\/et_pb_text][\/et_pb_column][\/et_pb_row][\/et_pb_section]<\/p>\n","protected":false},"excerpt":{"rendered":"<p>Documentos V PDE Texto del V Plan de Evangelizaci\u00f3n (2014-2018)\u00a0 Presentaci\u00f3n explicativa del V PDE &#8211; (Descarga power-point)\u00a0\u00a0\u00a0 Marco general V PDE (documento tras el proceso de discernimiento)\u00a0\u00a0\u00a0 Indicaciones para el a\u00f1o de discernimiento\u00a0\u00a0\u00a0 Guiones-fichas de trabajo a\u00f1o discernimiento\u00a0\u00a0 Ofrecemos a continuaci\u00f3n la exposici\u00f3n de Francesc Ramis que ofreci\u00f3 en las Jornadas de Inicio de [&hellip;]<\/p>\n","protected":false},"author":2,"featured_media":0,"parent":12847,"menu_order":1,"comment_status":"closed","ping_status":"closed","template":"","meta":{"_acf_changed":false,"_et_pb_use_builder":"on","_et_pb_old_content":"","_et_gb_content_width":"","_mc_calendar":[],"footnotes":""},"class_list":["post-12850","page","type-page","status-publish","hentry"],"acf":[],"yoast_head":"<!-- This site is optimized with the Yoast SEO Premium plugin v27.2 (Yoast SEO v27.2) - https:\/\/yoast.com\/product\/yoast-seo-premium-wordpress\/ -->\n<title>Documentos V PDE - Bilboko Elizbarrutia - Di\u00f3cesis de Bilbao<\/title>\n<meta name=\"robots\" content=\"index, follow, max-snippet:-1, max-image-preview:large, max-video-preview:-1\" \/>\n<link rel=\"canonical\" href=\"https:\/\/bizkeliza.org\/eu\/baliabideak\/eleizbarrutiko-ebanjelizatze-egitasmoa\/documentos-v-pde\/\" \/>\n<meta property=\"og:locale\" content=\"eu_ES\" \/>\n<meta property=\"og:type\" content=\"article\" \/>\n<meta property=\"og:title\" content=\"Documentos V PDE\" \/>\n<meta property=\"og:description\" content=\"Documentos V PDE Texto del V Plan de Evangelizaci\u00f3n (2014-2018)\u00a0 Presentaci\u00f3n explicativa del V PDE - (Descarga power-point)\u00a0\u00a0\u00a0 Marco general V PDE (documento tras el proceso de discernimiento)\u00a0\u00a0\u00a0 Indicaciones para el a\u00f1o de discernimiento\u00a0\u00a0\u00a0 Guiones-fichas de trabajo a\u00f1o discernimiento\u00a0\u00a0 Ofrecemos a continuaci\u00f3n la exposici\u00f3n de Francesc Ramis que ofreci\u00f3 en las Jornadas de Inicio de [&hellip;]\" \/>\n<meta property=\"og:url\" content=\"https:\/\/bizkeliza.org\/eu\/baliabideak\/eleizbarrutiko-ebanjelizatze-egitasmoa\/documentos-v-pde\/\" \/>\n<meta property=\"og:site_name\" content=\"Bilboko Elizbarrutia - Di\u00f3cesis de Bilbao\" \/>\n<meta property=\"article:publisher\" content=\"https:\/\/www.facebook.com\/DiocesisBilbao\/\" \/>\n<meta property=\"article:modified_time\" content=\"2021-11-25T16:28:57+00:00\" \/>\n<meta property=\"og:image\" content=\"https:\/\/bizkeliza.org\/wp-content\/uploads\/2021\/05\/download-icon-verdeoscuro-2.png\" \/>\n<meta name=\"twitter:card\" content=\"summary_large_image\" \/>\n<meta name=\"twitter:site\" content=\"@DiocesisBilbao\" \/>\n<script type=\"application\/ld+json\" class=\"yoast-schema-graph\">{\"@context\":\"https:\/\/schema.org\",\"@graph\":[{\"@type\":\"WebPage\",\"@id\":\"https:\/\/bizkeliza.org\/eu\/baliabideak\/eleizbarrutiko-ebanjelizatze-egitasmoa\/documentos-v-pde\/\",\"url\":\"https:\/\/bizkeliza.org\/eu\/baliabideak\/eleizbarrutiko-ebanjelizatze-egitasmoa\/documentos-v-pde\/\",\"name\":\"Documentos V PDE - Bilboko Elizbarrutia - Di\u00f3cesis de Bilbao\",\"isPartOf\":{\"@id\":\"https:\/\/bizkeliza.org\/eu\/#website\"},\"primaryImageOfPage\":{\"@id\":\"https:\/\/bizkeliza.org\/eu\/baliabideak\/eleizbarrutiko-ebanjelizatze-egitasmoa\/documentos-v-pde\/#primaryimage\"},\"image\":{\"@id\":\"https:\/\/bizkeliza.org\/eu\/baliabideak\/eleizbarrutiko-ebanjelizatze-egitasmoa\/documentos-v-pde\/#primaryimage\"},\"thumbnailUrl\":\"https:\/\/bizkeliza.org\/wp-content\/uploads\/2021\/05\/download-icon-verdeoscuro-2.png\",\"datePublished\":\"2021-11-07T15:42:48+00:00\",\"dateModified\":\"2021-11-25T16:28:57+00:00\",\"breadcrumb\":{\"@id\":\"https:\/\/bizkeliza.org\/eu\/baliabideak\/eleizbarrutiko-ebanjelizatze-egitasmoa\/documentos-v-pde\/#breadcrumb\"},\"inLanguage\":\"eu-ES\",\"potentialAction\":[{\"@type\":\"ReadAction\",\"target\":[\"https:\/\/bizkeliza.org\/eu\/baliabideak\/eleizbarrutiko-ebanjelizatze-egitasmoa\/documentos-v-pde\/\"]}]},{\"@type\":\"ImageObject\",\"inLanguage\":\"eu-ES\",\"@id\":\"https:\/\/bizkeliza.org\/eu\/baliabideak\/eleizbarrutiko-ebanjelizatze-egitasmoa\/documentos-v-pde\/#primaryimage\",\"url\":\"https:\/\/bizkeliza.org\/wp-content\/uploads\/2021\/05\/download-icon-verdeoscuro-2.png\",\"contentUrl\":\"https:\/\/bizkeliza.org\/wp-content\/uploads\/2021\/05\/download-icon-verdeoscuro-2.png\"},{\"@type\":\"BreadcrumbList\",\"@id\":\"https:\/\/bizkeliza.org\/eu\/baliabideak\/eleizbarrutiko-ebanjelizatze-egitasmoa\/documentos-v-pde\/#breadcrumb\",\"itemListElement\":[{\"@type\":\"ListItem\",\"position\":1,\"name\":\"Portada\",\"item\":\"https:\/\/bizkeliza.org\/eu\/\"},{\"@type\":\"ListItem\",\"position\":2,\"name\":\"Baliabideak\",\"item\":\"https:\/\/bizkeliza.org\/eu\/recursos\/\"},{\"@type\":\"ListItem\",\"position\":3,\"name\":\"Eleizbarrutiko Ebanjelizatze Egitasmoa\",\"item\":\"https:\/\/bizkeliza.org\/eu\/recursos\/plan-diocesano-de-evangelizacion\/\"},{\"@type\":\"ListItem\",\"position\":4,\"name\":\"Documentos V PDE\"}]},{\"@type\":\"WebSite\",\"@id\":\"https:\/\/bizkeliza.org\/eu\/#website\",\"url\":\"https:\/\/bizkeliza.org\/eu\/\",\"name\":\"Bilboko Elizbarrutia - Di\u00f3cesis de Bilbao\",\"description\":\"Di\u00f3cesis de Bilbao\",\"publisher\":{\"@id\":\"https:\/\/bizkeliza.org\/eu\/#organization\"},\"alternateName\":\"Di\u00f3cesis de Bilbao\",\"potentialAction\":[{\"@type\":\"SearchAction\",\"target\":{\"@type\":\"EntryPoint\",\"urlTemplate\":\"https:\/\/bizkeliza.org\/eu\/?s={search_term_string}\"},\"query-input\":{\"@type\":\"PropertyValueSpecification\",\"valueRequired\":true,\"valueName\":\"search_term_string\"}}],\"inLanguage\":\"eu-ES\"},{\"@type\":\"Organization\",\"@id\":\"https:\/\/bizkeliza.org\/eu\/#organization\",\"name\":\"Di\u00f3cesis de Bilbao\",\"alternateName\":\"Di\u00f3cesis de Bilbao\",\"url\":\"https:\/\/bizkeliza.org\/eu\/\",\"logo\":{\"@type\":\"ImageObject\",\"inLanguage\":\"eu-ES\",\"@id\":\"https:\/\/bizkeliza.org\/eu\/#\/schema\/logo\/image\/\",\"url\":\"https:\/\/bizkeliza.org\/wp-content\/uploads\/2022\/06\/Logo-nuevo_2024-1-scaled.jpg\",\"contentUrl\":\"https:\/\/bizkeliza.org\/wp-content\/uploads\/2022\/06\/Logo-nuevo_2024-1-scaled.jpg\",\"width\":2560,\"height\":1024,\"caption\":\"Di\u00f3cesis de Bilbao\"},\"image\":{\"@id\":\"https:\/\/bizkeliza.org\/eu\/#\/schema\/logo\/image\/\"},\"sameAs\":[\"https:\/\/www.facebook.com\/DiocesisBilbao\/\",\"https:\/\/x.com\/DiocesisBilbao\",\"https:\/\/www.instagram.com\/obispadobilbao\/\",\"https:\/\/www.youtube.com\/user\/bilbokoelizbarrutia\"],\"description\":\"Iglesia local de Bilbao perteneciente a la Iglesia Cat\u00f3lica\"}]}<\/script>\n<!-- \/ Yoast SEO Premium plugin. -->","yoast_head_json":{"title":"Documentos V PDE - Bilboko Elizbarrutia - Di\u00f3cesis de Bilbao","robots":{"index":"index","follow":"follow","max-snippet":"max-snippet:-1","max-image-preview":"max-image-preview:large","max-video-preview":"max-video-preview:-1"},"canonical":"https:\/\/bizkeliza.org\/eu\/baliabideak\/eleizbarrutiko-ebanjelizatze-egitasmoa\/documentos-v-pde\/","og_locale":"eu_ES","og_type":"article","og_title":"Documentos V PDE","og_description":"Documentos V PDE Texto del V Plan de Evangelizaci\u00f3n (2014-2018)\u00a0 Presentaci\u00f3n explicativa del V PDE - (Descarga power-point)\u00a0\u00a0\u00a0 Marco general V PDE (documento tras el proceso de discernimiento)\u00a0\u00a0\u00a0 Indicaciones para el a\u00f1o de discernimiento\u00a0\u00a0\u00a0 Guiones-fichas de trabajo a\u00f1o discernimiento\u00a0\u00a0 Ofrecemos a continuaci\u00f3n la exposici\u00f3n de Francesc Ramis que ofreci\u00f3 en las Jornadas de Inicio de [&hellip;]","og_url":"https:\/\/bizkeliza.org\/eu\/baliabideak\/eleizbarrutiko-ebanjelizatze-egitasmoa\/documentos-v-pde\/","og_site_name":"Bilboko Elizbarrutia - Di\u00f3cesis de Bilbao","article_publisher":"https:\/\/www.facebook.com\/DiocesisBilbao\/","article_modified_time":"2021-11-25T16:28:57+00:00","og_image":[{"url":"https:\/\/bizkeliza.org\/wp-content\/uploads\/2021\/05\/download-icon-verdeoscuro-2.png","type":"","width":"","height":""}],"twitter_card":"summary_large_image","twitter_site":"@DiocesisBilbao","schema":{"@context":"https:\/\/schema.org","@graph":[{"@type":"WebPage","@id":"https:\/\/bizkeliza.org\/eu\/baliabideak\/eleizbarrutiko-ebanjelizatze-egitasmoa\/documentos-v-pde\/","url":"https:\/\/bizkeliza.org\/eu\/baliabideak\/eleizbarrutiko-ebanjelizatze-egitasmoa\/documentos-v-pde\/","name":"Documentos V PDE - Bilboko Elizbarrutia - Di\u00f3cesis de Bilbao","isPartOf":{"@id":"https:\/\/bizkeliza.org\/eu\/#website"},"primaryImageOfPage":{"@id":"https:\/\/bizkeliza.org\/eu\/baliabideak\/eleizbarrutiko-ebanjelizatze-egitasmoa\/documentos-v-pde\/#primaryimage"},"image":{"@id":"https:\/\/bizkeliza.org\/eu\/baliabideak\/eleizbarrutiko-ebanjelizatze-egitasmoa\/documentos-v-pde\/#primaryimage"},"thumbnailUrl":"https:\/\/bizkeliza.org\/wp-content\/uploads\/2021\/05\/download-icon-verdeoscuro-2.png","datePublished":"2021-11-07T15:42:48+00:00","dateModified":"2021-11-25T16:28:57+00:00","breadcrumb":{"@id":"https:\/\/bizkeliza.org\/eu\/baliabideak\/eleizbarrutiko-ebanjelizatze-egitasmoa\/documentos-v-pde\/#breadcrumb"},"inLanguage":"eu-ES","potentialAction":[{"@type":"ReadAction","target":["https:\/\/bizkeliza.org\/eu\/baliabideak\/eleizbarrutiko-ebanjelizatze-egitasmoa\/documentos-v-pde\/"]}]},{"@type":"ImageObject","inLanguage":"eu-ES","@id":"https:\/\/bizkeliza.org\/eu\/baliabideak\/eleizbarrutiko-ebanjelizatze-egitasmoa\/documentos-v-pde\/#primaryimage","url":"https:\/\/bizkeliza.org\/wp-content\/uploads\/2021\/05\/download-icon-verdeoscuro-2.png","contentUrl":"https:\/\/bizkeliza.org\/wp-content\/uploads\/2021\/05\/download-icon-verdeoscuro-2.png"},{"@type":"BreadcrumbList","@id":"https:\/\/bizkeliza.org\/eu\/baliabideak\/eleizbarrutiko-ebanjelizatze-egitasmoa\/documentos-v-pde\/#breadcrumb","itemListElement":[{"@type":"ListItem","position":1,"name":"Portada","item":"https:\/\/bizkeliza.org\/eu\/"},{"@type":"ListItem","position":2,"name":"Baliabideak","item":"https:\/\/bizkeliza.org\/eu\/recursos\/"},{"@type":"ListItem","position":3,"name":"Eleizbarrutiko Ebanjelizatze Egitasmoa","item":"https:\/\/bizkeliza.org\/eu\/recursos\/plan-diocesano-de-evangelizacion\/"},{"@type":"ListItem","position":4,"name":"Documentos V PDE"}]},{"@type":"WebSite","@id":"https:\/\/bizkeliza.org\/eu\/#website","url":"https:\/\/bizkeliza.org\/eu\/","name":"Bilboko Elizbarrutia - Di\u00f3cesis de Bilbao","description":"Di\u00f3cesis de Bilbao","publisher":{"@id":"https:\/\/bizkeliza.org\/eu\/#organization"},"alternateName":"Di\u00f3cesis de Bilbao","potentialAction":[{"@type":"SearchAction","target":{"@type":"EntryPoint","urlTemplate":"https:\/\/bizkeliza.org\/eu\/?s={search_term_string}"},"query-input":{"@type":"PropertyValueSpecification","valueRequired":true,"valueName":"search_term_string"}}],"inLanguage":"eu-ES"},{"@type":"Organization","@id":"https:\/\/bizkeliza.org\/eu\/#organization","name":"Di\u00f3cesis de Bilbao","alternateName":"Di\u00f3cesis de Bilbao","url":"https:\/\/bizkeliza.org\/eu\/","logo":{"@type":"ImageObject","inLanguage":"eu-ES","@id":"https:\/\/bizkeliza.org\/eu\/#\/schema\/logo\/image\/","url":"https:\/\/bizkeliza.org\/wp-content\/uploads\/2022\/06\/Logo-nuevo_2024-1-scaled.jpg","contentUrl":"https:\/\/bizkeliza.org\/wp-content\/uploads\/2022\/06\/Logo-nuevo_2024-1-scaled.jpg","width":2560,"height":1024,"caption":"Di\u00f3cesis de Bilbao"},"image":{"@id":"https:\/\/bizkeliza.org\/eu\/#\/schema\/logo\/image\/"},"sameAs":["https:\/\/www.facebook.com\/DiocesisBilbao\/","https:\/\/x.com\/DiocesisBilbao","https:\/\/www.instagram.com\/obispadobilbao\/","https:\/\/www.youtube.com\/user\/bilbokoelizbarrutia"],"description":"Iglesia local de Bilbao perteneciente a la Iglesia Cat\u00f3lica"}]}},"jetpack_sharing_enabled":true,"_links":{"self":[{"href":"https:\/\/bizkeliza.org\/eu\/wp-json\/wp\/v2\/pages\/12850","targetHints":{"allow":["GET"]}}],"collection":[{"href":"https:\/\/bizkeliza.org\/eu\/wp-json\/wp\/v2\/pages"}],"about":[{"href":"https:\/\/bizkeliza.org\/eu\/wp-json\/wp\/v2\/types\/page"}],"author":[{"embeddable":true,"href":"https:\/\/bizkeliza.org\/eu\/wp-json\/wp\/v2\/users\/2"}],"replies":[{"embeddable":true,"href":"https:\/\/bizkeliza.org\/eu\/wp-json\/wp\/v2\/comments?post=12850"}],"version-history":[{"count":0,"href":"https:\/\/bizkeliza.org\/eu\/wp-json\/wp\/v2\/pages\/12850\/revisions"}],"up":[{"embeddable":true,"href":"https:\/\/bizkeliza.org\/eu\/wp-json\/wp\/v2\/pages\/12847"}],"wp:attachment":[{"href":"https:\/\/bizkeliza.org\/eu\/wp-json\/wp\/v2\/media?parent=12850"}],"curies":[{"name":"wp","href":"https:\/\/api.w.org\/{rel}","templated":true}]}}