{"id":13102,"date":"2021-11-18T16:44:49","date_gmt":"2021-11-18T15:44:49","guid":{"rendered":"https:\/\/boring-dhawan.137-117-168-183.plesk.page\/ebanjelizazinoa\/karidade-eta-zuzentasuna\/pastoral-arloak\/langile-pastoraltza\/numeros-anteriores\/"},"modified":"2021-11-18T16:44:51","modified_gmt":"2021-11-18T15:44:51","slug":"numeros-anteriores","status":"publish","type":"page","link":"https:\/\/bizkeliza.org\/eu\/ebanjelizazinoa\/karidade-eta-zuzentasuna\/pastoral-arloak\/langile-pastoraltza\/numeros-anteriores\/","title":{"rendered":"N\u00fameros Anteriores"},"content":{"rendered":"<p>[et_pb_section fb_built=&#8221;1&#8243; _builder_version=&#8221;4.6.1&#8243; _module_preset=&#8221;default&#8221; custom_padding=&#8221;||40px||false|false&#8221;][et_pb_row column_structure=&#8221;1_3,2_3&#8243; use_custom_gutter=&#8221;on&#8221; gutter_width=&#8221;2&#8243; _builder_version=&#8221;4.6.1&#8243; _module_preset=&#8221;default&#8221; max_width=&#8221;1290px&#8221;][et_pb_column type=&#8221;1_3&#8243; _builder_version=&#8221;4.6.1&#8243; _module_preset=&#8221;default&#8221;][et_pb_text admin_label=&#8221;Text&#8221; _builder_version=&#8221;4.6.1&#8243; _module_preset=&#8221;default&#8221; header_font_size=&#8221;44px&#8221; header_line_height=&#8221;1.2em&#8221; header_4_font=&#8221;|700|||||||&#8221; custom_margin=&#8221;||||false|false&#8221; custom_padding=&#8221;||||false|false&#8221; hover_enabled=&#8221;0&#8243; header_font_size_tablet=&#8221;&#8221; header_font_size_phone=&#8221;34px&#8221; header_font_size_last_edited=&#8221;on|phone&#8221; header_3_font_size_tablet=&#8221;&#8221; header_3_font_size_phone=&#8221;22px&#8221; header_3_font_size_last_edited=&#8221;on|phone&#8221; header_4_font_size_tablet=&#8221;&#8221; header_4_font_size_phone=&#8221;18px&#8221; header_4_font_size_last_edited=&#8221;on|desktop&#8221; sticky_enabled=&#8221;0&#8243;]<\/p>\n<h1><big><big>Colecci\u00f3n YUNQUE &#8211; Otros t\u00edtulos de la colecci\u00f3n<\/big><\/big><\/p>\n<\/h1>\n<p>[\/et_pb_text][\/et_pb_column][et_pb_column type=&#8221;2_3&#8243; _builder_version=&#8221;4.6.1&#8243; _module_preset=&#8221;default&#8221;][et_pb_text _builder_version=&#8221;4.6.1&#8243; _module_preset=&#8221;default&#8221; custom_padding_tablet=&#8221;&#8221; custom_padding_phone=&#8221;||||false|false&#8221; custom_padding_last_edited=&#8221;on|desktop&#8221; hover_enabled=&#8221;0&#8243; sticky_enabled=&#8221;0&#8243;]<\/p>\n<style> tr:nth-child(even) {background-color: #f5f7fa;}\n<\/style>\n<table style=\"width: 100%;\">\n<tbody>\n<tr>\n<td style=\"width: 9.6603%;\"><span style=\"color: #000000;\"><strong>N\u00ba<\/strong><\/span><\/td>\n<td style=\"width: 88.6412%;\"><span style=\"color: #000000;\"><strong>TITULO &#8211; AUTOR- FECHA PUBLICACION<\/strong><\/span><\/td>\n<\/tr>\n<tr>\n<td style=\"width: 9.6603%;\"><strong>49.-<\/strong><\/td>\n<td style=\"width: 88.6412%;\">&#8220;Con la mirada en los retos que el mundo del trabajo vive hoy.<br \/> XX a\u00f1os del Secretariado Diocesano de Pastoral Obrera&#8221;<\/td>\n<\/tr>\n<tr>\n<td style=\"width: 9.6603%;\"><strong>48.-<\/strong><\/td>\n<td style=\"width: 88.6412%;\"><span>?Privatizar beneficios y socializar costes? La crisis, an\u00e1lisis \u00e9tico y aportaci\u00f3n de &#8220;C\u00e1ritas in VEritate&#8221;<\/span><br \/> De Ildefonso Camacho<\/td>\n<\/tr>\n<tr>\n<td style=\"width: 9.6603%;\"><strong>47.-<\/strong><\/td>\n<td style=\"width: 88.6412%;\">?24 preguntas ante la Crisis Econ\u00f3mica&#8221;<br \/> <span>Joaqu\u00edn Arriola<\/span><\/td>\n<\/tr>\n<tr>\n<td style=\"width: 9.6603%;\"><strong>46.-<\/strong><\/td>\n<td style=\"width: 88.6412%;\"><span>&#8220;Evangelizaci\u00f3n, Espiritualidad y Militancia en el Mundo Obrero&#8221;<\/span><\/td>\n<\/tr>\n<tr>\n<td style=\"width: 9.6603%;\"><strong>45.-<\/strong><\/td>\n<td style=\"width: 88.6412%;\"><strong><span>?Formaci\u00f3n para la promoci\u00f3n de la Justicia?<br \/> Pedro Arrupe, S.J.\u00a0(marzo 2008)<\/span><\/strong><\/td>\n<\/tr>\n<tr>\n<td rowspan=\"1\" style=\"width: 9.6603%;\"><strong>44.-<\/strong><\/td>\n<td rowspan=\"1\" style=\"width: 88.6412%;\">\n<p><strong><span>?Miradas de los hombres y mujeres del mundo?<\/span><\/strong><\/p>\n<p><strong><span><\/span><\/strong><\/p>\n<\/td>\n<\/tr>\n<tr>\n<td rowspan=\"1\" style=\"width: 9.6603%;\"><strong>43.-<\/strong><\/td>\n<td rowspan=\"1\" style=\"width: 88.6412%;\">\n<p><strong><span>?Desaf\u00edos de la Pastoral Obrera del siglo XXI. La promoci\u00f3n del mundo obrero?<\/span><\/strong><\/p>\n<p>Pablo Porcar\u00a0 (2005)<\/p>\n<\/td>\n<\/tr>\n<tr>\n<td rowspan=\"1\" style=\"width: 9.6603%;\"><strong>42.-<\/strong><\/td>\n<td rowspan=\"1\" style=\"width: 88.6412%;\">\n<p><strong><span>?Pol\u00edtica social.La Crisis del Estado de Bienestar entre nosotros?<\/span><\/strong><\/p>\n<p>Andr\u00e9s Aganzo\u00a0 (2004)<\/p>\n<\/td>\n<\/tr>\n<tr>\n<td rowspan=\"1\" style=\"width: 9.6603%;\"><strong>41.-<\/strong><\/td>\n<td rowspan=\"1\" style=\"width: 88.6412%;\">\n<p><strong><span>?Brechas del mundo obrero fragmentado y dividido?<\/span><\/strong><\/p>\n<p>Francisco J. P\u00e9rez (marzo 2004)<\/p>\n<\/td>\n<\/tr>\n<tr>\n<td rowspan=\"1\" style=\"width: 9.6603%;\"><strong>40.-<\/strong><\/td>\n<td rowspan=\"1\" style=\"width: 88.6412%;\">\n<p><strong><span>?Afganist\u00e1n: la frontera del fundamentalismo?<\/span><\/strong><\/p>\n<p>Jos\u00e9 Luis Villacorta (junio de 2002)<\/p>\n<\/td>\n<\/tr>\n<tr>\n<td rowspan=\"1\" style=\"width: 9.6603%;\"><strong>38.-<\/strong><\/td>\n<td rowspan=\"1\" style=\"width: 88.6412%;\">\n<p><strong><span>?Globalizar la Solidaridad?<\/span><\/strong><\/p>\n<p>Sebasti\u00e1n Garc\u00eda Trujillo (febrero 2002)<\/p>\n<\/td>\n<\/tr>\n<tr>\n<td rowspan=\"1\" style=\"width: 9.6603%;\"><strong>37.-<\/strong><\/td>\n<td rowspan=\"1\" style=\"width: 88.6412%;\">\n<p><strong><span>?Nuevas Reformas Laborales?<\/span><\/strong><\/p>\n<p>Eduardo Rojo Torrecilla (enero 2002)<\/p>\n<\/td>\n<\/tr>\n<tr>\n<td rowspan=\"1\" style=\"width: 9.6603%;\"><strong>34.-<\/strong><\/td>\n<td rowspan=\"1\" style=\"width: 88.6412%;\">\n<p><strong><span>?La exclusi\u00f3n en Euskadi?<\/span><\/strong><\/p>\n<p>Jos\u00e9 Manuel Vali\u00f1o (enero 2001)<\/p>\n<\/td>\n<\/tr>\n<tr>\n<td rowspan=\"1\" style=\"width: 9.6603%;\"><strong>33.-<\/strong><\/td>\n<td rowspan=\"1\" style=\"width: 88.6412%;\">\n<p><strong><span>?La caridad pol\u00edtica: motor del compromiso social?<\/span><\/strong><\/p>\n<p>Arturo Garc\u00eda Lucio (septiembre 2000)<\/p>\n<\/td>\n<\/tr>\n<tr>\n<td rowspan=\"1\" style=\"width: 9.6603%;\"><strong>32.-<\/strong><\/td>\n<td rowspan=\"1\" style=\"width: 88.6412%;\">\n<p><strong><span>?El discernimiento en las Mediaciones Pol\u00edticas?<\/span><\/strong><\/p>\n<p>Rom\u00e1n Bilbao (junio de 2000)<\/p>\n<\/td>\n<\/tr>\n<tr>\n<td rowspan=\"1\" style=\"width: 9.6603%;\"><strong>31.<em>&#8211;<\/em><\/strong><\/td>\n<td rowspan=\"1\" style=\"width: 88.6412%;\">\n<p>?<strong><span>Cardijn. Cura en la clase obrera?<\/span><\/strong><\/p>\n<p>Silvio Caretto (abril 2000)<\/p>\n<\/td>\n<\/tr>\n<tr>\n<td rowspan=\"1\" style=\"width: 9.6603%;\"><strong>30.-<\/strong><\/td>\n<td rowspan=\"1\" style=\"width: 88.6412%;\">\n<p><strong><span>\u00bfQu\u00e9 quieren los vascos? Razones de los nacionalistas?<\/span><\/strong><\/p>\n<p>Ignacio Villota En euskera y castellano (enero 2000)<\/p>\n<\/td>\n<\/tr>\n<tr>\n<td rowspan=\"1\" style=\"width: 9.6603%;\"><strong>27.-<\/strong><\/td>\n<td rowspan=\"1\" style=\"width: 88.6412%;\">\n<p><strong><span>?Derechos sociales y democracia participativa?<\/span><\/strong><\/p>\n<p>J. R. Casta\u00f1os (abril 1999)<\/p>\n<\/td>\n<\/tr>\n<tr>\n<td rowspan=\"1\" style=\"width: 9.6603%;\"><strong>24.-<\/strong><\/td>\n<td rowspan=\"1\" style=\"width: 88.6412%;\">\n<p><strong><span>?Reflexiones sobre la reforma laboral?<\/span><\/strong><\/p>\n<p>D. Pastoral Obrera. CEAS (enero 1998)<\/p>\n<\/td>\n<\/tr>\n<tr>\n<td rowspan=\"1\" style=\"width: 9.6603%;\"><strong>22.-<\/strong><\/td>\n<td rowspan=\"1\" style=\"width: 88.6412%;\">\n<p><strong><span>?Motivos para la misi\u00f3n en el mundo obrero?<\/span><\/strong><\/p>\n<p>Julio Ciges Mar\u00edn (abril 1997)<\/p>\n<\/td>\n<\/tr>\n<tr>\n<td rowspan=\"1\" style=\"width: 9.6603%;\"><strong>21.-<\/strong><\/td>\n<td rowspan=\"1\" style=\"width: 88.6412%;\">\n<p><strong><span>?50 aniversario de la HOAC. Aportaciones de la HOAC al Mundo Obrero y a la Iglesia?<\/span><\/strong>.<\/p>\n<p>Paco Blanco, Joseba Segura (marzo 1997)<\/p>\n<\/td>\n<\/tr>\n<tr>\n<td rowspan=\"1\" style=\"width: 9.6603%;\"><strong>19.-<\/strong><\/td>\n<td rowspan=\"1\" style=\"width: 88.6412%;\">\n<p><strong><span>?Reflexiones sobre el futuro del Sindicalismo?<\/span><\/strong><\/p>\n<p>Eduardo Rojo Torrecilla (septiembre 1996)<\/p>\n<\/td>\n<\/tr>\n<tr>\n<td rowspan=\"1\" style=\"width: 9.6603%;\"><strong>18.-<\/strong><\/td>\n<td rowspan=\"1\" style=\"width: 88.6412%;\">\n<p><strong><span>?HOAC- Bizkaia. 10 a\u00f1os al servicio de la evangelizaci\u00f3n del Mundo Obrero?<\/span><\/strong><\/p>\n<p>Rom\u00e1n Bilbao (mayo 1996)<\/p>\n<\/td>\n<\/tr>\n<tr>\n<td style=\"width: 9.6603%;\"><strong>17.-<\/strong><\/td>\n<td style=\"width: 88.6412%;\">\n<p><span>\u00a0<\/span><strong><span>?La actividad y los sistemas econ\u00f3micos ?<\/span><\/strong><\/p>\n<p>Luis Gonz\u00e1lez Carvajal (mayo 1996)<\/p>\n<\/td>\n<\/tr>\n<\/tbody>\n<\/table>\n<p>[\/et_pb_text][\/et_pb_column][\/et_pb_row][\/et_pb_section]<\/p>\n","protected":false},"excerpt":{"rendered":"<p>Colecci\u00f3n YUNQUE &#8211; Otros t\u00edtulos de la colecci\u00f3n N\u00ba TITULO &#8211; AUTOR- FECHA PUBLICACION 49.- &#8220;Con la mirada en los retos que el mundo del trabajo vive hoy. XX a\u00f1os del Secretariado Diocesano de Pastoral Obrera&#8221; 48.- ?Privatizar beneficios y socializar costes? La crisis, an\u00e1lisis \u00e9tico y aportaci\u00f3n de &#8220;C\u00e1ritas in VEritate&#8221; De Ildefonso Camacho [&hellip;]<\/p>\n","protected":false},"author":2,"featured_media":0,"parent":12874,"menu_order":0,"comment_status":"closed","ping_status":"closed","template":"","meta":{"_acf_changed":false,"_et_pb_use_builder":"on","_et_pb_old_content":"","_et_gb_content_width":"","footnotes":""},"class_list":["post-13102","page","type-page","status-publish","hentry"],"acf":[],"yoast_head":"<!-- This site is optimized with the Yoast SEO Premium plugin v27.5 (Yoast SEO v27.5) - https:\/\/yoast.com\/product\/yoast-seo-premium-wordpress\/ -->\n<title>N\u00fameros Anteriores - Bilboko Elizbarrutia - Di\u00f3cesis de Bilbao<\/title>\n<meta name=\"robots\" content=\"index, follow, max-snippet:-1, max-image-preview:large, max-video-preview:-1\" \/>\n<link rel=\"canonical\" href=\"https:\/\/bizkeliza.org\/eu\/ebanjelizazinoa\/karidade-eta-zuzentasuna\/pastoral-arloak\/langile-pastoraltza\/numeros-anteriores\/\" \/>\n<meta property=\"og:locale\" content=\"eu_ES\" \/>\n<meta property=\"og:type\" content=\"article\" \/>\n<meta property=\"og:title\" content=\"N\u00fameros Anteriores\" \/>\n<meta property=\"og:description\" content=\"Colecci\u00f3n YUNQUE - Otros t\u00edtulos de la colecci\u00f3n N\u00ba TITULO - AUTOR- FECHA PUBLICACION 49.- &quot;Con la mirada en los retos que el mundo del trabajo vive hoy. XX a\u00f1os del Secretariado Diocesano de Pastoral Obrera&quot; 48.- ?Privatizar beneficios y socializar costes? La crisis, an\u00e1lisis \u00e9tico y aportaci\u00f3n de &quot;C\u00e1ritas in VEritate&quot; De Ildefonso Camacho [&hellip;]\" \/>\n<meta property=\"og:url\" content=\"https:\/\/bizkeliza.org\/eu\/ebanjelizazinoa\/karidade-eta-zuzentasuna\/pastoral-arloak\/langile-pastoraltza\/numeros-anteriores\/\" \/>\n<meta property=\"og:site_name\" content=\"Bilboko Elizbarrutia - Di\u00f3cesis de Bilbao\" \/>\n<meta property=\"article:publisher\" content=\"https:\/\/www.facebook.com\/DiocesisBilbao\/\" \/>\n<meta property=\"article:modified_time\" content=\"2021-11-18T15:44:51+00:00\" \/>\n<meta property=\"og:image\" content=\"https:\/\/bizkeliza.org\/wp-content\/uploads\/2024\/01\/logoobispado2025.jpg\" \/>\n\t<meta property=\"og:image:width\" content=\"1399\" \/>\n\t<meta property=\"og:image:height\" content=\"495\" \/>\n\t<meta property=\"og:image:type\" content=\"image\/jpeg\" \/>\n<meta name=\"twitter:card\" content=\"summary_large_image\" \/>\n<meta name=\"twitter:site\" content=\"@DiocesisBilbao\" \/>\n<script type=\"application\/ld+json\" class=\"yoast-schema-graph\">{\"@context\":\"https:\\\/\\\/schema.org\",\"@graph\":[{\"@type\":\"WebPage\",\"@id\":\"https:\\\/\\\/bizkeliza.org\\\/eu\\\/ebanjelizazinoa\\\/karidade-eta-zuzentasuna\\\/pastoral-arloak\\\/langile-pastoraltza\\\/numeros-anteriores\\\/\",\"url\":\"https:\\\/\\\/bizkeliza.org\\\/eu\\\/ebanjelizazinoa\\\/karidade-eta-zuzentasuna\\\/pastoral-arloak\\\/langile-pastoraltza\\\/numeros-anteriores\\\/\",\"name\":\"N\u00fameros Anteriores - Bilboko Elizbarrutia - Di\u00f3cesis de Bilbao\",\"isPartOf\":{\"@id\":\"https:\\\/\\\/bizkeliza.org\\\/eu\\\/#website\"},\"datePublished\":\"2021-11-18T15:44:49+00:00\",\"dateModified\":\"2021-11-18T15:44:51+00:00\",\"breadcrumb\":{\"@id\":\"https:\\\/\\\/bizkeliza.org\\\/eu\\\/ebanjelizazinoa\\\/karidade-eta-zuzentasuna\\\/pastoral-arloak\\\/langile-pastoraltza\\\/numeros-anteriores\\\/#breadcrumb\"},\"inLanguage\":\"eu-ES\",\"potentialAction\":[{\"@type\":\"ReadAction\",\"target\":[\"https:\\\/\\\/bizkeliza.org\\\/eu\\\/ebanjelizazinoa\\\/karidade-eta-zuzentasuna\\\/pastoral-arloak\\\/langile-pastoraltza\\\/numeros-anteriores\\\/\"]}]},{\"@type\":\"BreadcrumbList\",\"@id\":\"https:\\\/\\\/bizkeliza.org\\\/eu\\\/ebanjelizazinoa\\\/karidade-eta-zuzentasuna\\\/pastoral-arloak\\\/langile-pastoraltza\\\/numeros-anteriores\\\/#breadcrumb\",\"itemListElement\":[{\"@type\":\"ListItem\",\"position\":1,\"name\":\"Portada\",\"item\":\"https:\\\/\\\/bizkeliza.org\\\/eu\\\/\"},{\"@type\":\"ListItem\",\"position\":2,\"name\":\"Ebanjelizazinoa\",\"item\":\"https:\\\/\\\/bizkeliza.org\\\/eu\\\/evangelizacion\\\/\"},{\"@type\":\"ListItem\",\"position\":3,\"name\":\"Karidade eta Zuzentasuna\",\"item\":\"https:\\\/\\\/bizkeliza.org\\\/eu\\\/evangelizacion\\\/caridad-y-justicia\\\/\"},{\"@type\":\"ListItem\",\"position\":4,\"name\":\"Pastoral Arloak\",\"item\":\"https:\\\/\\\/bizkeliza.org\\\/eu\\\/evangelizacion\\\/caridad-y-justicia\\\/areas-pastorales\\\/\"},{\"@type\":\"ListItem\",\"position\":5,\"name\":\"Langile Pastoraltza\",\"item\":\"https:\\\/\\\/bizkeliza.org\\\/eu\\\/evangelizacion\\\/caridad-y-justicia\\\/areas-pastorales\\\/pastoral-obrera\\\/\"},{\"@type\":\"ListItem\",\"position\":6,\"name\":\"N\u00fameros Anteriores\"}]},{\"@type\":\"WebSite\",\"@id\":\"https:\\\/\\\/bizkeliza.org\\\/eu\\\/#website\",\"url\":\"https:\\\/\\\/bizkeliza.org\\\/eu\\\/\",\"name\":\"Bilboko Elizbarrutia - Di\u00f3cesis de Bilbao\",\"description\":\"Di\u00f3cesis de Bilbao\",\"publisher\":{\"@id\":\"https:\\\/\\\/bizkeliza.org\\\/eu\\\/#organization\"},\"alternateName\":\"Di\u00f3cesis de Bilbao\",\"potentialAction\":[{\"@type\":\"SearchAction\",\"target\":{\"@type\":\"EntryPoint\",\"urlTemplate\":\"https:\\\/\\\/bizkeliza.org\\\/eu\\\/?s={search_term_string}\"},\"query-input\":{\"@type\":\"PropertyValueSpecification\",\"valueRequired\":true,\"valueName\":\"search_term_string\"}}],\"inLanguage\":\"eu-ES\"},{\"@type\":\"Organization\",\"@id\":\"https:\\\/\\\/bizkeliza.org\\\/eu\\\/#organization\",\"name\":\"Di\u00f3cesis de Bilbao\",\"alternateName\":\"Di\u00f3cesis de Bilbao\",\"url\":\"https:\\\/\\\/bizkeliza.org\\\/eu\\\/\",\"logo\":{\"@type\":\"ImageObject\",\"inLanguage\":\"eu-ES\",\"@id\":\"https:\\\/\\\/bizkeliza.org\\\/eu\\\/#\\\/schema\\\/logo\\\/image\\\/\",\"url\":\"https:\\\/\\\/bizkeliza.org\\\/wp-content\\\/uploads\\\/2022\\\/06\\\/Logo-nuevo_2024-1-scaled.jpg\",\"contentUrl\":\"https:\\\/\\\/bizkeliza.org\\\/wp-content\\\/uploads\\\/2022\\\/06\\\/Logo-nuevo_2024-1-scaled.jpg\",\"width\":2560,\"height\":1024,\"caption\":\"Di\u00f3cesis de Bilbao\"},\"image\":{\"@id\":\"https:\\\/\\\/bizkeliza.org\\\/eu\\\/#\\\/schema\\\/logo\\\/image\\\/\"},\"sameAs\":[\"https:\\\/\\\/www.facebook.com\\\/DiocesisBilbao\\\/\",\"https:\\\/\\\/x.com\\\/DiocesisBilbao\",\"https:\\\/\\\/www.instagram.com\\\/obispadobilbao\\\/\",\"https:\\\/\\\/www.youtube.com\\\/user\\\/bilbokoelizbarrutia\"],\"description\":\"Iglesia local de Bilbao perteneciente a la Iglesia Cat\u00f3lica\"}]}<\/script>\n<!-- \/ Yoast SEO Premium plugin. -->","yoast_head_json":{"title":"N\u00fameros Anteriores - Bilboko Elizbarrutia - Di\u00f3cesis de Bilbao","robots":{"index":"index","follow":"follow","max-snippet":"max-snippet:-1","max-image-preview":"max-image-preview:large","max-video-preview":"max-video-preview:-1"},"canonical":"https:\/\/bizkeliza.org\/eu\/ebanjelizazinoa\/karidade-eta-zuzentasuna\/pastoral-arloak\/langile-pastoraltza\/numeros-anteriores\/","og_locale":"eu_ES","og_type":"article","og_title":"N\u00fameros Anteriores","og_description":"Colecci\u00f3n YUNQUE - Otros t\u00edtulos de la colecci\u00f3n N\u00ba TITULO - AUTOR- FECHA PUBLICACION 49.- \"Con la mirada en los retos que el mundo del trabajo vive hoy. XX a\u00f1os del Secretariado Diocesano de Pastoral Obrera\" 48.- ?Privatizar beneficios y socializar costes? La crisis, an\u00e1lisis \u00e9tico y aportaci\u00f3n de \"C\u00e1ritas in VEritate\" De Ildefonso Camacho [&hellip;]","og_url":"https:\/\/bizkeliza.org\/eu\/ebanjelizazinoa\/karidade-eta-zuzentasuna\/pastoral-arloak\/langile-pastoraltza\/numeros-anteriores\/","og_site_name":"Bilboko Elizbarrutia - Di\u00f3cesis de Bilbao","article_publisher":"https:\/\/www.facebook.com\/DiocesisBilbao\/","article_modified_time":"2021-11-18T15:44:51+00:00","og_image":[{"width":1399,"height":495,"url":"https:\/\/bizkeliza.org\/wp-content\/uploads\/2024\/01\/logoobispado2025.jpg","type":"image\/jpeg"}],"twitter_card":"summary_large_image","twitter_site":"@DiocesisBilbao","schema":{"@context":"https:\/\/schema.org","@graph":[{"@type":"WebPage","@id":"https:\/\/bizkeliza.org\/eu\/ebanjelizazinoa\/karidade-eta-zuzentasuna\/pastoral-arloak\/langile-pastoraltza\/numeros-anteriores\/","url":"https:\/\/bizkeliza.org\/eu\/ebanjelizazinoa\/karidade-eta-zuzentasuna\/pastoral-arloak\/langile-pastoraltza\/numeros-anteriores\/","name":"N\u00fameros Anteriores - Bilboko Elizbarrutia - Di\u00f3cesis de Bilbao","isPartOf":{"@id":"https:\/\/bizkeliza.org\/eu\/#website"},"datePublished":"2021-11-18T15:44:49+00:00","dateModified":"2021-11-18T15:44:51+00:00","breadcrumb":{"@id":"https:\/\/bizkeliza.org\/eu\/ebanjelizazinoa\/karidade-eta-zuzentasuna\/pastoral-arloak\/langile-pastoraltza\/numeros-anteriores\/#breadcrumb"},"inLanguage":"eu-ES","potentialAction":[{"@type":"ReadAction","target":["https:\/\/bizkeliza.org\/eu\/ebanjelizazinoa\/karidade-eta-zuzentasuna\/pastoral-arloak\/langile-pastoraltza\/numeros-anteriores\/"]}]},{"@type":"BreadcrumbList","@id":"https:\/\/bizkeliza.org\/eu\/ebanjelizazinoa\/karidade-eta-zuzentasuna\/pastoral-arloak\/langile-pastoraltza\/numeros-anteriores\/#breadcrumb","itemListElement":[{"@type":"ListItem","position":1,"name":"Portada","item":"https:\/\/bizkeliza.org\/eu\/"},{"@type":"ListItem","position":2,"name":"Ebanjelizazinoa","item":"https:\/\/bizkeliza.org\/eu\/evangelizacion\/"},{"@type":"ListItem","position":3,"name":"Karidade eta Zuzentasuna","item":"https:\/\/bizkeliza.org\/eu\/evangelizacion\/caridad-y-justicia\/"},{"@type":"ListItem","position":4,"name":"Pastoral Arloak","item":"https:\/\/bizkeliza.org\/eu\/evangelizacion\/caridad-y-justicia\/areas-pastorales\/"},{"@type":"ListItem","position":5,"name":"Langile Pastoraltza","item":"https:\/\/bizkeliza.org\/eu\/evangelizacion\/caridad-y-justicia\/areas-pastorales\/pastoral-obrera\/"},{"@type":"ListItem","position":6,"name":"N\u00fameros Anteriores"}]},{"@type":"WebSite","@id":"https:\/\/bizkeliza.org\/eu\/#website","url":"https:\/\/bizkeliza.org\/eu\/","name":"Bilboko Elizbarrutia - Di\u00f3cesis de Bilbao","description":"Di\u00f3cesis de Bilbao","publisher":{"@id":"https:\/\/bizkeliza.org\/eu\/#organization"},"alternateName":"Di\u00f3cesis de Bilbao","potentialAction":[{"@type":"SearchAction","target":{"@type":"EntryPoint","urlTemplate":"https:\/\/bizkeliza.org\/eu\/?s={search_term_string}"},"query-input":{"@type":"PropertyValueSpecification","valueRequired":true,"valueName":"search_term_string"}}],"inLanguage":"eu-ES"},{"@type":"Organization","@id":"https:\/\/bizkeliza.org\/eu\/#organization","name":"Di\u00f3cesis de Bilbao","alternateName":"Di\u00f3cesis de Bilbao","url":"https:\/\/bizkeliza.org\/eu\/","logo":{"@type":"ImageObject","inLanguage":"eu-ES","@id":"https:\/\/bizkeliza.org\/eu\/#\/schema\/logo\/image\/","url":"https:\/\/bizkeliza.org\/wp-content\/uploads\/2022\/06\/Logo-nuevo_2024-1-scaled.jpg","contentUrl":"https:\/\/bizkeliza.org\/wp-content\/uploads\/2022\/06\/Logo-nuevo_2024-1-scaled.jpg","width":2560,"height":1024,"caption":"Di\u00f3cesis de Bilbao"},"image":{"@id":"https:\/\/bizkeliza.org\/eu\/#\/schema\/logo\/image\/"},"sameAs":["https:\/\/www.facebook.com\/DiocesisBilbao\/","https:\/\/x.com\/DiocesisBilbao","https:\/\/www.instagram.com\/obispadobilbao\/","https:\/\/www.youtube.com\/user\/bilbokoelizbarrutia"],"description":"Iglesia local de Bilbao perteneciente a la Iglesia Cat\u00f3lica"}]}},"_links":{"self":[{"href":"https:\/\/bizkeliza.org\/eu\/wp-json\/wp\/v2\/pages\/13102","targetHints":{"allow":["GET"]}}],"collection":[{"href":"https:\/\/bizkeliza.org\/eu\/wp-json\/wp\/v2\/pages"}],"about":[{"href":"https:\/\/bizkeliza.org\/eu\/wp-json\/wp\/v2\/types\/page"}],"author":[{"embeddable":true,"href":"https:\/\/bizkeliza.org\/eu\/wp-json\/wp\/v2\/users\/2"}],"replies":[{"embeddable":true,"href":"https:\/\/bizkeliza.org\/eu\/wp-json\/wp\/v2\/comments?post=13102"}],"version-history":[{"count":0,"href":"https:\/\/bizkeliza.org\/eu\/wp-json\/wp\/v2\/pages\/13102\/revisions"}],"up":[{"embeddable":true,"href":"https:\/\/bizkeliza.org\/eu\/wp-json\/wp\/v2\/pages\/12874"}],"wp:attachment":[{"href":"https:\/\/bizkeliza.org\/eu\/wp-json\/wp\/v2\/media?parent=13102"}],"curies":[{"name":"wp","href":"https:\/\/api.w.org\/{rel}","templated":true}]}}