{"id":13106,"date":"2021-11-18T16:51:51","date_gmt":"2021-11-18T15:51:51","guid":{"rendered":"https:\/\/boring-dhawan.137-117-168-183.plesk.page\/ebanjelizazinoa\/karidade-eta-zuzentasuna\/pastoral-arloak\/langile-pastoraltza\/numeros-anteriores-2\/"},"modified":"2021-11-18T16:51:52","modified_gmt":"2021-11-18T15:51:52","slug":"numeros-anteriores-2","status":"publish","type":"page","link":"https:\/\/bizkeliza.org\/eu\/ebanjelizazinoa\/karidade-eta-zuzentasuna\/pastoral-arloak\/langile-pastoraltza\/numeros-anteriores-2\/","title":{"rendered":"N\u00fameros anteriores"},"content":{"rendered":"<p>[et_pb_section fb_built=&#8221;1&#8243; _builder_version=&#8221;4.6.1&#8243; _module_preset=&#8221;default&#8221; background_color=&#8221;#f5f7fa&#8221; custom_padding=&#8221;||40px||false|false&#8221;][et_pb_row column_structure=&#8221;1_3,2_3&#8243; use_custom_gutter=&#8221;on&#8221; gutter_width=&#8221;2&#8243; _builder_version=&#8221;4.6.1&#8243; _module_preset=&#8221;default&#8221; max_width=&#8221;1290px&#8221;][et_pb_column type=&#8221;1_3&#8243; _builder_version=&#8221;4.6.1&#8243; _module_preset=&#8221;default&#8221;][et_pb_text admin_label=&#8221;Text&#8221; _builder_version=&#8221;4.6.1&#8243; _module_preset=&#8221;default&#8221; header_font_size=&#8221;44px&#8221; header_line_height=&#8221;1.2em&#8221; header_4_font=&#8221;|700|||||||&#8221; custom_margin=&#8221;||||false|false&#8221; custom_padding=&#8221;||||false|false&#8221; header_font_size_tablet=&#8221;&#8221; header_font_size_phone=&#8221;34px&#8221; header_font_size_last_edited=&#8221;on|phone&#8221; header_3_font_size_tablet=&#8221;&#8221; header_3_font_size_phone=&#8221;22px&#8221; header_3_font_size_last_edited=&#8221;on|phone&#8221; header_4_font_size_tablet=&#8221;&#8221; header_4_font_size_phone=&#8221;18px&#8221; header_4_font_size_last_edited=&#8221;on|desktop&#8221;]<\/p>\n<h1>Colecci\u00f3n YUNQUE<\/h1>\n<h2>Otros t\u00edtulos de la colecci\u00f3n<\/h2>\n<p>[\/et_pb_text][\/et_pb_column][et_pb_column type=&#8221;2_3&#8243; _builder_version=&#8221;4.6.1&#8243; _module_preset=&#8221;default&#8221;][et_pb_code _builder_version=&#8221;4.6.1&#8243; _module_preset=&#8221;default&#8221;]\n<table id=\"tablepress-4\" class=\"tablepress tablepress-id-4 yunque\">\n<thead>\n<tr class=\"row-1\">\n\t<th class=\"column-1\" style=\"width:10%;\">N\u00ba<\/th><th class=\"column-2\" style=\"width:90%;\">TITULO - AUTOR- FECHA PUBLICACI\u00d3N<\/th>\n<\/tr>\n<\/thead>\n<tbody class=\"row-striping row-hover\">\n<tr class=\"row-2\">\n\t<td class=\"column-1\">49.<\/td><td class=\"column-2\"><strong>\"Con la mirada en los retos que el mundo del trabajo vive hoy. XX a\u0096os del Secretariado Diocesano de Pastoral Obrera\"<\/strong><\/td>\n<\/tr>\n<tr class=\"row-3\">\n\t<td class=\"column-1\">48.<\/td><td class=\"column-2\"><strong>\u00bfPrivatizar beneficios y socializar costes? La crisis, an\u00e1lisis \u00e9tico y aportaci\u00f3n de \"C\u00e1ritas in VEritate\"<\/strong><br \/>\nDe Ildefonso Camacho<\/td>\n<\/tr>\n<tr class=\"row-4\">\n\t<td class=\"column-1\">47.<\/td><td class=\"column-2\"><strong>\"24 preguntas ante la Crisis Econ\u00f3mica\"<\/strong><br \/>\nJoaqu\u00edn Arriola<\/td>\n<\/tr>\n<tr class=\"row-5\">\n\t<td class=\"column-1\">46.<\/td><td class=\"column-2\"><strong>\"Evangelizaci\u00f3n, Espiritualidad y Militancia en el Mundo Obrero\"<\/strong><\/td>\n<\/tr>\n<tr class=\"row-6\">\n\t<td class=\"column-1\">45.<\/td><td class=\"column-2\"><strong>\u00bfFormaci\u00f3n para la promoci\u00f3n de la Justicia?<\/strong><br \/>\nPedro Arrupe, S.J.\u00a0(marzo 2008)<\/td>\n<\/tr>\n<tr class=\"row-7\">\n\t<td class=\"column-1\">44.<\/td><td class=\"column-2\"><strong>\u00bfMiradas de los hombres y mujeres del mundo?<\/strong><\/td>\n<\/tr>\n<tr class=\"row-8\">\n\t<td class=\"column-1\">43.<\/td><td class=\"column-2\"><strong>\u00bfDesaf\u00edos de la Pastoral Obrera del siglo XXI. La promoci\u00f3n del mundo obrero? <\/strong><br \/>\nPablo Porcar (2005)<\/td>\n<\/tr>\n<tr class=\"row-9\">\n\t<td class=\"column-1\">42.<\/td><td class=\"column-2\"><strong>\u00bfPol\u00edtica social. La Crisis del Estado de Bienestar entre nosotros? <\/strong><br \/>\nAndr\u00e9s Aganzo (2004)<\/td>\n<\/tr>\n<tr class=\"row-10\">\n\t<td class=\"column-1\">41.<\/td><td class=\"column-2\"><strong>\u00bfBrechas del mundo obrero fragmentado y dividido? <\/strong><br \/>\nFrancisco J. P\u00e9rez (marzo 2004)<\/td>\n<\/tr>\n<tr class=\"row-11\">\n\t<td class=\"column-1\">40.<\/td><td class=\"column-2\"><strong>\u00bfAfganist\u00e1n: la frontera del fundamentalismo? <\/strong><br \/>\nJos\u00e9 Luis Villacorta (junio de 2002)<\/td>\n<\/tr>\n<tr class=\"row-12\">\n\t<td class=\"column-1\">38.<\/td><td class=\"column-2\"><strong>\u00bfGlobalizar la Solidaridad? <\/strong><br \/>\nSebasti\u00e1n Garc\u00eda Trujillo (febrero 2002)<\/td>\n<\/tr>\n<tr class=\"row-13\">\n\t<td class=\"column-1\">37.<\/td><td class=\"column-2\"><strong>\u00bfNuevas Reformas Laborales? <\/strong><br \/>\nEduardo Rojo Torrecilla (enero 2002)<\/td>\n<\/tr>\n<tr class=\"row-14\">\n\t<td class=\"column-1\">34.<\/td><td class=\"column-2\"><strong>\u00bfLa exclusi\u00f3n en Euskadi? <\/strong><br \/>\nJos\u00e9 Manuel Vali\u00f1o (enero 2001)<\/td>\n<\/tr>\n<tr class=\"row-15\">\n\t<td class=\"column-1\">33.<\/td><td class=\"column-2\"><strong>\u00bfLa caridad pol\u0092\u00edtica: motor del compromiso social? <\/strong><br \/>\nArturo Garc\u00eda Lucio (septiembre 2000)<\/td>\n<\/tr>\n<tr class=\"row-16\">\n\t<td class=\"column-1\">32.<\/td><td class=\"column-2\"><strong>\u00bfEl discernimiento en las Mediaciones Pol\u00edticas? <\/strong><br \/>\nRom\u00e1n Bilbao (junio de 2000)<\/td>\n<\/tr>\n<tr class=\"row-17\">\n\t<td class=\"column-1\">31.<\/td><td class=\"column-2\"><strong>\u00bfCardijn. Cura en la clase obrera? <\/strong><br \/>\nSilvio Caretto (abril 2000)<\/td>\n<\/tr>\n<tr class=\"row-18\">\n\t<td class=\"column-1\">30.<\/td><td class=\"column-2\"><strong>\u00bfQu\u00e9 quieren los vascos? Razones de los nacionalistas? <\/strong><br \/>\nIgnacio Villota En euskera y castellano (enero 2000)<\/td>\n<\/tr>\n<tr class=\"row-19\">\n\t<td class=\"column-1\">27.<\/td><td class=\"column-2\"><strong>\u00bfDerechos sociales y democracia participativa? <\/strong><br \/>\nJ. R. Casta\u0096os (abril 1999)<\/td>\n<\/tr>\n<tr class=\"row-20\">\n\t<td class=\"column-1\">24.<\/td><td class=\"column-2\"><strong>\u00bfReflexiones sobre la reforma laboral? <\/strong><br \/>\nD. Pastoral Obrera. CEAS (enero 1998)<\/td>\n<\/tr>\n<tr class=\"row-21\">\n\t<td class=\"column-1\">22.<\/td><td class=\"column-2\"><strong>\u00bfMotivos para la misi\u00f3n en el mundo obrero? <\/strong><br \/>\nJulio Ciges Mar\u00edn (abril 1997)<\/td>\n<\/tr>\n<tr class=\"row-22\">\n\t<td class=\"column-1\">21.<\/td><td class=\"column-2\"><strong>\u00bf50 aniversario de la HOAC. Aportaciones de la HOAC al Mundo Obrero y a la Iglesia?. <\/strong><br \/>\nPaco Blanco, Joseba Segura (marzo 1997)<\/td>\n<\/tr>\n<tr class=\"row-23\">\n\t<td class=\"column-1\">19.<\/td><td class=\"column-2\"><strong>\u00bfReflexiones sobre el futuro del Sindicalismo? <\/strong><br \/>\nEduardo Rojo Torrecilla (septiembre 1996)<\/td>\n<\/tr>\n<tr class=\"row-24\">\n\t<td class=\"column-1\">18.<\/td><td class=\"column-2\"><strong>\u00bfHOAC- Bizkaia. 10 a\u00f1os al servicio de la evangelizaci\u00f3n del Mundo Obrero? <\/strong><br \/>\nRom\u00e1n Bilbao (mayo 1996)<\/td>\n<\/tr>\n<tr class=\"row-25\">\n\t<td class=\"column-1\">17.<\/td><td class=\"column-2\"><strong>\u00bfLa actividad y los sistemas econ\u00f3micos? <\/strong><br \/>\nLuis Gonz\u00e1lez Carvajal (mayo 1996)<\/td>\n<\/tr>\n<\/tbody>\n<\/table>\n[\/et_pb_code][\/et_pb_column][\/et_pb_row][\/et_pb_section]<\/p>\n","protected":false},"excerpt":{"rendered":"<p>Colecci\u00f3n YUNQUE Otros t\u00edtulos de la colecci\u00f3n\n<table id=\"tablepress-4-no-2\" class=\"tablepress tablepress-id-4 yunque\">\n<thead>\n<tr class=\"row-1\">\n\t<th class=\"column-1\" style=\"width:10%;\">N\u00ba<\/th><th class=\"column-2\" style=\"width:90%;\">TITULO - AUTOR- FECHA PUBLICACI\u00d3N<\/th>\n<\/tr>\n<\/thead>\n<tbody class=\"row-striping row-hover\">\n<tr class=\"row-2\">\n\t<td class=\"column-1\">49.<\/td><td class=\"column-2\"><strong>\"Con la mirada en los retos que el mundo del trabajo vive hoy. XX a\u0096os del Secretariado Diocesano de Pastoral Obrera\"<\/strong><\/td>\n<\/tr>\n<tr class=\"row-3\">\n\t<td class=\"column-1\">48.<\/td><td class=\"column-2\"><strong>\u00bfPrivatizar beneficios y socializar costes? La crisis, an\u00e1lisis \u00e9tico y aportaci\u00f3n de \"C\u00e1ritas in VEritate\"<\/strong><br \/>\nDe Ildefonso Camacho<\/td>\n<\/tr>\n<tr class=\"row-4\">\n\t<td class=\"column-1\">47.<\/td><td class=\"column-2\"><strong>\"24 preguntas ante la Crisis Econ\u00f3mica\"<\/strong><br \/>\nJoaqu\u00edn Arriola<\/td>\n<\/tr>\n<tr class=\"row-5\">\n\t<td class=\"column-1\">46.<\/td><td class=\"column-2\"><strong>\"Evangelizaci\u00f3n, Espiritualidad y Militancia en el Mundo Obrero\"<\/strong><\/td>\n<\/tr>\n<tr class=\"row-6\">\n\t<td class=\"column-1\">45.<\/td><td class=\"column-2\"><strong>\u00bfFormaci\u00f3n para la promoci\u00f3n de la Justicia?<\/strong><br \/>\nPedro Arrupe, S.J.\u00a0(marzo 2008)<\/td>\n<\/tr>\n<tr class=\"row-7\">\n\t<td class=\"column-1\">44.<\/td><td class=\"column-2\"><strong>\u00bfMiradas de los hombres y mujeres del mundo?<\/strong><\/td>\n<\/tr>\n<tr class=\"row-8\">\n\t<td class=\"column-1\">43.<\/td><td class=\"column-2\"><strong>\u00bfDesaf\u00edos de la Pastoral Obrera del siglo XXI. La promoci\u00f3n del mundo obrero? <\/strong><br \/>\nPablo Porcar (2005)<\/td>\n<\/tr>\n<tr class=\"row-9\">\n\t<td class=\"column-1\">42.<\/td><td class=\"column-2\"><strong>\u00bfPol\u00edtica social. La Crisis del Estado de Bienestar entre nosotros? <\/strong><br \/>\nAndr\u00e9s Aganzo (2004)<\/td>\n<\/tr>\n<tr class=\"row-10\">\n\t<td class=\"column-1\">41.<\/td><td class=\"column-2\"><strong>\u00bfBrechas del mundo obrero fragmentado y dividido? <\/strong><br \/>\nFrancisco J. P\u00e9rez (marzo 2004)<\/td>\n<\/tr>\n<tr class=\"row-11\">\n\t<td class=\"column-1\">40.<\/td><td class=\"column-2\"><strong>\u00bfAfganist\u00e1n: la frontera del fundamentalismo? <\/strong><br \/>\nJos\u00e9 Luis Villacorta (junio de 2002)<\/td>\n<\/tr>\n<tr class=\"row-12\">\n\t<td class=\"column-1\">38.<\/td><td class=\"column-2\"><strong>\u00bfGlobalizar la Solidaridad? <\/strong><br \/>\nSebasti\u00e1n Garc\u00eda Trujillo (febrero 2002)<\/td>\n<\/tr>\n<tr class=\"row-13\">\n\t<td class=\"column-1\">37.<\/td><td class=\"column-2\"><strong>\u00bfNuevas Reformas Laborales? <\/strong><br \/>\nEduardo Rojo Torrecilla (enero 2002)<\/td>\n<\/tr>\n<tr class=\"row-14\">\n\t<td class=\"column-1\">34.<\/td><td class=\"column-2\"><strong>\u00bfLa exclusi\u00f3n en Euskadi? <\/strong><br \/>\nJos\u00e9 Manuel Vali\u00f1o (enero 2001)<\/td>\n<\/tr>\n<tr class=\"row-15\">\n\t<td class=\"column-1\">33.<\/td><td class=\"column-2\"><strong>\u00bfLa caridad pol\u0092\u00edtica: motor del compromiso social? <\/strong><br \/>\nArturo Garc\u00eda Lucio (septiembre 2000)<\/td>\n<\/tr>\n<tr class=\"row-16\">\n\t<td class=\"column-1\">32.<\/td><td class=\"column-2\"><strong>\u00bfEl discernimiento en las Mediaciones Pol\u00edticas? <\/strong><br \/>\nRom\u00e1n Bilbao (junio de 2000)<\/td>\n<\/tr>\n<tr class=\"row-17\">\n\t<td class=\"column-1\">31.<\/td><td class=\"column-2\"><strong>\u00bfCardijn. Cura en la clase obrera? <\/strong><br \/>\nSilvio Caretto (abril 2000)<\/td>\n<\/tr>\n<tr class=\"row-18\">\n\t<td class=\"column-1\">30.<\/td><td class=\"column-2\"><strong>\u00bfQu\u00e9 quieren los vascos? Razones de los nacionalistas? <\/strong><br \/>\nIgnacio Villota En euskera y castellano (enero 2000)<\/td>\n<\/tr>\n<tr class=\"row-19\">\n\t<td class=\"column-1\">27.<\/td><td class=\"column-2\"><strong>\u00bfDerechos sociales y democracia participativa? <\/strong><br \/>\nJ. R. Casta\u0096os (abril 1999)<\/td>\n<\/tr>\n<tr class=\"row-20\">\n\t<td class=\"column-1\">24.<\/td><td class=\"column-2\"><strong>\u00bfReflexiones sobre la reforma laboral? <\/strong><br \/>\nD. Pastoral Obrera. CEAS (enero 1998)<\/td>\n<\/tr>\n<tr class=\"row-21\">\n\t<td class=\"column-1\">22.<\/td><td class=\"column-2\"><strong>\u00bfMotivos para la misi\u00f3n en el mundo obrero? <\/strong><br \/>\nJulio Ciges Mar\u00edn (abril 1997)<\/td>\n<\/tr>\n<tr class=\"row-22\">\n\t<td class=\"column-1\">21.<\/td><td class=\"column-2\"><strong>\u00bf50 aniversario de la HOAC. Aportaciones de la HOAC al Mundo Obrero y a la Iglesia?. <\/strong><br \/>\nPaco Blanco, Joseba Segura (marzo 1997)<\/td>\n<\/tr>\n<tr class=\"row-23\">\n\t<td class=\"column-1\">19.<\/td><td class=\"column-2\"><strong>\u00bfReflexiones sobre el futuro del Sindicalismo? <\/strong><br \/>\nEduardo Rojo Torrecilla (septiembre 1996)<\/td>\n<\/tr>\n<tr class=\"row-24\">\n\t<td class=\"column-1\">18.<\/td><td class=\"column-2\"><strong>\u00bfHOAC- Bizkaia. 10 a\u00f1os al servicio de la evangelizaci\u00f3n del Mundo Obrero? <\/strong><br \/>\nRom\u00e1n Bilbao (mayo 1996)<\/td>\n<\/tr>\n<tr class=\"row-25\">\n\t<td class=\"column-1\">17.<\/td><td class=\"column-2\"><strong>\u00bfLa actividad y los sistemas econ\u00f3micos? <\/strong><br \/>\nLuis Gonz\u00e1lez Carvajal (mayo 1996)<\/td>\n<\/tr>\n<\/tbody>\n<\/table>\n<\/p>\n","protected":false},"author":2,"featured_media":0,"parent":12874,"menu_order":0,"comment_status":"closed","ping_status":"closed","template":"","meta":{"_acf_changed":false,"_et_pb_use_builder":"on","_et_pb_old_content":"","_et_gb_content_width":"","footnotes":""},"class_list":["post-13106","page","type-page","status-publish","hentry"],"acf":[],"yoast_head":"<!-- This site is optimized with the Yoast SEO Premium plugin v27.2 (Yoast SEO v27.2) - https:\/\/yoast.com\/product\/yoast-seo-premium-wordpress\/ -->\n<title>N\u00fameros anteriores - Bilboko Elizbarrutia - Di\u00f3cesis de Bilbao<\/title>\n<meta name=\"robots\" content=\"index, follow, max-snippet:-1, max-image-preview:large, max-video-preview:-1\" \/>\n<link rel=\"canonical\" href=\"https:\/\/bizkeliza.org\/eu\/ebanjelizazinoa\/karidade-eta-zuzentasuna\/pastoral-arloak\/langile-pastoraltza\/numeros-anteriores-2\/\" \/>\n<meta property=\"og:locale\" content=\"eu_ES\" \/>\n<meta property=\"og:type\" content=\"article\" \/>\n<meta property=\"og:title\" content=\"N\u00fameros anteriores\" \/>\n<meta property=\"og:description\" content=\"Colecci\u00f3n YUNQUE Otros t\u00edtulos de la colecci\u00f3n\" \/>\n<meta property=\"og:url\" content=\"https:\/\/bizkeliza.org\/eu\/ebanjelizazinoa\/karidade-eta-zuzentasuna\/pastoral-arloak\/langile-pastoraltza\/numeros-anteriores-2\/\" \/>\n<meta property=\"og:site_name\" content=\"Bilboko Elizbarrutia - Di\u00f3cesis de Bilbao\" \/>\n<meta property=\"article:publisher\" content=\"https:\/\/www.facebook.com\/DiocesisBilbao\/\" \/>\n<meta property=\"article:modified_time\" content=\"2021-11-18T15:51:52+00:00\" \/>\n<meta property=\"og:image\" content=\"https:\/\/bizkeliza.org\/wp-content\/uploads\/2024\/01\/logoobispado2025.jpg\" \/>\n\t<meta property=\"og:image:width\" content=\"1399\" \/>\n\t<meta property=\"og:image:height\" content=\"495\" \/>\n\t<meta property=\"og:image:type\" content=\"image\/jpeg\" \/>\n<meta name=\"twitter:card\" content=\"summary_large_image\" \/>\n<meta name=\"twitter:site\" content=\"@DiocesisBilbao\" \/>\n<script type=\"application\/ld+json\" class=\"yoast-schema-graph\">{\"@context\":\"https:\/\/schema.org\",\"@graph\":[{\"@type\":\"WebPage\",\"@id\":\"https:\/\/bizkeliza.org\/eu\/ebanjelizazinoa\/karidade-eta-zuzentasuna\/pastoral-arloak\/langile-pastoraltza\/numeros-anteriores-2\/\",\"url\":\"https:\/\/bizkeliza.org\/eu\/ebanjelizazinoa\/karidade-eta-zuzentasuna\/pastoral-arloak\/langile-pastoraltza\/numeros-anteriores-2\/\",\"name\":\"N\u00fameros anteriores - Bilboko Elizbarrutia - Di\u00f3cesis de Bilbao\",\"isPartOf\":{\"@id\":\"https:\/\/bizkeliza.org\/eu\/#website\"},\"datePublished\":\"2021-11-18T15:51:51+00:00\",\"dateModified\":\"2021-11-18T15:51:52+00:00\",\"breadcrumb\":{\"@id\":\"https:\/\/bizkeliza.org\/eu\/ebanjelizazinoa\/karidade-eta-zuzentasuna\/pastoral-arloak\/langile-pastoraltza\/numeros-anteriores-2\/#breadcrumb\"},\"inLanguage\":\"eu-ES\",\"potentialAction\":[{\"@type\":\"ReadAction\",\"target\":[\"https:\/\/bizkeliza.org\/eu\/ebanjelizazinoa\/karidade-eta-zuzentasuna\/pastoral-arloak\/langile-pastoraltza\/numeros-anteriores-2\/\"]}]},{\"@type\":\"BreadcrumbList\",\"@id\":\"https:\/\/bizkeliza.org\/eu\/ebanjelizazinoa\/karidade-eta-zuzentasuna\/pastoral-arloak\/langile-pastoraltza\/numeros-anteriores-2\/#breadcrumb\",\"itemListElement\":[{\"@type\":\"ListItem\",\"position\":1,\"name\":\"Portada\",\"item\":\"https:\/\/bizkeliza.org\/eu\/\"},{\"@type\":\"ListItem\",\"position\":2,\"name\":\"Ebanjelizazinoa\",\"item\":\"https:\/\/bizkeliza.org\/eu\/evangelizacion\/\"},{\"@type\":\"ListItem\",\"position\":3,\"name\":\"Karidade eta Zuzentasuna\",\"item\":\"https:\/\/bizkeliza.org\/eu\/evangelizacion\/caridad-y-justicia\/\"},{\"@type\":\"ListItem\",\"position\":4,\"name\":\"Pastoral Arloak\",\"item\":\"https:\/\/bizkeliza.org\/eu\/evangelizacion\/caridad-y-justicia\/areas-pastorales\/\"},{\"@type\":\"ListItem\",\"position\":5,\"name\":\"Langile Pastoraltza\",\"item\":\"https:\/\/bizkeliza.org\/eu\/evangelizacion\/caridad-y-justicia\/areas-pastorales\/pastoral-obrera\/\"},{\"@type\":\"ListItem\",\"position\":6,\"name\":\"N\u00fameros anteriores\"}]},{\"@type\":\"WebSite\",\"@id\":\"https:\/\/bizkeliza.org\/eu\/#website\",\"url\":\"https:\/\/bizkeliza.org\/eu\/\",\"name\":\"Bilboko Elizbarrutia - Di\u00f3cesis de Bilbao\",\"description\":\"Di\u00f3cesis de Bilbao\",\"publisher\":{\"@id\":\"https:\/\/bizkeliza.org\/eu\/#organization\"},\"alternateName\":\"Di\u00f3cesis de Bilbao\",\"potentialAction\":[{\"@type\":\"SearchAction\",\"target\":{\"@type\":\"EntryPoint\",\"urlTemplate\":\"https:\/\/bizkeliza.org\/eu\/?s={search_term_string}\"},\"query-input\":{\"@type\":\"PropertyValueSpecification\",\"valueRequired\":true,\"valueName\":\"search_term_string\"}}],\"inLanguage\":\"eu-ES\"},{\"@type\":\"Organization\",\"@id\":\"https:\/\/bizkeliza.org\/eu\/#organization\",\"name\":\"Di\u00f3cesis de Bilbao\",\"alternateName\":\"Di\u00f3cesis de Bilbao\",\"url\":\"https:\/\/bizkeliza.org\/eu\/\",\"logo\":{\"@type\":\"ImageObject\",\"inLanguage\":\"eu-ES\",\"@id\":\"https:\/\/bizkeliza.org\/eu\/#\/schema\/logo\/image\/\",\"url\":\"https:\/\/bizkeliza.org\/wp-content\/uploads\/2022\/06\/Logo-nuevo_2024-1-scaled.jpg\",\"contentUrl\":\"https:\/\/bizkeliza.org\/wp-content\/uploads\/2022\/06\/Logo-nuevo_2024-1-scaled.jpg\",\"width\":2560,\"height\":1024,\"caption\":\"Di\u00f3cesis de Bilbao\"},\"image\":{\"@id\":\"https:\/\/bizkeliza.org\/eu\/#\/schema\/logo\/image\/\"},\"sameAs\":[\"https:\/\/www.facebook.com\/DiocesisBilbao\/\",\"https:\/\/x.com\/DiocesisBilbao\",\"https:\/\/www.instagram.com\/obispadobilbao\/\",\"https:\/\/www.youtube.com\/user\/bilbokoelizbarrutia\"],\"description\":\"Iglesia local de Bilbao perteneciente a la Iglesia Cat\u00f3lica\"}]}<\/script>\n<!-- \/ Yoast SEO Premium plugin. -->","yoast_head_json":{"title":"N\u00fameros anteriores - Bilboko Elizbarrutia - Di\u00f3cesis de Bilbao","robots":{"index":"index","follow":"follow","max-snippet":"max-snippet:-1","max-image-preview":"max-image-preview:large","max-video-preview":"max-video-preview:-1"},"canonical":"https:\/\/bizkeliza.org\/eu\/ebanjelizazinoa\/karidade-eta-zuzentasuna\/pastoral-arloak\/langile-pastoraltza\/numeros-anteriores-2\/","og_locale":"eu_ES","og_type":"article","og_title":"N\u00fameros anteriores","og_description":"Colecci\u00f3n YUNQUE Otros t\u00edtulos de la colecci\u00f3n","og_url":"https:\/\/bizkeliza.org\/eu\/ebanjelizazinoa\/karidade-eta-zuzentasuna\/pastoral-arloak\/langile-pastoraltza\/numeros-anteriores-2\/","og_site_name":"Bilboko Elizbarrutia - Di\u00f3cesis de Bilbao","article_publisher":"https:\/\/www.facebook.com\/DiocesisBilbao\/","article_modified_time":"2021-11-18T15:51:52+00:00","og_image":[{"width":1399,"height":495,"url":"https:\/\/bizkeliza.org\/wp-content\/uploads\/2024\/01\/logoobispado2025.jpg","type":"image\/jpeg"}],"twitter_card":"summary_large_image","twitter_site":"@DiocesisBilbao","schema":{"@context":"https:\/\/schema.org","@graph":[{"@type":"WebPage","@id":"https:\/\/bizkeliza.org\/eu\/ebanjelizazinoa\/karidade-eta-zuzentasuna\/pastoral-arloak\/langile-pastoraltza\/numeros-anteriores-2\/","url":"https:\/\/bizkeliza.org\/eu\/ebanjelizazinoa\/karidade-eta-zuzentasuna\/pastoral-arloak\/langile-pastoraltza\/numeros-anteriores-2\/","name":"N\u00fameros anteriores - Bilboko Elizbarrutia - Di\u00f3cesis de Bilbao","isPartOf":{"@id":"https:\/\/bizkeliza.org\/eu\/#website"},"datePublished":"2021-11-18T15:51:51+00:00","dateModified":"2021-11-18T15:51:52+00:00","breadcrumb":{"@id":"https:\/\/bizkeliza.org\/eu\/ebanjelizazinoa\/karidade-eta-zuzentasuna\/pastoral-arloak\/langile-pastoraltza\/numeros-anteriores-2\/#breadcrumb"},"inLanguage":"eu-ES","potentialAction":[{"@type":"ReadAction","target":["https:\/\/bizkeliza.org\/eu\/ebanjelizazinoa\/karidade-eta-zuzentasuna\/pastoral-arloak\/langile-pastoraltza\/numeros-anteriores-2\/"]}]},{"@type":"BreadcrumbList","@id":"https:\/\/bizkeliza.org\/eu\/ebanjelizazinoa\/karidade-eta-zuzentasuna\/pastoral-arloak\/langile-pastoraltza\/numeros-anteriores-2\/#breadcrumb","itemListElement":[{"@type":"ListItem","position":1,"name":"Portada","item":"https:\/\/bizkeliza.org\/eu\/"},{"@type":"ListItem","position":2,"name":"Ebanjelizazinoa","item":"https:\/\/bizkeliza.org\/eu\/evangelizacion\/"},{"@type":"ListItem","position":3,"name":"Karidade eta Zuzentasuna","item":"https:\/\/bizkeliza.org\/eu\/evangelizacion\/caridad-y-justicia\/"},{"@type":"ListItem","position":4,"name":"Pastoral Arloak","item":"https:\/\/bizkeliza.org\/eu\/evangelizacion\/caridad-y-justicia\/areas-pastorales\/"},{"@type":"ListItem","position":5,"name":"Langile Pastoraltza","item":"https:\/\/bizkeliza.org\/eu\/evangelizacion\/caridad-y-justicia\/areas-pastorales\/pastoral-obrera\/"},{"@type":"ListItem","position":6,"name":"N\u00fameros anteriores"}]},{"@type":"WebSite","@id":"https:\/\/bizkeliza.org\/eu\/#website","url":"https:\/\/bizkeliza.org\/eu\/","name":"Bilboko Elizbarrutia - Di\u00f3cesis de Bilbao","description":"Di\u00f3cesis de Bilbao","publisher":{"@id":"https:\/\/bizkeliza.org\/eu\/#organization"},"alternateName":"Di\u00f3cesis de Bilbao","potentialAction":[{"@type":"SearchAction","target":{"@type":"EntryPoint","urlTemplate":"https:\/\/bizkeliza.org\/eu\/?s={search_term_string}"},"query-input":{"@type":"PropertyValueSpecification","valueRequired":true,"valueName":"search_term_string"}}],"inLanguage":"eu-ES"},{"@type":"Organization","@id":"https:\/\/bizkeliza.org\/eu\/#organization","name":"Di\u00f3cesis de Bilbao","alternateName":"Di\u00f3cesis de Bilbao","url":"https:\/\/bizkeliza.org\/eu\/","logo":{"@type":"ImageObject","inLanguage":"eu-ES","@id":"https:\/\/bizkeliza.org\/eu\/#\/schema\/logo\/image\/","url":"https:\/\/bizkeliza.org\/wp-content\/uploads\/2022\/06\/Logo-nuevo_2024-1-scaled.jpg","contentUrl":"https:\/\/bizkeliza.org\/wp-content\/uploads\/2022\/06\/Logo-nuevo_2024-1-scaled.jpg","width":2560,"height":1024,"caption":"Di\u00f3cesis de Bilbao"},"image":{"@id":"https:\/\/bizkeliza.org\/eu\/#\/schema\/logo\/image\/"},"sameAs":["https:\/\/www.facebook.com\/DiocesisBilbao\/","https:\/\/x.com\/DiocesisBilbao","https:\/\/www.instagram.com\/obispadobilbao\/","https:\/\/www.youtube.com\/user\/bilbokoelizbarrutia"],"description":"Iglesia local de Bilbao perteneciente a la Iglesia Cat\u00f3lica"}]}},"_links":{"self":[{"href":"https:\/\/bizkeliza.org\/eu\/wp-json\/wp\/v2\/pages\/13106","targetHints":{"allow":["GET"]}}],"collection":[{"href":"https:\/\/bizkeliza.org\/eu\/wp-json\/wp\/v2\/pages"}],"about":[{"href":"https:\/\/bizkeliza.org\/eu\/wp-json\/wp\/v2\/types\/page"}],"author":[{"embeddable":true,"href":"https:\/\/bizkeliza.org\/eu\/wp-json\/wp\/v2\/users\/2"}],"replies":[{"embeddable":true,"href":"https:\/\/bizkeliza.org\/eu\/wp-json\/wp\/v2\/comments?post=13106"}],"version-history":[{"count":0,"href":"https:\/\/bizkeliza.org\/eu\/wp-json\/wp\/v2\/pages\/13106\/revisions"}],"up":[{"embeddable":true,"href":"https:\/\/bizkeliza.org\/eu\/wp-json\/wp\/v2\/pages\/12874"}],"wp:attachment":[{"href":"https:\/\/bizkeliza.org\/eu\/wp-json\/wp\/v2\/media?parent=13106"}],"curies":[{"name":"wp","href":"https:\/\/api.w.org\/{rel}","templated":true}]}}